{"id":5278,"date":"2021-04-02T23:34:25","date_gmt":"2021-04-02T23:34:25","guid":{"rendered":"https:\/\/bodega43.com\/?post_type=product&#038;p=5278"},"modified":"2024-07-30T12:40:54","modified_gmt":"2024-07-30T12:40:54","slug":"bodega4318c","status":"publish","type":"product","link":"https:\/\/bodega43.com\/de\/product\/b4318c\/","title":{"rendered":"B4318C Einbau-Weink\u00fchlschrank"},"content":{"rendered":"<h2><span style=\"font-weight: 400;\"><span style=\"vertical-align: inherit;\"><span style=\"vertical-align: inherit;\">Weink\u00fchlschrank f\u00fcr 18 Flaschen<\/span><\/span><\/span><\/h2>\n<p><span style=\"font-weight: 400;\"><span style=\"vertical-align: inherit;\"><span style=\"vertical-align: inherit;\">Das BODEGA43-18C wurde f\u00fcr den Einbau in eine Designerk\u00fcche entwickelt. <\/span><span style=\"vertical-align: inherit;\">. Dieser hochwertige Weink\u00fchlschrank fasst maximal 18 Flaschen Wein, die Sie zwischen 5-20\u00b0C lagern k\u00f6nnen. <\/span><span style=\"vertical-align: inherit;\">Die Vollglast\u00fcr ist mit einer UV-best\u00e4ndigen, braun get\u00f6nten Dreifachverglasung f\u00fcr zus\u00e4tzliche Isolierung, geringeren Energieverbrauch und besseren Schutz des Weins ausgestattet.<\/span><\/span><\/span><span style=\"font-weight: 400;\"><br \/>\n<\/span><\/p>\n<p><span style=\"font-weight: 400;\"><span style=\"vertical-align: inherit;\"><span style=\"vertical-align: inherit;\">Der B4318C ist sehr leise, mit nur 38dB, was die Ger\u00e4uschentwicklung auf ein Minimum reduziert. Er ist mit energieeffizienter Kompressortechnologie ausgestattet, die vibrationsfrei montiert ist, um ein m\u00f6glichst stabiles Klima in Ihrem Weink\u00fchlschrank zu schaffen. <\/span><\/span><\/span><span style=\"font-weight: 400;\"><span style=\"vertical-align: inherit;\"><span style=\"vertical-align: inherit;\">Die ausziehbaren Buchenholz-Schubladen und die blaue LED-Beleuchtung sorgen f\u00fcr einen romantischen Touch in Ihrer Einrichtung. <\/span><\/span><br \/>\n<\/span><span style=\"font-weight: 400;\"><span style=\"vertical-align: inherit;\"><span style=\"vertical-align: inherit;\">Der B4318C hat 1 Temperaturzone und die H\u00f6he eines kleinen Backofens. <\/span><span style=\"vertical-align: inherit;\">Das luxuri\u00f6se Design, in Kombination mit dem optimalen Schutz f\u00fcr den Wein, macht diesen kleinen Weink\u00fchlschrank zu einem der beliebtesten Modelle von BODEGA43.<\/span><\/span><\/span><\/p>","protected":false},"featured_media":5279,"template":"","yoast_head":"<!-- This site is optimized with the Yoast SEO plugin v22.2 - https:\/\/yoast.com\/wordpress\/plugins\/seo\/ -->\n<title>B4318C Inbouw wijnkoelkast - Hoogte van een kleine oven.<\/title>\n<meta name=\"description\" content=\"B4318C inbouw wijnkoelkast uitgerust met energiezuinige compressortechnologie. Zeer stille wijnkoelkast (slechts 38dB).\" \/>\n<meta name=\"robots\" content=\"index, follow, max-snippet:-1, max-image-preview:large, max-video-preview:-1\" \/>\n<link rel=\"canonical\" href=\"https:\/\/bodega43.com\/de\/product\/b4318c\/\" \/>\n<meta property=\"og:locale\" content=\"de_DE\" \/>\n<meta property=\"og:type\" content=\"article\" \/>\n<meta property=\"og:title\" content=\"B4318C Inbouw wijnkoelkast - Hoogte van een kleine oven.\" \/>\n<meta property=\"og:description\" content=\"B4318C inbouw wijnkoelkast uitgerust met energiezuinige compressortechnologie. Zeer stille wijnkoelkast (slechts 38dB).\" \/>\n<meta property=\"og:url\" content=\"https:\/\/bodega43.com\/de\/product\/b4318c\/\" \/>\n<meta property=\"og:site_name\" content=\"BODEGA43\" \/>\n<meta property=\"article:modified_time\" content=\"2024-07-30T12:40:54+00:00\" \/>\n<meta property=\"og:image\" content=\"https:\/\/bodega43.com\/app\/uploads\/2021\/04\/Inbouw-wijnkoelkast-18-flessen.jpg\" \/>\n\t<meta property=\"og:image:width\" content=\"800\" \/>\n\t<meta property=\"og:image:height\" content=\"646\" \/>\n\t<meta property=\"og:image:type\" content=\"image\/jpeg\" \/>\n<meta name=\"twitter:card\" content=\"summary_large_image\" \/>\n<meta name=\"twitter:label1\" content=\"Gesch\u00e4tzte Lesezeit\" \/>\n\t<meta name=\"twitter:data1\" content=\"1 Minute\" \/>\n<script type=\"application\/ld+json\" class=\"yoast-schema-graph\">{\"@context\":\"https:\/\/schema.org\",\"@graph\":[{\"@type\":\"WebPage\",\"@id\":\"https:\/\/bodega43.com\/product\/bodega4318c\/\",\"url\":\"https:\/\/bodega43.com\/product\/bodega4318c\/\",\"name\":\"B4318C Inbouw wijnkoelkast - Hoogte van een kleine oven.\",\"isPartOf\":{\"@id\":\"https:\/\/bodega43.com\/de\/#website\"},\"primaryImageOfPage\":{\"@id\":\"https:\/\/bodega43.com\/product\/bodega4318c\/#primaryimage\"},\"image\":{\"@id\":\"https:\/\/bodega43.com\/product\/bodega4318c\/#primaryimage\"},\"thumbnailUrl\":\"https:\/\/bodega43.com\/app\/uploads\/2021\/04\/Inbouw-wijnkoelkast-18-flessen.jpg\",\"datePublished\":\"2021-04-02T23:34:25+00:00\",\"dateModified\":\"2024-07-30T12:40:54+00:00\",\"description\":\"B4318C inbouw wijnkoelkast uitgerust met energiezuinige compressortechnologie. Zeer stille wijnkoelkast (slechts 38dB).\",\"breadcrumb\":{\"@id\":\"https:\/\/bodega43.com\/product\/bodega4318c\/#breadcrumb\"},\"inLanguage\":\"de-DE\",\"potentialAction\":[{\"@type\":\"ReadAction\",\"target\":[\"https:\/\/bodega43.com\/product\/bodega4318c\/\"]}]},{\"@type\":\"ImageObject\",\"inLanguage\":\"de-DE\",\"@id\":\"https:\/\/bodega43.com\/product\/bodega4318c\/#primaryimage\",\"url\":\"https:\/\/bodega43.com\/app\/uploads\/2021\/04\/Inbouw-wijnkoelkast-18-flessen.jpg\",\"contentUrl\":\"https:\/\/bodega43.com\/app\/uploads\/2021\/04\/Inbouw-wijnkoelkast-18-flessen.jpg\",\"width\":800,\"height\":646,\"caption\":\"Inbouw wijnkoelkast 18 flessen\"},{\"@type\":\"BreadcrumbList\",\"@id\":\"https:\/\/bodega43.com\/product\/bodega4318c\/#breadcrumb\",\"itemListElement\":[{\"@type\":\"ListItem\",\"position\":1,\"name\":\"Home\",\"item\":\"https:\/\/bodega43.com\/\"},{\"@type\":\"ListItem\",\"position\":2,\"name\":\"B4318C Inbouw wijnkoelkast\"}]},{\"@type\":\"WebSite\",\"@id\":\"https:\/\/bodega43.com\/de\/#website\",\"url\":\"https:\/\/bodega43.com\/de\/\",\"name\":\"BODEGA43\",\"description\":\"De beste kelder voor je wijnen\",\"potentialAction\":[{\"@type\":\"SearchAction\",\"target\":{\"@type\":\"EntryPoint\",\"urlTemplate\":\"https:\/\/bodega43.com\/de\/?s={search_term_string}\"},\"query-input\":\"required name=search_term_string\"}],\"inLanguage\":\"de-DE\"}]}<\/script>\n<!-- \/ Yoast SEO plugin. -->","yoast_head_json":{"title":"B4318C Inbouw wijnkoelkast - Hoogte van een kleine oven.","description":"B4318C inbouw wijnkoelkast uitgerust met energiezuinige compressortechnologie. Zeer stille wijnkoelkast (slechts 38dB).","robots":{"index":"index","follow":"follow","max-snippet":"max-snippet:-1","max-image-preview":"max-image-preview:large","max-video-preview":"max-video-preview:-1"},"canonical":"https:\/\/bodega43.com\/de\/product\/b4318c\/","og_locale":"de_DE","og_type":"article","og_title":"B4318C Inbouw wijnkoelkast - Hoogte van een kleine oven.","og_description":"B4318C inbouw wijnkoelkast uitgerust met energiezuinige compressortechnologie. Zeer stille wijnkoelkast (slechts 38dB).","og_url":"https:\/\/bodega43.com\/de\/product\/b4318c\/","og_site_name":"BODEGA43","article_modified_time":"2024-07-30T12:40:54+00:00","og_image":[{"width":800,"height":646,"url":"https:\/\/bodega43.com\/app\/uploads\/2021\/04\/Inbouw-wijnkoelkast-18-flessen.jpg","type":"image\/jpeg"}],"twitter_card":"summary_large_image","twitter_misc":{"Gesch\u00e4tzte Lesezeit":"1 Minute"},"schema":{"@context":"https:\/\/schema.org","@graph":[{"@type":"WebPage","@id":"https:\/\/bodega43.com\/product\/bodega4318c\/","url":"https:\/\/bodega43.com\/product\/bodega4318c\/","name":"B4318C Inbouw wijnkoelkast - Hoogte van een kleine oven.","isPartOf":{"@id":"https:\/\/bodega43.com\/de\/#website"},"primaryImageOfPage":{"@id":"https:\/\/bodega43.com\/product\/bodega4318c\/#primaryimage"},"image":{"@id":"https:\/\/bodega43.com\/product\/bodega4318c\/#primaryimage"},"thumbnailUrl":"https:\/\/bodega43.com\/app\/uploads\/2021\/04\/Inbouw-wijnkoelkast-18-flessen.jpg","datePublished":"2021-04-02T23:34:25+00:00","dateModified":"2024-07-30T12:40:54+00:00","description":"B4318C inbouw wijnkoelkast uitgerust met energiezuinige compressortechnologie. Zeer stille wijnkoelkast (slechts 38dB).","breadcrumb":{"@id":"https:\/\/bodega43.com\/product\/bodega4318c\/#breadcrumb"},"inLanguage":"de-DE","potentialAction":[{"@type":"ReadAction","target":["https:\/\/bodega43.com\/product\/bodega4318c\/"]}]},{"@type":"ImageObject","inLanguage":"de-DE","@id":"https:\/\/bodega43.com\/product\/bodega4318c\/#primaryimage","url":"https:\/\/bodega43.com\/app\/uploads\/2021\/04\/Inbouw-wijnkoelkast-18-flessen.jpg","contentUrl":"https:\/\/bodega43.com\/app\/uploads\/2021\/04\/Inbouw-wijnkoelkast-18-flessen.jpg","width":800,"height":646,"caption":"Inbouw wijnkoelkast 18 flessen"},{"@type":"BreadcrumbList","@id":"https:\/\/bodega43.com\/product\/bodega4318c\/#breadcrumb","itemListElement":[{"@type":"ListItem","position":1,"name":"Home","item":"https:\/\/bodega43.com\/"},{"@type":"ListItem","position":2,"name":"B4318C Inbouw wijnkoelkast"}]},{"@type":"WebSite","@id":"https:\/\/bodega43.com\/de\/#website","url":"https:\/\/bodega43.com\/de\/","name":"BODEGA43","description":"De beste kelder voor je wijnen","potentialAction":[{"@type":"SearchAction","target":{"@type":"EntryPoint","urlTemplate":"https:\/\/bodega43.com\/de\/?s={search_term_string}"},"query-input":"required name=search_term_string"}],"inLanguage":"de-DE"}]}},"_links":{"self":[{"href":"https:\/\/bodega43.com\/de\/wp-json\/wp\/v2\/product\/5278"}],"collection":[{"href":"https:\/\/bodega43.com\/de\/wp-json\/wp\/v2\/product"}],"about":[{"href":"https:\/\/bodega43.com\/de\/wp-json\/wp\/v2\/types\/product"}],"version-history":[{"count":29,"href":"https:\/\/bodega43.com\/de\/wp-json\/wp\/v2\/product\/5278\/revisions"}],"predecessor-version":[{"id":8586,"href":"https:\/\/bodega43.com\/de\/wp-json\/wp\/v2\/product\/5278\/revisions\/8586"}],"wp:featuredmedia":[{"embeddable":true,"href":"https:\/\/bodega43.com\/de\/wp-json\/wp\/v2\/media\/5279"}],"wp:attachment":[{"href":"https:\/\/bodega43.com\/de\/wp-json\/wp\/v2\/media?parent=5278"}],"curies":[{"name":"wp","href":"https:\/\/api.w.org\/{rel}","templated":true}]}}