{"id":5302,"date":"2021-04-03T10:19:25","date_gmt":"2021-04-03T10:19:25","guid":{"rendered":"https:\/\/bodega43.com\/?post_type=product&#038;p=5302"},"modified":"2026-02-19T15:30:06","modified_gmt":"2026-02-19T15:30:06","slug":"bodega4322","status":"publish","type":"product","link":"https:\/\/bodega43.com\/de\/product\/bodega4322\/","title":{"rendered":"B4322 Weinklimaschrank"},"content":{"rendered":"<h2><span style=\"font-weight: 400;\">Kleiner Weinklimaschrank f\u00fcr 22 Flaschen<\/span><\/h2>\n<p><span style=\"font-weight: 400;\">Der BODEGA43-22 ist ein sehr kompakter Weinklimaschrank mit einer gro\u00dfen Lagerkapazit\u00e4t von 22 Weinflaschen, die auf zwei Klimazonen verteilt sind. Dieser kleine Weinklimaschrank ist mit einer Heizfunktion f\u00fcr eine noch konstantere Temperatur ausgestattet. Die hohe Energieeffizienz des B4322 ist teilweise auf seine ECO-Funktion und die dreischichtige Vollglast\u00fcr mit braun get\u00f6ntem Glas zur\u00fcckzuf\u00fchren. Der UV-Filter bietet zus\u00e4tzlichen Schutz. Der BODEGA43-22 ist mit 5 Buchenholzregalen und blauer LED-Beleuchtung ausgestattet.<\/span><\/p>\n<p><span style=\"font-weight: 400;\">Eine Besonderheit des Designs des B4322 ist, dass Sie 4 Flaschen aufrecht aufbewahren k\u00f6nnen, ideal, um eine ge\u00f6ffnete Flasche auf der richtigen Temperatur zu halten. Vom B4322 aus k\u00f6nnen Sie sowohl Rot- als auch Wei\u00dfwein direkt bei jeder gew\u00fcnschten Temperatur zwischen 5 und 20 \u00b0 C servieren. Beide Klimazonen k\u00f6nnen \u00fcber 1 Bedienfeld gesteuert werden. Selbst wenn Sie Weine l\u00e4nger lagern m\u00f6chten, damit sich Geschmack und Aroma optimal entwickeln k\u00f6nnen, ist der B4322 eine ausgezeichnete Wahl, wenn Sie keinen Platz f\u00fcr einen gro\u00dfen Weinklimaschrank haben, aber dennoch die Funktionen und den Luxus eines echten BODEGA43 w\u00fcnschen. <\/span><span style=\"font-weight: 400;\">Vom B4322 aus k\u00f6nnen Sie sowohl Rot- als auch Wei\u00dfwein direkt bei jeder gew\u00fcnschten Temperatur zwischen 5 und 20 \u00b0 C servieren. Beide Klimazonen k\u00f6nnen \u00fcber 1 Bedienfeld gesteuert werden. <\/span><span style=\"font-weight: 400;\">Selbst wenn Sie Weine l\u00e4nger lagern m\u00f6chten, damit sich Geschmack und Aroma optimal entwickeln k\u00f6nnen, ist der B4322 eine ausgezeichnete Wahl, wenn Sie keinen Platz f\u00fcr einen gro\u00dfen Weinklimaschrank haben, aber dennoch die Funktionen und den Luxus eines echten BODEGA43 w\u00fcnschen.<\/span><\/p>","protected":false},"featured_media":5640,"template":"","yoast_head":"<!-- This site is optimized with the Yoast SEO plugin v22.2 - https:\/\/yoast.com\/wordpress\/plugins\/seo\/ -->\n<title>B4322 Kleine wijnklimaatkast\u00a0voor\u00a022\u00a0flessen - BODEGA43<\/title>\n<meta name=\"description\" content=\"De BODEGA4322 is een kleine wijnklimaatkast\u00a0geschikt voor\u00a022\u00a0flessen. Twee klimaatzones en voorzien van verwarmingsfunctie.\" \/>\n<meta name=\"robots\" content=\"index, follow, max-snippet:-1, max-image-preview:large, max-video-preview:-1\" \/>\n<link rel=\"canonical\" href=\"https:\/\/bodega43.com\/de\/product\/bodega4322\/\" \/>\n<meta property=\"og:locale\" content=\"de_DE\" \/>\n<meta property=\"og:type\" content=\"article\" \/>\n<meta property=\"og:title\" content=\"B4322 Kleine wijnklimaatkast\u00a0voor\u00a022\u00a0flessen - BODEGA43\" \/>\n<meta property=\"og:description\" content=\"De BODEGA4322 is een kleine wijnklimaatkast\u00a0geschikt voor\u00a022\u00a0flessen. Twee klimaatzones en voorzien van verwarmingsfunctie.\" \/>\n<meta property=\"og:url\" content=\"https:\/\/bodega43.com\/de\/product\/bodega4322\/\" \/>\n<meta property=\"og:site_name\" content=\"BODEGA43\" \/>\n<meta property=\"article:modified_time\" content=\"2026-02-19T15:30:06+00:00\" \/>\n<meta property=\"og:image\" content=\"https:\/\/bodega43.com\/app\/uploads\/2021\/04\/B4324-front-1-643x1024-1.png\" \/>\n\t<meta property=\"og:image:width\" content=\"643\" \/>\n\t<meta property=\"og:image:height\" content=\"1024\" \/>\n\t<meta property=\"og:image:type\" content=\"image\/png\" \/>\n<meta name=\"twitter:card\" content=\"summary_large_image\" \/>\n<meta name=\"twitter:label1\" content=\"Gesch\u00e4tzte Lesezeit\" \/>\n\t<meta name=\"twitter:data1\" content=\"2 Minuten\" \/>\n<script type=\"application\/ld+json\" class=\"yoast-schema-graph\">{\"@context\":\"https:\/\/schema.org\",\"@graph\":[{\"@type\":\"WebPage\",\"@id\":\"https:\/\/bodega43.com\/product\/bodega4322\/\",\"url\":\"https:\/\/bodega43.com\/product\/bodega4322\/\",\"name\":\"B4322 Kleine wijnklimaatkast\u00a0voor\u00a022\u00a0flessen - BODEGA43\",\"isPartOf\":{\"@id\":\"https:\/\/bodega43.com\/de\/#website\"},\"primaryImageOfPage\":{\"@id\":\"https:\/\/bodega43.com\/product\/bodega4322\/#primaryimage\"},\"image\":{\"@id\":\"https:\/\/bodega43.com\/product\/bodega4322\/#primaryimage\"},\"thumbnailUrl\":\"https:\/\/bodega43.com\/app\/uploads\/2021\/04\/B4324-front-1-643x1024-1.png\",\"datePublished\":\"2021-04-03T10:19:25+00:00\",\"dateModified\":\"2026-02-19T15:30:06+00:00\",\"description\":\"De BODEGA4322 is een kleine wijnklimaatkast\u00a0geschikt voor\u00a022\u00a0flessen. Twee klimaatzones en voorzien van verwarmingsfunctie.\",\"breadcrumb\":{\"@id\":\"https:\/\/bodega43.com\/product\/bodega4322\/#breadcrumb\"},\"inLanguage\":\"de-DE\",\"potentialAction\":[{\"@type\":\"ReadAction\",\"target\":[\"https:\/\/bodega43.com\/product\/bodega4322\/\"]}]},{\"@type\":\"ImageObject\",\"inLanguage\":\"de-DE\",\"@id\":\"https:\/\/bodega43.com\/product\/bodega4322\/#primaryimage\",\"url\":\"https:\/\/bodega43.com\/app\/uploads\/2021\/04\/B4324-front-1-643x1024-1.png\",\"contentUrl\":\"https:\/\/bodega43.com\/app\/uploads\/2021\/04\/B4324-front-1-643x1024-1.png\",\"width\":643,\"height\":1024},{\"@type\":\"BreadcrumbList\",\"@id\":\"https:\/\/bodega43.com\/product\/bodega4322\/#breadcrumb\",\"itemListElement\":[{\"@type\":\"ListItem\",\"position\":1,\"name\":\"Home\",\"item\":\"https:\/\/bodega43.com\/\"},{\"@type\":\"ListItem\",\"position\":2,\"name\":\"B4322 Wijnklimaatkast\"}]},{\"@type\":\"WebSite\",\"@id\":\"https:\/\/bodega43.com\/de\/#website\",\"url\":\"https:\/\/bodega43.com\/de\/\",\"name\":\"BODEGA43\",\"description\":\"De beste kelder voor je wijnen\",\"potentialAction\":[{\"@type\":\"SearchAction\",\"target\":{\"@type\":\"EntryPoint\",\"urlTemplate\":\"https:\/\/bodega43.com\/de\/?s={search_term_string}\"},\"query-input\":\"required name=search_term_string\"}],\"inLanguage\":\"de-DE\"}]}<\/script>\n<!-- \/ Yoast SEO plugin. -->","yoast_head_json":{"title":"B4322 Kleine wijnklimaatkast\u00a0voor\u00a022\u00a0flessen - BODEGA43","description":"De BODEGA4322 is een kleine wijnklimaatkast\u00a0geschikt voor\u00a022\u00a0flessen. Twee klimaatzones en voorzien van verwarmingsfunctie.","robots":{"index":"index","follow":"follow","max-snippet":"max-snippet:-1","max-image-preview":"max-image-preview:large","max-video-preview":"max-video-preview:-1"},"canonical":"https:\/\/bodega43.com\/de\/product\/bodega4322\/","og_locale":"de_DE","og_type":"article","og_title":"B4322 Kleine wijnklimaatkast\u00a0voor\u00a022\u00a0flessen - BODEGA43","og_description":"De BODEGA4322 is een kleine wijnklimaatkast\u00a0geschikt voor\u00a022\u00a0flessen. Twee klimaatzones en voorzien van verwarmingsfunctie.","og_url":"https:\/\/bodega43.com\/de\/product\/bodega4322\/","og_site_name":"BODEGA43","article_modified_time":"2026-02-19T15:30:06+00:00","og_image":[{"width":643,"height":1024,"url":"https:\/\/bodega43.com\/app\/uploads\/2021\/04\/B4324-front-1-643x1024-1.png","type":"image\/png"}],"twitter_card":"summary_large_image","twitter_misc":{"Gesch\u00e4tzte Lesezeit":"2 Minuten"},"schema":{"@context":"https:\/\/schema.org","@graph":[{"@type":"WebPage","@id":"https:\/\/bodega43.com\/product\/bodega4322\/","url":"https:\/\/bodega43.com\/product\/bodega4322\/","name":"B4322 Kleine wijnklimaatkast\u00a0voor\u00a022\u00a0flessen - BODEGA43","isPartOf":{"@id":"https:\/\/bodega43.com\/de\/#website"},"primaryImageOfPage":{"@id":"https:\/\/bodega43.com\/product\/bodega4322\/#primaryimage"},"image":{"@id":"https:\/\/bodega43.com\/product\/bodega4322\/#primaryimage"},"thumbnailUrl":"https:\/\/bodega43.com\/app\/uploads\/2021\/04\/B4324-front-1-643x1024-1.png","datePublished":"2021-04-03T10:19:25+00:00","dateModified":"2026-02-19T15:30:06+00:00","description":"De BODEGA4322 is een kleine wijnklimaatkast\u00a0geschikt voor\u00a022\u00a0flessen. Twee klimaatzones en voorzien van verwarmingsfunctie.","breadcrumb":{"@id":"https:\/\/bodega43.com\/product\/bodega4322\/#breadcrumb"},"inLanguage":"de-DE","potentialAction":[{"@type":"ReadAction","target":["https:\/\/bodega43.com\/product\/bodega4322\/"]}]},{"@type":"ImageObject","inLanguage":"de-DE","@id":"https:\/\/bodega43.com\/product\/bodega4322\/#primaryimage","url":"https:\/\/bodega43.com\/app\/uploads\/2021\/04\/B4324-front-1-643x1024-1.png","contentUrl":"https:\/\/bodega43.com\/app\/uploads\/2021\/04\/B4324-front-1-643x1024-1.png","width":643,"height":1024},{"@type":"BreadcrumbList","@id":"https:\/\/bodega43.com\/product\/bodega4322\/#breadcrumb","itemListElement":[{"@type":"ListItem","position":1,"name":"Home","item":"https:\/\/bodega43.com\/"},{"@type":"ListItem","position":2,"name":"B4322 Wijnklimaatkast"}]},{"@type":"WebSite","@id":"https:\/\/bodega43.com\/de\/#website","url":"https:\/\/bodega43.com\/de\/","name":"BODEGA43","description":"De beste kelder voor je wijnen","potentialAction":[{"@type":"SearchAction","target":{"@type":"EntryPoint","urlTemplate":"https:\/\/bodega43.com\/de\/?s={search_term_string}"},"query-input":"required name=search_term_string"}],"inLanguage":"de-DE"}]}},"_links":{"self":[{"href":"https:\/\/bodega43.com\/de\/wp-json\/wp\/v2\/product\/5302"}],"collection":[{"href":"https:\/\/bodega43.com\/de\/wp-json\/wp\/v2\/product"}],"about":[{"href":"https:\/\/bodega43.com\/de\/wp-json\/wp\/v2\/types\/product"}],"version-history":[{"count":25,"href":"https:\/\/bodega43.com\/de\/wp-json\/wp\/v2\/product\/5302\/revisions"}],"predecessor-version":[{"id":8637,"href":"https:\/\/bodega43.com\/de\/wp-json\/wp\/v2\/product\/5302\/revisions\/8637"}],"wp:featuredmedia":[{"embeddable":true,"href":"https:\/\/bodega43.com\/de\/wp-json\/wp\/v2\/media\/5640"}],"wp:attachment":[{"href":"https:\/\/bodega43.com\/de\/wp-json\/wp\/v2\/media?parent=5302"}],"curies":[{"name":"wp","href":"https:\/\/api.w.org\/{rel}","templated":true}]}}