{"id":6294,"date":"2021-06-17T12:43:39","date_gmt":"2021-06-17T12:43:39","guid":{"rendered":"https:\/\/bodega43.com\/?page_id=6294"},"modified":"2021-10-27T08:30:25","modified_gmt":"2021-10-27T08:30:25","slug":"look-feel-test-pagina","status":"publish","type":"page","link":"https:\/\/bodega43.com\/es\/look-feel-test-pagina\/","title":{"rendered":"Look feel test pagina"},"content":{"rendered":"<div data-elementor-type=\"wp-page\" data-elementor-id=\"6294\" data-post-id=\"6471\" data-obj-id=\"6471\" class=\"elementor elementor-6294 dce-elementor-post-6471\" data-elementor-settings=\"[]\">\n\t\t\t\t\t\t<div class=\"elementor-inner\">\n\t\t\t\t\t\t\t<div class=\"elementor-section-wrap\">\n\t\t\t\t\t\t\t<section class=\"elementor-section elementor-top-section elementor-element elementor-element-8e9a51a elementor-section-height-min-height elementor-section-boxed elementor-section-height-default elementor-section-items-middle\" data-id=\"8e9a51a\" data-element_type=\"section\" data-settings=\"{&quot;background_background&quot;:&quot;classic&quot;}\">\n\t\t\t\t\t\t\t<div class=\"elementor-background-overlay\"><\/div>\n\t\t\t\t\t\t\t<div class=\"elementor-container elementor-column-gap-default\">\n\t\t\t\t\t\t\t<div class=\"elementor-row\">\n\t\t\t\t\t<div class=\"elementor-column elementor-col-100 elementor-top-column elementor-element elementor-element-57b098c\" data-id=\"57b098c\" data-element_type=\"column\">\n\t\t\t<div class=\"elementor-column-wrap elementor-element-populated\">\n\t\t\t\t\t\t\t<div class=\"elementor-widget-wrap\">\n\t\t\t\t\t\t<div class=\"elementor-element elementor-element-59cc210 dce_masking-none elementor-widget elementor-widget-image\" data-id=\"59cc210\" data-element_type=\"widget\" data-widget_type=\"image.default\">\n\t\t\t\t<div class=\"elementor-widget-container\">\n\t\t\t\t\t\t\t\t<div class=\"elementor-image\">\n\t\t\t\t\t\t\t\t\t\t\t\t<img loading=\"lazy\" decoding=\"async\" width=\"1\" height=\"1\" src=\"https:\/\/bodega43.com\/app\/uploads\/2021\/03\/16-layers-1.svg\" class=\"attachment-large size-large\" alt=\"\" \/>\t\t\t\t\t\t\t\t\t\t\t\t\t\t<\/div>\n\t\t\t\t\t\t<\/div>\n\t\t\t\t<\/div>\n\t\t\t\t<div class=\"elementor-element elementor-element-b17f897 elementor-widget elementor-widget-heading\" data-id=\"b17f897\" data-element_type=\"widget\" data-widget_type=\"heading.default\">\n\t\t\t\t<div class=\"elementor-widget-container\">\n\t\t\t<div class=\"elementor-heading-title elementor-size-default\">Mir\u00e9 antes de experimentar<\/div>\t\t<\/div>\n\t\t\t\t<\/div>\n\t\t\t\t\t\t<\/div>\n\t\t\t\t\t<\/div>\n\t\t<\/div>\n\t\t\t\t\t\t\t\t<\/div>\n\t\t\t\t\t<\/div>\n\t\t<\/section>\n\t\t\t\t<section class=\"elementor-section elementor-top-section elementor-element elementor-element-3cf9c00 elementor-section-boxed elementor-section-height-default elementor-section-height-default\" data-id=\"3cf9c00\" data-element_type=\"section\">\n\t\t\t\t\t\t<div class=\"elementor-container elementor-column-gap-default\">\n\t\t\t\t\t\t\t<div class=\"elementor-row\">\n\t\t\t\t\t<div class=\"elementor-column elementor-col-100 elementor-top-column elementor-element elementor-element-9b0acc5\" data-id=\"9b0acc5\" data-element_type=\"column\">\n\t\t\t<div class=\"elementor-column-wrap elementor-element-populated\">\n\t\t\t\t\t\t\t<div class=\"elementor-widget-wrap\">\n\t\t\t\t\t\t<div class=\"elementor-element elementor-element-3267272 elementor-widget elementor-widget-heading\" data-id=\"3267272\" data-element_type=\"widget\" data-widget_type=\"heading.default\">\n\t\t\t\t<div class=\"elementor-widget-container\">\n\t\t\t<h2 class=\"elementor-heading-title elementor-size-default\">\u00bfQuieres experimentar un BODEGA43 de cerca antes de comprarlo?<\/h2>\t\t<\/div>\n\t\t\t\t<\/div>\n\t\t\t\t<div class=\"elementor-element elementor-element-cefd9ac elementor-widget elementor-widget-text-editor\" data-id=\"cefd9ac\" data-element_type=\"widget\" data-widget_type=\"text-editor.default\">\n\t\t\t\t<div class=\"elementor-widget-container\">\n\t\t\t\t\t\t\t\t<div class=\"elementor-text-editor elementor-clearfix\">\n\t\t\t\t<p>In Nederland vind je op diverse plaatsen wederverkopers waar je een BODEGA43 wijnklimaatkast kunt bekijken voordat je hem daadwerkelijk koopt. In onze showroom in Bunnik, nabij Utrecht, kun je alle modellen bekijken en ervaren, maar ook elders in het land kun je wijnklimaatkasten van BODEGA43 bekijken.<br \/>A continuaci\u00f3n encontrar\u00e1 una visi\u00f3n general de los modelos que puede ver y d\u00f3nde. Usted puede encargar su modelo deseado a trav\u00e9s de los distribuidores de BODEGA43.<\/p>\t\t\t\t\t<\/div>\n\t\t\t\t\t\t<\/div>\n\t\t\t\t<\/div>\n\t\t\t\t\t\t<\/div>\n\t\t\t\t\t<\/div>\n\t\t<\/div>\n\t\t\t\t\t\t\t\t<\/div>\n\t\t\t\t\t<\/div>\n\t\t<\/section>\n\t\t\t\t<section class=\"elementor-section elementor-top-section elementor-element elementor-element-eed7c7f elementor-section-boxed elementor-section-height-default elementor-section-height-default\" data-id=\"eed7c7f\" data-element_type=\"section\" data-settings=\"{&quot;background_background&quot;:&quot;classic&quot;}\">\n\t\t\t\t\t\t<div class=\"elementor-container elementor-column-gap-default\">\n\t\t\t\t\t\t\t<div class=\"elementor-row\">\n\t\t\t\t\t<div class=\"elementor-column elementor-col-100 elementor-top-column elementor-element elementor-element-8aa8421\" data-id=\"8aa8421\" data-element_type=\"column\" data-settings=\"{&quot;background_background&quot;:&quot;classic&quot;}\">\n\t\t\t<div class=\"elementor-column-wrap elementor-element-populated\">\n\t\t\t\t\t\t\t<div class=\"elementor-widget-wrap\">\n\t\t\t\t\t\t<section class=\"elementor-section elementor-inner-section elementor-element elementor-element-6698520 elementor-section-boxed elementor-section-height-default elementor-section-height-default\" data-id=\"6698520\" data-element_type=\"section\">\n\t\t\t\t\t\t<div class=\"elementor-container elementor-column-gap-default\">\n\t\t\t\t\t\t\t<div class=\"elementor-row\">\n\t\t\t\t\t<div class=\"elementor-column elementor-col-100 elementor-inner-column elementor-element elementor-element-f09e783\" data-id=\"f09e783\" data-element_type=\"column\" data-settings=\"{&quot;background_background&quot;:&quot;classic&quot;}\">\n\t\t\t<div class=\"elementor-column-wrap elementor-element-populated\">\n\t\t\t\t\t\t\t<div class=\"elementor-widget-wrap\">\n\t\t\t\t\t\t<div class=\"elementor-element elementor-element-0cf4153 elementor-widget elementor-widget-heading\" data-id=\"0cf4153\" data-element_type=\"widget\" data-widget_type=\"heading.default\">\n\t\t\t\t<div class=\"elementor-widget-container\">\n\t\t\t<h4 class=\"elementor-heading-title elementor-size-default\">Mantente informado sobre BODEGA43<\/h4>\t\t<\/div>\n\t\t\t\t<\/div>\n\t\t\t\t<div class=\"elementor-element elementor-element-6c8cf52 elementor-button-align-end knopform elementor-widget elementor-widget-form\" data-id=\"6c8cf52\" data-element_type=\"widget\" data-settings=\"{&quot;step_next_label&quot;:&quot;Next&quot;,&quot;step_previous_label&quot;:&quot;Previous&quot;,&quot;button_width&quot;:&quot;100&quot;,&quot;step_type&quot;:&quot;number_text&quot;,&quot;step_icon_shape&quot;:&quot;circle&quot;}\" data-widget_type=\"form.default\">\n\t\t\t\t<div class=\"elementor-widget-container\">\n\t\t\t\t\t<form class=\"elementor-form\" method=\"post\" name=\"New Form\" action=\"\">\n\t\t\t<input type=\"hidden\" name=\"post_id\" value=\"6294\"\/>\n\t\t\t<input type=\"hidden\" name=\"form_id\" value=\"6c8cf52\"\/>\n\t\t\t<input type=\"hidden\" name=\"referer_title\" value=\"BODEGA43\" \/>\n\n\t\t\t\n\t\t\t<div class=\"elementor-form-fields-wrapper elementor-labels-above\">\n\t\t\t\t\t\t\t\t<div class=\"elementor-field-type-text elementor-field-group elementor-column elementor-field-group-name elementor-col-100\">\n\t\t\t\t\t\t\t\t\t\t\t\t\t<input size=\"1\" type=\"text\" name=\"form_fields[name]\" id=\"form-field-name\" class=\"elementor-field elementor-size-sm  elementor-field-textual\" placeholder=\"Nombre\">\n\t\t\t\t\t\t\t\t\t\t\t<\/div>\n\t\t\t\t\t\t\t\t<div class=\"elementor-field-type-text elementor-field-group elementor-column elementor-field-group-field_8820489 elementor-col-100\">\n\t\t\t\t\t\t\t\t\t\t\t\t\t<input size=\"1\" type=\"text\" name=\"form_fields[field_8820489]\" id=\"form-field-field_8820489\" class=\"elementor-field elementor-size-sm  elementor-field-textual\" placeholder=\"Apellidos\">\n\t\t\t\t\t\t\t\t\t\t\t<\/div>\n\t\t\t\t\t\t\t\t<div class=\"elementor-field-type-email elementor-field-group elementor-column elementor-field-group-email elementor-col-100 elementor-field-required\">\n\t\t\t\t\t\t\t\t\t\t\t\t\t<input size=\"1\" type=\"email\" name=\"form_fields[email]\" id=\"form-field-email\" class=\"elementor-field elementor-size-sm  elementor-field-textual\" placeholder=\"Correo electronico\" required=\"required\" aria-required=\"true\">\n\t\t\t\t\t\t\t\t\t\t\t<\/div>\n\t\t\t\t\t\t\t\t<div class=\"elementor-field-type-recaptcha elementor-field-group elementor-column elementor-field-group-field_39675af elementor-col-100\">\n\t\t\t\t\t<div class=\"elementor-field\" id=\"form-field-field_39675af\"><div class=\"elementor-g-recaptcha\" data-sitekey=\"6LcDVPgcAAAAAJrrkESeXk9osIVOf3tJDoK7Kg1q\" data-type=\"v2_checkbox\" data-theme=\"light\" data-size=\"compact\"><\/div><\/div>\t\t\t\t<\/div>\n\t\t\t\t\t\t\t\t<div class=\"elementor-field-group elementor-column elementor-field-type-submit elementor-col-100 e-form__buttons\">\n\t\t\t\t\t<button type=\"submit\" class=\"elementor-button elementor-size-sm\">\n\t\t\t\t\t\t<span >\n\t\t\t\t\t\t\t\t\t\t\t\t\t\t\t<span class=\"elementor-button-icon\">\n\t\t\t\t\t\t\t\t\t\t\t\t\t\t\t\t\t\t\t\t\t\t\t\t\t\t<\/span>\n\t\t\t\t\t\t\t\t\t\t\t\t\t\t\t\t\t\t\t\t\t\t<span class=\"elementor-button-text\">Enviar<\/span>\n\t\t\t\t\t\t\t\t\t\t\t\t\t<\/span>\n\t\t\t\t\t<\/button>\n\t\t\t\t<\/div>\n\t\t\t<\/div>\n\t\t<input type=\"hidden\" name=\"trp-form-language\" value=\"es\"\/><\/form>\n\t\t\t\t<\/div>\n\t\t\t\t<\/div>\n\t\t\t\t\t\t<\/div>\n\t\t\t\t\t<\/div>\n\t\t<\/div>\n\t\t\t\t\t\t\t\t<\/div>\n\t\t\t\t\t<\/div>\n\t\t<\/section>\n\t\t\t\t\t\t<\/div>\n\t\t\t\t\t<\/div>\n\t\t<\/div>\n\t\t\t\t\t\t\t\t<\/div>\n\t\t\t\t\t<\/div>\n\t\t<\/section>\n\t\t\t\t\t\t<\/div>\n\t\t\t\t\t\t<\/div>\n\t\t\t\t\t<\/div>","protected":false},"excerpt":{"rendered":"<p>Bekijk voordat je ervaart Wil je voordat je koopt eerst een BODEGA43 van dichtbij ervaren? In Nederland vind je op diverse plaatsen wederverkopers waar je een BODEGA43 wijnklimaatkast kunt bekijken voordat je hem daadwerkelijk koopt. In onze showroom in Bunnik, nabij Utrecht, kun je alle modellen bekijken en ervaren, maar ook elders in het land [&hellip;]<\/p>","protected":false},"author":3,"featured_media":0,"parent":0,"menu_order":0,"comment_status":"closed","ping_status":"closed","template":"elementor_header_footer","meta":{"inline_featured_image":false,"footnotes":""},"yoast_head":"<!-- This site is optimized with the Yoast SEO plugin v22.2 - https:\/\/yoast.com\/wordpress\/plugins\/seo\/ -->\n<title>Look feel test pagina - BODEGA43<\/title>\n<meta name=\"robots\" content=\"index, follow, max-snippet:-1, max-image-preview:large, max-video-preview:-1\" \/>\n<link rel=\"canonical\" href=\"https:\/\/bodega43.com\/es\/look-feel-test-pagina\/\" \/>\n<meta property=\"og:locale\" content=\"es_ES\" \/>\n<meta property=\"og:type\" content=\"article\" \/>\n<meta property=\"og:title\" content=\"Look feel test pagina - BODEGA43\" \/>\n<meta property=\"og:description\" content=\"Bekijk voordat je ervaart Wil je voordat je koopt eerst een BODEGA43 van dichtbij ervaren? In Nederland vind je op diverse plaatsen wederverkopers waar je een BODEGA43 wijnklimaatkast kunt bekijken voordat je hem daadwerkelijk koopt. In onze showroom in Bunnik, nabij Utrecht, kun je alle modellen bekijken en ervaren, maar ook elders in het land [&hellip;]\" \/>\n<meta property=\"og:url\" content=\"https:\/\/bodega43.com\/es\/look-feel-test-pagina\/\" \/>\n<meta property=\"og:site_name\" content=\"BODEGA43\" \/>\n<meta property=\"article:modified_time\" content=\"2021-10-27T08:30:25+00:00\" \/>\n<meta property=\"og:image\" content=\"https:\/\/bodega43.com\/wp-content\/uploads\/2021\/03\/16-layers-1.svg\" \/>\n<meta name=\"twitter:card\" content=\"summary_large_image\" \/>\n<meta name=\"twitter:label1\" content=\"Tiempo de lectura\" \/>\n\t<meta name=\"twitter:data1\" content=\"23 minutos\" \/>\n<script type=\"application\/ld+json\" class=\"yoast-schema-graph\">{\"@context\":\"https:\/\/schema.org\",\"@graph\":[{\"@type\":\"WebPage\",\"@id\":\"https:\/\/bodega43.com\/es\/look-feel-test-pagina\/\",\"url\":\"https:\/\/bodega43.com\/es\/look-feel-test-pagina\/\",\"name\":\"Look feel test pagina - BODEGA43\",\"isPartOf\":{\"@id\":\"https:\/\/bodega43.com\/de\/#website\"},\"primaryImageOfPage\":{\"@id\":\"https:\/\/bodega43.com\/es\/look-feel-test-pagina\/#primaryimage\"},\"image\":{\"@id\":\"https:\/\/bodega43.com\/es\/look-feel-test-pagina\/#primaryimage\"},\"thumbnailUrl\":\"https:\/\/bodega43.com\/wp-content\/uploads\/2021\/03\/16-layers-1.svg\",\"datePublished\":\"2021-06-17T12:43:39+00:00\",\"dateModified\":\"2021-10-27T08:30:25+00:00\",\"breadcrumb\":{\"@id\":\"https:\/\/bodega43.com\/es\/look-feel-test-pagina\/#breadcrumb\"},\"inLanguage\":\"es\",\"potentialAction\":[{\"@type\":\"ReadAction\",\"target\":[\"https:\/\/bodega43.com\/es\/look-feel-test-pagina\/\"]}]},{\"@type\":\"ImageObject\",\"inLanguage\":\"es\",\"@id\":\"https:\/\/bodega43.com\/es\/look-feel-test-pagina\/#primaryimage\",\"url\":\"https:\/\/bodega43.com\/app\/uploads\/2021\/03\/16-layers-1.svg\",\"contentUrl\":\"https:\/\/bodega43.com\/app\/uploads\/2021\/03\/16-layers-1.svg\"},{\"@type\":\"BreadcrumbList\",\"@id\":\"https:\/\/bodega43.com\/es\/look-feel-test-pagina\/#breadcrumb\",\"itemListElement\":[{\"@type\":\"ListItem\",\"position\":1,\"name\":\"Home\",\"item\":\"https:\/\/bodega43.com\/\"},{\"@type\":\"ListItem\",\"position\":2,\"name\":\"Look feel test pagina\"}]},{\"@type\":\"WebSite\",\"@id\":\"https:\/\/bodega43.com\/de\/#website\",\"url\":\"https:\/\/bodega43.com\/de\/\",\"name\":\"BODEGA43\",\"description\":\"De beste kelder voor je wijnen\",\"potentialAction\":[{\"@type\":\"SearchAction\",\"target\":{\"@type\":\"EntryPoint\",\"urlTemplate\":\"https:\/\/bodega43.com\/de\/?s={search_term_string}\"},\"query-input\":\"required name=search_term_string\"}],\"inLanguage\":\"es\"}]}<\/script>\n<!-- \/ Yoast SEO plugin. -->","yoast_head_json":{"title":"Look feel test pagina - BODEGA43","robots":{"index":"index","follow":"follow","max-snippet":"max-snippet:-1","max-image-preview":"max-image-preview:large","max-video-preview":"max-video-preview:-1"},"canonical":"https:\/\/bodega43.com\/es\/look-feel-test-pagina\/","og_locale":"es_ES","og_type":"article","og_title":"Look feel test pagina - BODEGA43","og_description":"Bekijk voordat je ervaart Wil je voordat je koopt eerst een BODEGA43 van dichtbij ervaren? In Nederland vind je op diverse plaatsen wederverkopers waar je een BODEGA43 wijnklimaatkast kunt bekijken voordat je hem daadwerkelijk koopt. In onze showroom in Bunnik, nabij Utrecht, kun je alle modellen bekijken en ervaren, maar ook elders in het land [&hellip;]","og_url":"https:\/\/bodega43.com\/es\/look-feel-test-pagina\/","og_site_name":"BODEGA43","article_modified_time":"2021-10-27T08:30:25+00:00","og_image":[{"url":"https:\/\/bodega43.com\/wp-content\/uploads\/2021\/03\/16-layers-1.svg"}],"twitter_card":"summary_large_image","twitter_misc":{"Tiempo de lectura":"23 minutos"},"schema":{"@context":"https:\/\/schema.org","@graph":[{"@type":"WebPage","@id":"https:\/\/bodega43.com\/es\/look-feel-test-pagina\/","url":"https:\/\/bodega43.com\/es\/look-feel-test-pagina\/","name":"Look feel test pagina - BODEGA43","isPartOf":{"@id":"https:\/\/bodega43.com\/de\/#website"},"primaryImageOfPage":{"@id":"https:\/\/bodega43.com\/es\/look-feel-test-pagina\/#primaryimage"},"image":{"@id":"https:\/\/bodega43.com\/es\/look-feel-test-pagina\/#primaryimage"},"thumbnailUrl":"https:\/\/bodega43.com\/wp-content\/uploads\/2021\/03\/16-layers-1.svg","datePublished":"2021-06-17T12:43:39+00:00","dateModified":"2021-10-27T08:30:25+00:00","breadcrumb":{"@id":"https:\/\/bodega43.com\/es\/look-feel-test-pagina\/#breadcrumb"},"inLanguage":"es","potentialAction":[{"@type":"ReadAction","target":["https:\/\/bodega43.com\/es\/look-feel-test-pagina\/"]}]},{"@type":"ImageObject","inLanguage":"es","@id":"https:\/\/bodega43.com\/es\/look-feel-test-pagina\/#primaryimage","url":"https:\/\/bodega43.com\/app\/uploads\/2021\/03\/16-layers-1.svg","contentUrl":"https:\/\/bodega43.com\/app\/uploads\/2021\/03\/16-layers-1.svg"},{"@type":"BreadcrumbList","@id":"https:\/\/bodega43.com\/es\/look-feel-test-pagina\/#breadcrumb","itemListElement":[{"@type":"ListItem","position":1,"name":"Home","item":"https:\/\/bodega43.com\/"},{"@type":"ListItem","position":2,"name":"Look feel test pagina"}]},{"@type":"WebSite","@id":"https:\/\/bodega43.com\/de\/#website","url":"https:\/\/bodega43.com\/de\/","name":"BODEGA43","description":"De beste kelder voor je wijnen","potentialAction":[{"@type":"SearchAction","target":{"@type":"EntryPoint","urlTemplate":"https:\/\/bodega43.com\/de\/?s={search_term_string}"},"query-input":"required name=search_term_string"}],"inLanguage":"es"}]}},"_links":{"self":[{"href":"https:\/\/bodega43.com\/es\/wp-json\/wp\/v2\/pages\/6294"}],"collection":[{"href":"https:\/\/bodega43.com\/es\/wp-json\/wp\/v2\/pages"}],"about":[{"href":"https:\/\/bodega43.com\/es\/wp-json\/wp\/v2\/types\/page"}],"author":[{"embeddable":true,"href":"https:\/\/bodega43.com\/es\/wp-json\/wp\/v2\/users\/3"}],"replies":[{"embeddable":true,"href":"https:\/\/bodega43.com\/es\/wp-json\/wp\/v2\/comments?post=6294"}],"version-history":[{"count":67,"href":"https:\/\/bodega43.com\/es\/wp-json\/wp\/v2\/pages\/6294\/revisions"}],"predecessor-version":[{"id":7325,"href":"https:\/\/bodega43.com\/es\/wp-json\/wp\/v2\/pages\/6294\/revisions\/7325"}],"wp:attachment":[{"href":"https:\/\/bodega43.com\/es\/wp-json\/wp\/v2\/media?parent=6294"}],"curies":[{"name":"wp","href":"https:\/\/api.w.org\/{rel}","templated":true}]}}