{"id":6397,"date":"2021-06-18T10:24:52","date_gmt":"2021-06-18T10:24:52","guid":{"rendered":"https:\/\/bodega43.com\/?page_id=6397"},"modified":"2021-10-27T08:29:49","modified_gmt":"2021-10-27T08:29:49","slug":"winkels-test-pagina","status":"publish","type":"page","link":"https:\/\/bodega43.com\/es\/winkels-test-pagina\/","title":{"rendered":"Winkels test pagina"},"content":{"rendered":"<div data-elementor-type=\"wp-page\" data-elementor-id=\"6397\" data-post-id=\"6460\" data-obj-id=\"6460\" class=\"elementor elementor-6397 dce-elementor-post-6460\" data-elementor-settings=\"[]\">\n\t\t\t\t\t\t<div class=\"elementor-inner\">\n\t\t\t\t\t\t\t<div class=\"elementor-section-wrap\">\n\t\t\t\t\t\t\t<section class=\"elementor-section elementor-top-section elementor-element elementor-element-c08c668 elementor-section-height-min-height elementor-section-boxed elementor-section-height-default elementor-section-items-middle\" data-id=\"c08c668\" data-element_type=\"section\" data-settings=\"{&quot;background_background&quot;:&quot;classic&quot;}\">\n\t\t\t\t\t\t<div class=\"elementor-container elementor-column-gap-default\">\n\t\t\t\t\t\t\t<div class=\"elementor-row\">\n\t\t\t\t\t<div class=\"elementor-column elementor-col-100 elementor-top-column elementor-element elementor-element-4eeebab\" data-id=\"4eeebab\" data-element_type=\"column\">\n\t\t\t<div class=\"elementor-column-wrap elementor-element-populated\">\n\t\t\t\t\t\t\t<div class=\"elementor-widget-wrap\">\n\t\t\t\t\t\t<div class=\"elementor-element elementor-element-c56a9a9 dce_masking-none elementor-widget elementor-widget-image\" data-id=\"c56a9a9\" data-element_type=\"widget\" data-widget_type=\"image.default\">\n\t\t\t\t<div class=\"elementor-widget-container\">\n\t\t\t\t\t\t\t\t<div class=\"elementor-image\">\n\t\t\t\t\t\t\t\t\t\t\t\t<img loading=\"lazy\" decoding=\"async\" width=\"1\" height=\"1\" src=\"https:\/\/bodega43.com\/app\/uploads\/2021\/03\/16-layers-1.svg\" class=\"attachment-large size-large\" alt=\"\" \/>\t\t\t\t\t\t\t\t\t\t\t\t\t\t<\/div>\n\t\t\t\t\t\t<\/div>\n\t\t\t\t<\/div>\n\t\t\t\t<div class=\"elementor-element elementor-element-87c5de1 elementor-widget elementor-widget-heading\" data-id=\"87c5de1\" data-element_type=\"widget\" data-widget_type=\"heading.default\">\n\t\t\t\t<div class=\"elementor-widget-container\">\n\t\t\t<div class=\"elementor-heading-title elementor-size-default\">Tiendas<\/div>\t\t<\/div>\n\t\t\t\t<\/div>\n\t\t\t\t\t\t<\/div>\n\t\t\t\t\t<\/div>\n\t\t<\/div>\n\t\t\t\t\t\t\t\t<\/div>\n\t\t\t\t\t<\/div>\n\t\t<\/section>\n\t\t\t\t<section class=\"elementor-section elementor-top-section elementor-element elementor-element-ccc99a5 elementor-section-boxed elementor-section-height-default elementor-section-height-default\" data-id=\"ccc99a5\" data-element_type=\"section\" data-settings=\"{&quot;background_background&quot;:&quot;classic&quot;}\">\n\t\t\t\t\t\t<div class=\"elementor-container elementor-column-gap-default\">\n\t\t\t\t\t\t\t<div class=\"elementor-row\">\n\t\t\t\t\t<div class=\"elementor-column elementor-col-100 elementor-top-column elementor-element elementor-element-024d1d5\" data-id=\"024d1d5\" data-element_type=\"column\">\n\t\t\t<div class=\"elementor-column-wrap elementor-element-populated\">\n\t\t\t\t\t\t\t<div class=\"elementor-widget-wrap\">\n\t\t\t\t\t\t<div class=\"elementor-element elementor-element-7665377 elementor-widget elementor-widget-heading\" data-id=\"7665377\" data-element_type=\"widget\" data-widget_type=\"heading.default\">\n\t\t\t\t<div class=\"elementor-widget-container\">\n\t\t\t<h2 class=\"elementor-heading-title elementor-size-default\">BODEGA43 est\u00e1 a la venta en las siguientes tiendas<\/h2>\t\t<\/div>\n\t\t\t\t<\/div>\n\t\t\t\t<div class=\"elementor-element elementor-element-aa26a3b elementor-widget elementor-widget-text-editor\" data-id=\"aa26a3b\" data-element_type=\"widget\" data-widget_type=\"text-editor.default\">\n\t\t\t\t<div class=\"elementor-widget-container\">\n\t\t\t\t\t\t\t\t<div class=\"elementor-text-editor elementor-clearfix\">\n\t\t\t\t<p>Puede solicitar una vinoteca de BODEGA43 a trav\u00e9s de su propio proveedor de vino. Si su proveedor de vino no figura en la lista a continuaci\u00f3n, pero a\u00fan as\u00ed desea realizar un pedido a trav\u00e9s de su direcci\u00f3n de confianza, env\u00ede un correo electr\u00f3nico a info@bodega43.com con el proveedor de su elecci\u00f3n. <br \/>A continuaci\u00f3n, nos pondremos en contacto con su proveedor de vino para poder suministrarle una vitrina clim\u00e1tica para vinos BODEGA43.<\/p>\t\t\t\t\t<\/div>\n\t\t\t\t\t\t<\/div>\n\t\t\t\t<\/div>\n\t\t\t\t\t\t<\/div>\n\t\t\t\t\t<\/div>\n\t\t<\/div>\n\t\t\t\t\t\t\t\t<\/div>\n\t\t\t\t\t<\/div>\n\t\t<\/section>\n\t\t\t\t<section class=\"elementor-section elementor-top-section elementor-element elementor-element-c7d6ce9 elementor-section-boxed elementor-section-height-default elementor-section-height-default\" data-id=\"c7d6ce9\" data-element_type=\"section\" data-settings=\"{&quot;background_background&quot;:&quot;classic&quot;}\">\n\t\t\t\t\t\t<div class=\"elementor-container elementor-column-gap-default\">\n\t\t\t\t\t\t\t<div class=\"elementor-row\">\n\t\t\t\t\t<div class=\"elementor-column elementor-col-100 elementor-top-column elementor-element elementor-element-8d98a72\" data-id=\"8d98a72\" data-element_type=\"column\" data-settings=\"{&quot;background_background&quot;:&quot;classic&quot;}\">\n\t\t\t<div class=\"elementor-column-wrap elementor-element-populated\">\n\t\t\t\t\t\t\t<div class=\"elementor-widget-wrap\">\n\t\t\t\t\t\t<section class=\"elementor-section elementor-inner-section elementor-element elementor-element-1069a8b elementor-section-boxed elementor-section-height-default elementor-section-height-default\" data-id=\"1069a8b\" data-element_type=\"section\">\n\t\t\t\t\t\t<div class=\"elementor-container elementor-column-gap-default\">\n\t\t\t\t\t\t\t<div class=\"elementor-row\">\n\t\t\t\t\t<div class=\"elementor-column elementor-col-100 elementor-inner-column elementor-element elementor-element-5447039\" data-id=\"5447039\" data-element_type=\"column\" data-settings=\"{&quot;background_background&quot;:&quot;classic&quot;}\">\n\t\t\t<div class=\"elementor-column-wrap elementor-element-populated\">\n\t\t\t\t\t\t\t<div class=\"elementor-widget-wrap\">\n\t\t\t\t\t\t<div class=\"elementor-element elementor-element-3c8086f elementor-widget elementor-widget-heading\" data-id=\"3c8086f\" data-element_type=\"widget\" data-widget_type=\"heading.default\">\n\t\t\t\t<div class=\"elementor-widget-container\">\n\t\t\t<h4 class=\"elementor-heading-title elementor-size-default\">Mantente informado sobre BODEGA43<\/h4>\t\t<\/div>\n\t\t\t\t<\/div>\n\t\t\t\t<div class=\"elementor-element elementor-element-cdb0ef4 elementor-button-align-end knopform elementor-widget elementor-widget-form\" data-id=\"cdb0ef4\" data-element_type=\"widget\" data-settings=\"{&quot;step_next_label&quot;:&quot;Next&quot;,&quot;step_previous_label&quot;:&quot;Previous&quot;,&quot;button_width&quot;:&quot;100&quot;,&quot;step_type&quot;:&quot;number_text&quot;,&quot;step_icon_shape&quot;:&quot;circle&quot;}\" data-widget_type=\"form.default\">\n\t\t\t\t<div class=\"elementor-widget-container\">\n\t\t\t\t\t<form class=\"elementor-form\" method=\"post\" name=\"New Form\" action=\"\">\n\t\t\t<input type=\"hidden\" name=\"post_id\" value=\"6397\"\/>\n\t\t\t<input type=\"hidden\" name=\"form_id\" value=\"cdb0ef4\"\/>\n\t\t\t<input type=\"hidden\" name=\"referer_title\" value=\"BODEGA43\" \/>\n\n\t\t\t\n\t\t\t<div class=\"elementor-form-fields-wrapper elementor-labels-above\">\n\t\t\t\t\t\t\t\t<div class=\"elementor-field-type-text elementor-field-group elementor-column elementor-field-group-name elementor-col-100\">\n\t\t\t\t\t\t\t\t\t\t\t\t\t<input size=\"1\" type=\"text\" name=\"form_fields[name]\" id=\"form-field-name\" class=\"elementor-field elementor-size-sm  elementor-field-textual\" placeholder=\"Nombre\">\n\t\t\t\t\t\t\t\t\t\t\t<\/div>\n\t\t\t\t\t\t\t\t<div class=\"elementor-field-type-text elementor-field-group elementor-column elementor-field-group-field_8820489 elementor-col-100\">\n\t\t\t\t\t\t\t\t\t\t\t\t\t<input size=\"1\" type=\"text\" name=\"form_fields[field_8820489]\" id=\"form-field-field_8820489\" class=\"elementor-field elementor-size-sm  elementor-field-textual\" placeholder=\"Apellidos\">\n\t\t\t\t\t\t\t\t\t\t\t<\/div>\n\t\t\t\t\t\t\t\t<div class=\"elementor-field-type-email elementor-field-group elementor-column elementor-field-group-email elementor-col-100 elementor-field-required\">\n\t\t\t\t\t\t\t\t\t\t\t\t\t<input size=\"1\" type=\"email\" name=\"form_fields[email]\" id=\"form-field-email\" class=\"elementor-field elementor-size-sm  elementor-field-textual\" placeholder=\"Correo electronico\" required=\"required\" aria-required=\"true\">\n\t\t\t\t\t\t\t\t\t\t\t<\/div>\n\t\t\t\t\t\t\t\t<div class=\"elementor-field-type-recaptcha elementor-field-group elementor-column elementor-field-group-field_39675af elementor-col-100\">\n\t\t\t\t\t<div class=\"elementor-field\" id=\"form-field-field_39675af\"><div class=\"elementor-g-recaptcha\" data-sitekey=\"6LcDVPgcAAAAAJrrkESeXk9osIVOf3tJDoK7Kg1q\" data-type=\"v2_checkbox\" data-theme=\"light\" data-size=\"compact\"><\/div><\/div>\t\t\t\t<\/div>\n\t\t\t\t\t\t\t\t<div class=\"elementor-field-group elementor-column elementor-field-type-submit elementor-col-100 e-form__buttons\">\n\t\t\t\t\t<button type=\"submit\" class=\"elementor-button elementor-size-sm\">\n\t\t\t\t\t\t<span >\n\t\t\t\t\t\t\t\t\t\t\t\t\t\t\t<span class=\"elementor-button-icon\">\n\t\t\t\t\t\t\t\t\t\t\t\t\t\t\t\t\t\t\t\t\t\t\t\t\t\t<\/span>\n\t\t\t\t\t\t\t\t\t\t\t\t\t\t\t\t\t\t\t\t\t\t<span class=\"elementor-button-text\">Enviar<\/span>\n\t\t\t\t\t\t\t\t\t\t\t\t\t<\/span>\n\t\t\t\t\t<\/button>\n\t\t\t\t<\/div>\n\t\t\t<\/div>\n\t\t<input type=\"hidden\" name=\"trp-form-language\" value=\"es\"\/><\/form>\n\t\t\t\t<\/div>\n\t\t\t\t<\/div>\n\t\t\t\t\t\t<\/div>\n\t\t\t\t\t<\/div>\n\t\t<\/div>\n\t\t\t\t\t\t\t\t<\/div>\n\t\t\t\t\t<\/div>\n\t\t<\/section>\n\t\t\t\t\t\t<\/div>\n\t\t\t\t\t<\/div>\n\t\t<\/div>\n\t\t\t\t\t\t\t\t<\/div>\n\t\t\t\t\t<\/div>\n\t\t<\/section>\n\t\t\t\t\t\t<\/div>\n\t\t\t\t\t\t<\/div>\n\t\t\t\t\t<\/div>","protected":false},"excerpt":{"rendered":"<p>Winkels BODEGA43 is te koop bij onderstaande winkels Via jouw eigen wijnleverancier kun je een BODEGA43 wijnklimaatkast bestellen. Staat jouw wijnleverancier hieronder niet vermeldt, maar wil je toch graag via je vertrouwde adres bestellen, stuur dan een email naar info@bodega43.com met de leverancier van jouw keuze. We nemen dan contact op met jouw wijnleverancier om [&hellip;]<\/p>","protected":false},"author":3,"featured_media":0,"parent":0,"menu_order":0,"comment_status":"closed","ping_status":"closed","template":"elementor_header_footer","meta":{"inline_featured_image":false,"footnotes":""},"yoast_head":"<!-- This site is optimized with the Yoast SEO plugin v22.2 - https:\/\/yoast.com\/wordpress\/plugins\/seo\/ -->\n<title>Winkels test pagina - BODEGA43<\/title>\n<meta name=\"robots\" content=\"index, follow, max-snippet:-1, max-image-preview:large, max-video-preview:-1\" \/>\n<link rel=\"canonical\" href=\"https:\/\/bodega43.com\/es\/winkels-test-pagina\/\" \/>\n<meta property=\"og:locale\" content=\"es_ES\" \/>\n<meta property=\"og:type\" content=\"article\" \/>\n<meta property=\"og:title\" content=\"Winkels test pagina - BODEGA43\" \/>\n<meta property=\"og:description\" content=\"Winkels BODEGA43 is te koop bij onderstaande winkels Via jouw eigen wijnleverancier kun je een BODEGA43 wijnklimaatkast bestellen. Staat jouw wijnleverancier hieronder niet vermeldt, maar wil je toch graag via je vertrouwde adres bestellen, stuur dan een email naar info@bodega43.com met de leverancier van jouw keuze. We nemen dan contact op met jouw wijnleverancier om [&hellip;]\" \/>\n<meta property=\"og:url\" content=\"https:\/\/bodega43.com\/es\/winkels-test-pagina\/\" \/>\n<meta property=\"og:site_name\" content=\"BODEGA43\" \/>\n<meta property=\"article:modified_time\" content=\"2021-10-27T08:29:49+00:00\" \/>\n<meta property=\"og:image\" content=\"https:\/\/bodega43.com\/wp-content\/uploads\/2021\/03\/16-layers-1.svg\" \/>\n<meta name=\"twitter:card\" content=\"summary_large_image\" \/>\n<meta name=\"twitter:label1\" content=\"Tiempo de lectura\" \/>\n\t<meta name=\"twitter:data1\" content=\"20 minutos\" \/>\n<script type=\"application\/ld+json\" class=\"yoast-schema-graph\">{\"@context\":\"https:\/\/schema.org\",\"@graph\":[{\"@type\":\"WebPage\",\"@id\":\"https:\/\/bodega43.com\/en\/winkels-test-pagina\/\",\"url\":\"https:\/\/bodega43.com\/en\/winkels-test-pagina\/\",\"name\":\"Winkels test pagina - BODEGA43\",\"isPartOf\":{\"@id\":\"https:\/\/bodega43.com\/de\/#website\"},\"primaryImageOfPage\":{\"@id\":\"https:\/\/bodega43.com\/en\/winkels-test-pagina\/#primaryimage\"},\"image\":{\"@id\":\"https:\/\/bodega43.com\/en\/winkels-test-pagina\/#primaryimage\"},\"thumbnailUrl\":\"https:\/\/bodega43.com\/wp-content\/uploads\/2021\/03\/16-layers-1.svg\",\"datePublished\":\"2021-06-18T10:24:52+00:00\",\"dateModified\":\"2021-10-27T08:29:49+00:00\",\"breadcrumb\":{\"@id\":\"https:\/\/bodega43.com\/en\/winkels-test-pagina\/#breadcrumb\"},\"inLanguage\":\"es\",\"potentialAction\":[{\"@type\":\"ReadAction\",\"target\":[\"https:\/\/bodega43.com\/en\/winkels-test-pagina\/\"]}]},{\"@type\":\"ImageObject\",\"inLanguage\":\"es\",\"@id\":\"https:\/\/bodega43.com\/en\/winkels-test-pagina\/#primaryimage\",\"url\":\"https:\/\/bodega43.com\/app\/uploads\/2021\/03\/16-layers-1.svg\",\"contentUrl\":\"https:\/\/bodega43.com\/app\/uploads\/2021\/03\/16-layers-1.svg\"},{\"@type\":\"BreadcrumbList\",\"@id\":\"https:\/\/bodega43.com\/en\/winkels-test-pagina\/#breadcrumb\",\"itemListElement\":[{\"@type\":\"ListItem\",\"position\":1,\"name\":\"Home\",\"item\":\"https:\/\/bodega43.com\/\"},{\"@type\":\"ListItem\",\"position\":2,\"name\":\"Winkels test pagina\"}]},{\"@type\":\"WebSite\",\"@id\":\"https:\/\/bodega43.com\/de\/#website\",\"url\":\"https:\/\/bodega43.com\/de\/\",\"name\":\"BODEGA43\",\"description\":\"De beste kelder voor je wijnen\",\"potentialAction\":[{\"@type\":\"SearchAction\",\"target\":{\"@type\":\"EntryPoint\",\"urlTemplate\":\"https:\/\/bodega43.com\/de\/?s={search_term_string}\"},\"query-input\":\"required name=search_term_string\"}],\"inLanguage\":\"es\"}]}<\/script>\n<!-- \/ Yoast SEO plugin. -->","yoast_head_json":{"title":"Winkels test pagina - BODEGA43","robots":{"index":"index","follow":"follow","max-snippet":"max-snippet:-1","max-image-preview":"max-image-preview:large","max-video-preview":"max-video-preview:-1"},"canonical":"https:\/\/bodega43.com\/es\/winkels-test-pagina\/","og_locale":"es_ES","og_type":"article","og_title":"Winkels test pagina - BODEGA43","og_description":"Winkels BODEGA43 is te koop bij onderstaande winkels Via jouw eigen wijnleverancier kun je een BODEGA43 wijnklimaatkast bestellen. Staat jouw wijnleverancier hieronder niet vermeldt, maar wil je toch graag via je vertrouwde adres bestellen, stuur dan een email naar info@bodega43.com met de leverancier van jouw keuze. We nemen dan contact op met jouw wijnleverancier om [&hellip;]","og_url":"https:\/\/bodega43.com\/es\/winkels-test-pagina\/","og_site_name":"BODEGA43","article_modified_time":"2021-10-27T08:29:49+00:00","og_image":[{"url":"https:\/\/bodega43.com\/wp-content\/uploads\/2021\/03\/16-layers-1.svg"}],"twitter_card":"summary_large_image","twitter_misc":{"Tiempo de lectura":"20 minutos"},"schema":{"@context":"https:\/\/schema.org","@graph":[{"@type":"WebPage","@id":"https:\/\/bodega43.com\/en\/winkels-test-pagina\/","url":"https:\/\/bodega43.com\/en\/winkels-test-pagina\/","name":"Winkels test pagina - BODEGA43","isPartOf":{"@id":"https:\/\/bodega43.com\/de\/#website"},"primaryImageOfPage":{"@id":"https:\/\/bodega43.com\/en\/winkels-test-pagina\/#primaryimage"},"image":{"@id":"https:\/\/bodega43.com\/en\/winkels-test-pagina\/#primaryimage"},"thumbnailUrl":"https:\/\/bodega43.com\/wp-content\/uploads\/2021\/03\/16-layers-1.svg","datePublished":"2021-06-18T10:24:52+00:00","dateModified":"2021-10-27T08:29:49+00:00","breadcrumb":{"@id":"https:\/\/bodega43.com\/en\/winkels-test-pagina\/#breadcrumb"},"inLanguage":"es","potentialAction":[{"@type":"ReadAction","target":["https:\/\/bodega43.com\/en\/winkels-test-pagina\/"]}]},{"@type":"ImageObject","inLanguage":"es","@id":"https:\/\/bodega43.com\/en\/winkels-test-pagina\/#primaryimage","url":"https:\/\/bodega43.com\/app\/uploads\/2021\/03\/16-layers-1.svg","contentUrl":"https:\/\/bodega43.com\/app\/uploads\/2021\/03\/16-layers-1.svg"},{"@type":"BreadcrumbList","@id":"https:\/\/bodega43.com\/en\/winkels-test-pagina\/#breadcrumb","itemListElement":[{"@type":"ListItem","position":1,"name":"Home","item":"https:\/\/bodega43.com\/"},{"@type":"ListItem","position":2,"name":"Winkels test pagina"}]},{"@type":"WebSite","@id":"https:\/\/bodega43.com\/de\/#website","url":"https:\/\/bodega43.com\/de\/","name":"BODEGA43","description":"De beste kelder voor je wijnen","potentialAction":[{"@type":"SearchAction","target":{"@type":"EntryPoint","urlTemplate":"https:\/\/bodega43.com\/de\/?s={search_term_string}"},"query-input":"required name=search_term_string"}],"inLanguage":"es"}]}},"_links":{"self":[{"href":"https:\/\/bodega43.com\/es\/wp-json\/wp\/v2\/pages\/6397"}],"collection":[{"href":"https:\/\/bodega43.com\/es\/wp-json\/wp\/v2\/pages"}],"about":[{"href":"https:\/\/bodega43.com\/es\/wp-json\/wp\/v2\/types\/page"}],"author":[{"embeddable":true,"href":"https:\/\/bodega43.com\/es\/wp-json\/wp\/v2\/users\/3"}],"replies":[{"embeddable":true,"href":"https:\/\/bodega43.com\/es\/wp-json\/wp\/v2\/comments?post=6397"}],"version-history":[{"count":28,"href":"https:\/\/bodega43.com\/es\/wp-json\/wp\/v2\/pages\/6397\/revisions"}],"predecessor-version":[{"id":7322,"href":"https:\/\/bodega43.com\/es\/wp-json\/wp\/v2\/pages\/6397\/revisions\/7322"}],"wp:attachment":[{"href":"https:\/\/bodega43.com\/es\/wp-json\/wp\/v2\/media?parent=6397"}],"curies":[{"name":"wp","href":"https:\/\/api.w.org\/{rel}","templated":true}]}}