{"id":752,"date":"2019-01-22T13:36:22","date_gmt":"2019-01-22T13:36:22","guid":{"rendered":"http:\/\/64.131.77.249\/Bodega43\/product\/b43180-wijnklimaatkast\/"},"modified":"2026-02-19T14:50:52","modified_gmt":"2026-02-19T14:50:52","slug":"b43180","status":"publish","type":"product","link":"https:\/\/bodega43.com\/es\/product\/b43180\/","title":{"rendered":"Vinoteca B43180"},"content":{"rendered":"<p>Para el verdadero coleccionista de vinos, el BODEGA43 con una capacidad de almacenamiento de hasta 180 botellas y con dos zonas de temperatura es la crem de la crem. Con suficiente espacio para conservar sus vinos durante muchos a\u00f1os o para la cubrir la demanda del servicio de un restaurante y\/o un catering. Si este BODEGA43 se utiliza como un gabinete para servir vino, los estantes de exhibici\u00f3n para las botellas en posici\u00f3n vertical est\u00e1n disponibles. La puerta de dise\u00f1o completamente de vidrio con mango de acero inoxidable y vidrio resistente a rayos UVA.<\/p>\n<p>Lea aqu\u00ed nuestro <em><strong><a href=\"http:\/\/bodega43.com\/wp-content\/uploads\/2019\/01\/Manual-bodega43-EN-NL-ES-DE.pdf\" target=\"_blank\" rel=\"noopener\">manual de instrucciones<\/a>\u00a0<\/strong><\/em>de BODEGA43<\/p>","protected":false},"featured_media":548,"template":"","yoast_head":"<!-- This site is optimized with the Yoast SEO plugin v22.2 - https:\/\/yoast.com\/wordpress\/plugins\/seo\/ -->\n<title>B43180 Wijnklimaatkast 180 flessen en 2 temperatuurzones<\/title>\n<meta name=\"description\" content=\"B43180 Wijnklimaatkast is geschikt voor restaurant- en horecagebruik. Ruime wijnklimaatkast met 180 flessen ruimte.\" \/>\n<meta name=\"robots\" content=\"index, follow, max-snippet:-1, max-image-preview:large, max-video-preview:-1\" \/>\n<link rel=\"canonical\" href=\"https:\/\/bodega43.com\/es\/product\/b43180\/\" \/>\n<meta property=\"og:locale\" content=\"es_ES\" \/>\n<meta property=\"og:type\" content=\"article\" \/>\n<meta property=\"og:title\" content=\"B43180 Wijnklimaatkast 180 flessen en 2 temperatuurzones\" \/>\n<meta property=\"og:description\" content=\"B43180 Wijnklimaatkast is geschikt voor restaurant- en horecagebruik. Ruime wijnklimaatkast met 180 flessen ruimte.\" \/>\n<meta property=\"og:url\" content=\"https:\/\/bodega43.com\/es\/product\/b43180\/\" \/>\n<meta property=\"og:site_name\" content=\"BODEGA43\" \/>\n<meta property=\"article:modified_time\" content=\"2026-02-19T14:50:52+00:00\" \/>\n<meta property=\"og:image\" content=\"https:\/\/bodega43.com\/app\/uploads\/2019\/01\/B43180-front-scaled.jpg\" \/>\n\t<meta property=\"og:image:width\" content=\"1545\" \/>\n\t<meta property=\"og:image:height\" content=\"2560\" \/>\n\t<meta property=\"og:image:type\" content=\"image\/jpeg\" \/>\n<meta name=\"twitter:card\" content=\"summary_large_image\" \/>\n<meta name=\"twitter:label1\" content=\"Tiempo de lectura\" \/>\n\t<meta name=\"twitter:data1\" content=\"1 minuto\" \/>\n<script type=\"application\/ld+json\" class=\"yoast-schema-graph\">{\"@context\":\"https:\/\/schema.org\",\"@graph\":[{\"@type\":\"WebPage\",\"@id\":\"https:\/\/bodega43.com\/product\/b43180\/\",\"url\":\"https:\/\/bodega43.com\/product\/b43180\/\",\"name\":\"B43180 Wijnklimaatkast 180 flessen en 2 temperatuurzones\",\"isPartOf\":{\"@id\":\"https:\/\/bodega43.com\/de\/#website\"},\"primaryImageOfPage\":{\"@id\":\"https:\/\/bodega43.com\/product\/b43180\/#primaryimage\"},\"image\":{\"@id\":\"https:\/\/bodega43.com\/product\/b43180\/#primaryimage\"},\"thumbnailUrl\":\"https:\/\/bodega43.com\/app\/uploads\/2019\/01\/B43180-front-scaled.jpg\",\"datePublished\":\"2019-01-22T13:36:22+00:00\",\"dateModified\":\"2026-02-19T14:50:52+00:00\",\"description\":\"B43180 Wijnklimaatkast is geschikt voor restaurant- en horecagebruik. Ruime wijnklimaatkast met 180 flessen ruimte.\",\"breadcrumb\":{\"@id\":\"https:\/\/bodega43.com\/product\/b43180\/#breadcrumb\"},\"inLanguage\":\"es\",\"potentialAction\":[{\"@type\":\"ReadAction\",\"target\":[\"https:\/\/bodega43.com\/product\/b43180\/\"]}]},{\"@type\":\"ImageObject\",\"inLanguage\":\"es\",\"@id\":\"https:\/\/bodega43.com\/product\/b43180\/#primaryimage\",\"url\":\"https:\/\/bodega43.com\/app\/uploads\/2019\/01\/B43180-front-scaled.jpg\",\"contentUrl\":\"https:\/\/bodega43.com\/app\/uploads\/2019\/01\/B43180-front-scaled.jpg\",\"width\":1545,\"height\":2560,\"caption\":\"Bodega43\"},{\"@type\":\"BreadcrumbList\",\"@id\":\"https:\/\/bodega43.com\/product\/b43180\/#breadcrumb\",\"itemListElement\":[{\"@type\":\"ListItem\",\"position\":1,\"name\":\"Home\",\"item\":\"https:\/\/bodega43.com\/\"},{\"@type\":\"ListItem\",\"position\":2,\"name\":\"B43180 Wijnklimaatkast\"}]},{\"@type\":\"WebSite\",\"@id\":\"https:\/\/bodega43.com\/de\/#website\",\"url\":\"https:\/\/bodega43.com\/de\/\",\"name\":\"BODEGA43\",\"description\":\"De beste kelder voor je wijnen\",\"potentialAction\":[{\"@type\":\"SearchAction\",\"target\":{\"@type\":\"EntryPoint\",\"urlTemplate\":\"https:\/\/bodega43.com\/de\/?s={search_term_string}\"},\"query-input\":\"required name=search_term_string\"}],\"inLanguage\":\"es\"}]}<\/script>\n<!-- \/ Yoast SEO plugin. -->","yoast_head_json":{"title":"B43180 Wijnklimaatkast 180 flessen en 2 temperatuurzones","description":"B43180 Wijnklimaatkast is geschikt voor restaurant- en horecagebruik. Ruime wijnklimaatkast met 180 flessen ruimte.","robots":{"index":"index","follow":"follow","max-snippet":"max-snippet:-1","max-image-preview":"max-image-preview:large","max-video-preview":"max-video-preview:-1"},"canonical":"https:\/\/bodega43.com\/es\/product\/b43180\/","og_locale":"es_ES","og_type":"article","og_title":"B43180 Wijnklimaatkast 180 flessen en 2 temperatuurzones","og_description":"B43180 Wijnklimaatkast is geschikt voor restaurant- en horecagebruik. Ruime wijnklimaatkast met 180 flessen ruimte.","og_url":"https:\/\/bodega43.com\/es\/product\/b43180\/","og_site_name":"BODEGA43","article_modified_time":"2026-02-19T14:50:52+00:00","og_image":[{"width":1545,"height":2560,"url":"https:\/\/bodega43.com\/app\/uploads\/2019\/01\/B43180-front-scaled.jpg","type":"image\/jpeg"}],"twitter_card":"summary_large_image","twitter_misc":{"Tiempo de lectura":"1 minuto"},"schema":{"@context":"https:\/\/schema.org","@graph":[{"@type":"WebPage","@id":"https:\/\/bodega43.com\/product\/b43180\/","url":"https:\/\/bodega43.com\/product\/b43180\/","name":"B43180 Wijnklimaatkast 180 flessen en 2 temperatuurzones","isPartOf":{"@id":"https:\/\/bodega43.com\/de\/#website"},"primaryImageOfPage":{"@id":"https:\/\/bodega43.com\/product\/b43180\/#primaryimage"},"image":{"@id":"https:\/\/bodega43.com\/product\/b43180\/#primaryimage"},"thumbnailUrl":"https:\/\/bodega43.com\/app\/uploads\/2019\/01\/B43180-front-scaled.jpg","datePublished":"2019-01-22T13:36:22+00:00","dateModified":"2026-02-19T14:50:52+00:00","description":"B43180 Wijnklimaatkast is geschikt voor restaurant- en horecagebruik. Ruime wijnklimaatkast met 180 flessen ruimte.","breadcrumb":{"@id":"https:\/\/bodega43.com\/product\/b43180\/#breadcrumb"},"inLanguage":"es","potentialAction":[{"@type":"ReadAction","target":["https:\/\/bodega43.com\/product\/b43180\/"]}]},{"@type":"ImageObject","inLanguage":"es","@id":"https:\/\/bodega43.com\/product\/b43180\/#primaryimage","url":"https:\/\/bodega43.com\/app\/uploads\/2019\/01\/B43180-front-scaled.jpg","contentUrl":"https:\/\/bodega43.com\/app\/uploads\/2019\/01\/B43180-front-scaled.jpg","width":1545,"height":2560,"caption":"Bodega43"},{"@type":"BreadcrumbList","@id":"https:\/\/bodega43.com\/product\/b43180\/#breadcrumb","itemListElement":[{"@type":"ListItem","position":1,"name":"Home","item":"https:\/\/bodega43.com\/"},{"@type":"ListItem","position":2,"name":"B43180 Wijnklimaatkast"}]},{"@type":"WebSite","@id":"https:\/\/bodega43.com\/de\/#website","url":"https:\/\/bodega43.com\/de\/","name":"BODEGA43","description":"De beste kelder voor je wijnen","potentialAction":[{"@type":"SearchAction","target":{"@type":"EntryPoint","urlTemplate":"https:\/\/bodega43.com\/de\/?s={search_term_string}"},"query-input":"required name=search_term_string"}],"inLanguage":"es"}]}},"_links":{"self":[{"href":"https:\/\/bodega43.com\/es\/wp-json\/wp\/v2\/product\/752"}],"collection":[{"href":"https:\/\/bodega43.com\/es\/wp-json\/wp\/v2\/product"}],"about":[{"href":"https:\/\/bodega43.com\/es\/wp-json\/wp\/v2\/types\/product"}],"version-history":[{"count":25,"href":"https:\/\/bodega43.com\/es\/wp-json\/wp\/v2\/product\/752\/revisions"}],"predecessor-version":[{"id":8628,"href":"https:\/\/bodega43.com\/es\/wp-json\/wp\/v2\/product\/752\/revisions\/8628"}],"wp:featuredmedia":[{"embeddable":true,"href":"https:\/\/bodega43.com\/es\/wp-json\/wp\/v2\/media\/548"}],"wp:attachment":[{"href":"https:\/\/bodega43.com\/es\/wp-json\/wp\/v2\/media?parent=752"}],"curies":[{"name":"wp","href":"https:\/\/api.w.org\/{rel}","templated":true}]}}