{"id":2265,"date":"2020-04-30T08:38:56","date_gmt":"2020-04-30T08:38:56","guid":{"rendered":"https:\/\/bodega43.com\/?page_id=2265"},"modified":"2022-06-14T11:25:19","modified_gmt":"2022-06-14T11:25:19","slug":"wijnwinkels","status":"publish","type":"page","link":"https:\/\/bodega43.com\/fr\/cavistes\/","title":{"rendered":"Cavistes"},"content":{"rendered":"<div data-elementor-type=\"wp-page\" data-elementor-id=\"2265\" data-post-id=\"7513\" data-obj-id=\"7513\" class=\"elementor elementor-2265 dce-elementor-post-7513\" data-elementor-settings=\"[]\">\n\t\t\t\t\t\t<div class=\"elementor-inner\">\n\t\t\t\t\t\t\t<div class=\"elementor-section-wrap\">\n\t\t\t\t\t\t\t<section class=\"elementor-section elementor-top-section elementor-element elementor-element-dbd1a35 elementor-section-height-min-height elementor-section-boxed elementor-section-height-default elementor-section-items-middle\" data-id=\"dbd1a35\" data-element_type=\"section\" data-settings=\"{&quot;background_background&quot;:&quot;classic&quot;}\">\n\t\t\t\t\t\t<div class=\"elementor-container elementor-column-gap-default\">\n\t\t\t\t\t\t\t<div class=\"elementor-row\">\n\t\t\t\t\t<div class=\"elementor-column elementor-col-100 elementor-top-column elementor-element elementor-element-887dd4b\" data-id=\"887dd4b\" data-element_type=\"column\">\n\t\t\t<div class=\"elementor-column-wrap elementor-element-populated\">\n\t\t\t\t\t\t\t<div class=\"elementor-widget-wrap\">\n\t\t\t\t\t\t<div class=\"elementor-element elementor-element-60f97c6 dce_masking-none elementor-widget elementor-widget-image\" data-id=\"60f97c6\" data-element_type=\"widget\" data-widget_type=\"image.default\">\n\t\t\t\t<div class=\"elementor-widget-container\">\n\t\t\t\t\t\t\t\t<div class=\"elementor-image\">\n\t\t\t\t\t\t\t\t\t\t\t\t<img loading=\"lazy\" decoding=\"async\" width=\"1\" height=\"1\" src=\"https:\/\/bodega43.com\/app\/uploads\/2021\/03\/16-layers-1.svg\" class=\"attachment-large size-large\" alt=\"\" \/>\t\t\t\t\t\t\t\t\t\t\t\t\t\t<\/div>\n\t\t\t\t\t\t<\/div>\n\t\t\t\t<\/div>\n\t\t\t\t<div class=\"elementor-element elementor-element-aa9d948 elementor-widget elementor-widget-heading\" data-id=\"aa9d948\" data-element_type=\"widget\" data-widget_type=\"heading.default\">\n\t\t\t\t<div class=\"elementor-widget-container\">\n\t\t\t<div class=\"elementor-heading-title elementor-size-default\">BODEGA43 cavistes<\/div>\t\t<\/div>\n\t\t\t\t<\/div>\n\t\t\t\t\t\t<\/div>\n\t\t\t\t\t<\/div>\n\t\t<\/div>\n\t\t\t\t\t\t\t\t<\/div>\n\t\t\t\t\t<\/div>\n\t\t<\/section>\n\t\t\t\t<section class=\"elementor-section elementor-top-section elementor-element elementor-element-13bce355 elementor-section-boxed elementor-section-height-default elementor-section-height-default\" data-id=\"13bce355\" data-element_type=\"section\">\n\t\t\t\t\t\t<div class=\"elementor-container elementor-column-gap-default\">\n\t\t\t\t\t\t\t<div class=\"elementor-row\">\n\t\t\t\t\t<div class=\"elementor-column elementor-col-100 elementor-top-column elementor-element elementor-element-210dde40\" data-id=\"210dde40\" data-element_type=\"column\">\n\t\t\t<div class=\"elementor-column-wrap elementor-element-populated\">\n\t\t\t\t\t\t\t<div class=\"elementor-widget-wrap\">\n\t\t\t\t\t\t<div class=\"elementor-element elementor-element-60b59b8 elementor-widget elementor-widget-heading\" data-id=\"60b59b8\" data-element_type=\"widget\" data-widget_type=\"heading.default\">\n\t\t\t\t<div class=\"elementor-widget-container\">\n\t\t\t<h2 class=\"elementor-heading-title elementor-size-default\">BODEGA43 est en vente dans les magasins ci-dessous<\/h2>\t\t<\/div>\n\t\t\t\t<\/div>\n\t\t\t\t<div class=\"elementor-element elementor-element-3ee6c4f elementor-widget elementor-widget-text-editor\" data-id=\"3ee6c4f\" data-element_type=\"widget\" data-widget_type=\"text-editor.default\">\n\t\t\t\t<div class=\"elementor-widget-container\">\n\t\t\t\t\t\t\t\t<div class=\"elementor-text-editor elementor-clearfix\">\n\t\t\t\t<p>Vous pouvez commander une cave \u00e0 vin BODEGA43 par l\u2019interm\u00e9diaire de votre propre fournisseur de vin.\u00a0Si votre fournisseur de vin n\u2019est pas mentionn\u00e9 ci-dessous, mais vous souhaitez \u00e9galement commander par votre adresse, veuillez envoyer une email \u00e0 info@bodega43.com avec le fournisseur de votre choix.\u00a0 <br \/>Nous contacterons ensuite votre fournisseur de vin pour lui fournir un frigo \u00e0 vin BODEGA43.<\/p>\t\t\t\t\t<\/div>\n\t\t\t\t\t\t<\/div>\n\t\t\t\t<\/div>\n\t\t\t\t\t\t<\/div>\n\t\t\t\t\t<\/div>\n\t\t<\/div>\n\t\t\t\t\t\t\t\t<\/div>\n\t\t\t\t\t<\/div>\n\t\t<\/section>\n\t\t\t\t<section class=\"elementor-section elementor-top-section elementor-element elementor-element-6ce4251 elementor-section-boxed elementor-section-height-default elementor-section-height-default\" data-id=\"6ce4251\" data-element_type=\"section\" data-settings=\"{&quot;background_background&quot;:&quot;classic&quot;}\">\n\t\t\t\t\t\t<div class=\"elementor-container elementor-column-gap-default\">\n\t\t\t\t\t\t\t<div class=\"elementor-row\">\n\t\t\t\t\t<div class=\"elementor-column elementor-col-100 elementor-top-column elementor-element elementor-element-7e144d4\" data-id=\"7e144d4\" data-element_type=\"column\">\n\t\t\t<div class=\"elementor-column-wrap elementor-element-populated\">\n\t\t\t\t\t\t\t<div class=\"elementor-widget-wrap\">\n\t\t\t\t\t\t<div class=\"elementor-element elementor-element-0dcc483 elementor-grid-4 elementor-posts--thumbnail-top elementor-grid-tablet-2 elementor-grid-mobile-1 elementor-widget elementor-widget-posts\" data-id=\"0dcc483\" data-element_type=\"widget\" data-settings=\"{&quot;custom_columns&quot;:&quot;4&quot;,&quot;custom_row_gap&quot;:{&quot;unit&quot;:&quot;px&quot;,&quot;size&quot;:20,&quot;sizes&quot;:[]},&quot;custom_columns_tablet&quot;:&quot;2&quot;,&quot;custom_columns_mobile&quot;:&quot;1&quot;,&quot;custom_row_gap_tablet&quot;:{&quot;unit&quot;:&quot;px&quot;,&quot;size&quot;:&quot;&quot;,&quot;sizes&quot;:[]},&quot;custom_row_gap_mobile&quot;:{&quot;unit&quot;:&quot;px&quot;,&quot;size&quot;:&quot;&quot;,&quot;sizes&quot;:[]}}\" data-widget_type=\"posts.custom\">\n\t\t\t\t<div class=\"elementor-widget-container\">\n\t\t\t      <div class=\"ecs-posts elementor-posts-container elementor-posts   elementor-grid elementor-posts--skin-custom\" data-settings=\"{&quot;current_page&quot;:1,&quot;max_num_pages&quot;:0,&quot;load_method&quot;:&quot;&quot;,&quot;widget_id&quot;:&quot;0dcc483&quot;,&quot;post_id&quot;:7513,&quot;theme_id&quot;:2265,&quot;change_url&quot;:false,&quot;reinit_js&quot;:false}\">\n      <div class=\"elementor-posts-nothing-found\"><\/div>\t\t<\/div>\n\t\t\t\t<\/div>\n\t\t\t\t<\/div>\n\t\t\t\t\t\t<\/div>\n\t\t\t\t\t<\/div>\n\t\t<\/div>\n\t\t\t\t\t\t\t\t<\/div>\n\t\t\t\t\t<\/div>\n\t\t<\/section>\n\t\t\t\t<section class=\"elementor-section elementor-top-section elementor-element elementor-element-bdff00f elementor-section-boxed elementor-section-height-default elementor-section-height-default\" data-id=\"bdff00f\" data-element_type=\"section\" data-settings=\"{&quot;background_background&quot;:&quot;classic&quot;}\">\n\t\t\t\t\t\t<div class=\"elementor-container elementor-column-gap-default\">\n\t\t\t\t\t\t\t<div class=\"elementor-row\">\n\t\t\t\t\t<div class=\"elementor-column elementor-col-100 elementor-top-column elementor-element elementor-element-76ad2b4\" data-id=\"76ad2b4\" data-element_type=\"column\" data-settings=\"{&quot;background_background&quot;:&quot;classic&quot;}\">\n\t\t\t<div class=\"elementor-column-wrap elementor-element-populated\">\n\t\t\t\t\t\t\t<div class=\"elementor-widget-wrap\">\n\t\t\t\t\t\t<section class=\"elementor-section elementor-inner-section elementor-element elementor-element-7304517 elementor-section-boxed elementor-section-height-default elementor-section-height-default\" data-id=\"7304517\" data-element_type=\"section\">\n\t\t\t\t\t\t<div class=\"elementor-container elementor-column-gap-default\">\n\t\t\t\t\t\t\t<div class=\"elementor-row\">\n\t\t\t\t\t<div class=\"elementor-column elementor-col-100 elementor-inner-column elementor-element elementor-element-eeb925d\" data-id=\"eeb925d\" data-element_type=\"column\" data-settings=\"{&quot;background_background&quot;:&quot;classic&quot;}\">\n\t\t\t<div class=\"elementor-column-wrap elementor-element-populated\">\n\t\t\t\t\t\t\t<div class=\"elementor-widget-wrap\">\n\t\t\t\t\t\t<div class=\"elementor-element elementor-element-bf148c4 elementor-widget elementor-widget-heading\" data-id=\"bf148c4\" data-element_type=\"widget\" data-widget_type=\"heading.default\">\n\t\t\t\t<div class=\"elementor-widget-container\">\n\t\t\t<h4 class=\"elementor-heading-title elementor-size-default\">Restez \u00e0 jour sur BODEGA43<\/h4>\t\t<\/div>\n\t\t\t\t<\/div>\n\t\t\t\t<div class=\"elementor-element elementor-element-f12d3e5 elementor-button-align-end knopform elementor-widget elementor-widget-form\" data-id=\"f12d3e5\" data-element_type=\"widget\" data-settings=\"{&quot;step_next_label&quot;:&quot;Next&quot;,&quot;step_previous_label&quot;:&quot;Previous&quot;,&quot;button_width&quot;:&quot;100&quot;,&quot;step_type&quot;:&quot;number_text&quot;,&quot;step_icon_shape&quot;:&quot;circle&quot;}\" data-widget_type=\"form.default\">\n\t\t\t\t<div class=\"elementor-widget-container\">\n\t\t\t\t\t<form class=\"elementor-form\" method=\"post\" name=\"New Form\" action=\"\">\n\t\t\t<input type=\"hidden\" name=\"post_id\" value=\"2265\"\/>\n\t\t\t<input type=\"hidden\" name=\"form_id\" value=\"f12d3e5\"\/>\n\t\t\t<input type=\"hidden\" name=\"referer_title\" value=\"BODEGA43\" \/>\n\n\t\t\t\n\t\t\t<div class=\"elementor-form-fields-wrapper elementor-labels-above\">\n\t\t\t\t\t\t\t\t<div class=\"elementor-field-type-text elementor-field-group elementor-column elementor-field-group-name elementor-col-100\">\n\t\t\t\t\t\t\t\t\t\t\t\t\t<input size=\"1\" type=\"text\" name=\"form_fields[name]\" id=\"form-field-name\" class=\"elementor-field elementor-size-sm  elementor-field-textual\" placeholder=\"NOME\">\n\t\t\t\t\t\t\t\t\t\t\t<\/div>\n\t\t\t\t\t\t\t\t<div class=\"elementor-field-type-text elementor-field-group elementor-column elementor-field-group-field_8820489 elementor-col-100\">\n\t\t\t\t\t\t\t\t\t\t\t\t\t<input size=\"1\" type=\"text\" name=\"form_fields[field_8820489]\" id=\"form-field-field_8820489\" class=\"elementor-field elementor-size-sm  elementor-field-textual\" placeholder=\"PRENOME\">\n\t\t\t\t\t\t\t\t\t\t\t<\/div>\n\t\t\t\t\t\t\t\t<div class=\"elementor-field-type-email elementor-field-group elementor-column elementor-field-group-email elementor-col-100 elementor-field-required\">\n\t\t\t\t\t\t\t\t\t\t\t\t\t<input size=\"1\" type=\"email\" name=\"form_fields[email]\" id=\"form-field-email\" class=\"elementor-field elementor-size-sm  elementor-field-textual\" placeholder=\"Addresse E-MAIL\" required=\"required\" aria-required=\"true\">\n\t\t\t\t\t\t\t\t\t\t\t<\/div>\n\t\t\t\t\t\t\t\t<div class=\"elementor-field-type-recaptcha elementor-field-group elementor-column elementor-field-group-field_39675af elementor-col-100\">\n\t\t\t\t\t<div class=\"elementor-field\" id=\"form-field-field_39675af\"><div class=\"elementor-g-recaptcha\" data-sitekey=\"6LcDVPgcAAAAAJrrkESeXk9osIVOf3tJDoK7Kg1q\" data-type=\"v2_checkbox\" data-theme=\"light\" data-size=\"compact\"><\/div><\/div>\t\t\t\t<\/div>\n\t\t\t\t\t\t\t\t<div class=\"elementor-field-group elementor-column elementor-field-type-submit elementor-col-100 e-form__buttons\">\n\t\t\t\t\t<button type=\"submit\" class=\"elementor-button elementor-size-sm\">\n\t\t\t\t\t\t<span >\n\t\t\t\t\t\t\t\t\t\t\t\t\t\t\t<span class=\"elementor-button-icon\">\n\t\t\t\t\t\t\t\t\t\t\t\t\t\t\t\t\t\t\t\t\t\t\t\t\t\t<\/span>\n\t\t\t\t\t\t\t\t\t\t\t\t\t\t\t\t\t\t\t\t\t\t<span class=\"elementor-button-text\">ENVOIE<\/span>\n\t\t\t\t\t\t\t\t\t\t\t\t\t<\/span>\n\t\t\t\t\t<\/button>\n\t\t\t\t<\/div>\n\t\t\t<\/div>\n\t\t<input type=\"hidden\" name=\"trp-form-language\" value=\"fr\"\/><\/form>\n\t\t\t\t<\/div>\n\t\t\t\t<\/div>\n\t\t\t\t\t\t<\/div>\n\t\t\t\t\t<\/div>\n\t\t<\/div>\n\t\t\t\t\t\t\t\t<\/div>\n\t\t\t\t\t<\/div>\n\t\t<\/section>\n\t\t\t\t\t\t<\/div>\n\t\t\t\t\t<\/div>\n\t\t<\/div>\n\t\t\t\t\t\t\t\t<\/div>\n\t\t\t\t\t<\/div>\n\t\t<\/section>\n\t\t\t\t\t\t<\/div>\n\t\t\t\t\t\t<\/div>\n\t\t\t\t\t<\/div>","protected":false},"excerpt":{"rendered":"<p>Winkels BODEGA43 is te koop bij onderstaande winkels Via jouw eigen wijnleverancier kun je een BODEGA43 wijnklimaatkast bestellen. Staat jouw wijnleverancier hieronder niet vermeldt, maar wil je toch graag via je vertrouwde adres bestellen, stuur dan een email naar info@bodega43.com met de leverancier van jouw keuze. We nemen dan contact op met jouw wijnleverancier om [&hellip;]<\/p>","protected":false},"author":3,"featured_media":0,"parent":0,"menu_order":0,"comment_status":"closed","ping_status":"closed","template":"","meta":{"inline_featured_image":false,"footnotes":""},"yoast_head":"<!-- This site is optimized with the Yoast SEO plugin v22.2 - https:\/\/yoast.com\/wordpress\/plugins\/seo\/ -->\n<title>Wijnleveranciers &amp; Wijnwinkels van BODEGA43 wijnklimaatkasten<\/title>\n<meta name=\"description\" content=\"BODEGA43 is zichtbaar in vele wijnwinkels in Nederland. Via jouw wijnleverancier kan je BODEGA43 bestellen.\" \/>\n<meta name=\"robots\" content=\"index, follow, max-snippet:-1, max-image-preview:large, max-video-preview:-1\" \/>\n<link rel=\"canonical\" href=\"https:\/\/bodega43.com\/fr\/cavistes\/\" \/>\n<meta property=\"og:locale\" content=\"fr_FR\" \/>\n<meta property=\"og:type\" content=\"article\" \/>\n<meta property=\"og:title\" content=\"Wijnleveranciers &amp; Wijnwinkels van BODEGA43 wijnklimaatkasten\" \/>\n<meta property=\"og:description\" content=\"BODEGA43 is zichtbaar in vele wijnwinkels in Nederland. Via jouw wijnleverancier kan je BODEGA43 bestellen.\" \/>\n<meta property=\"og:url\" content=\"https:\/\/bodega43.com\/fr\/cavistes\/\" \/>\n<meta property=\"og:site_name\" content=\"BODEGA43\" \/>\n<meta property=\"article:modified_time\" content=\"2022-06-14T11:25:19+00:00\" \/>\n<meta property=\"og:image\" content=\"https:\/\/bodega43.com\/app\/uploads\/2021\/03\/16-layers-1.svg\" \/>\n<meta name=\"twitter:card\" content=\"summary_large_image\" \/>\n<meta name=\"twitter:label1\" content=\"Dur\u00e9e de lecture estim\u00e9e\" \/>\n\t<meta name=\"twitter:data1\" content=\"39 minutes\" \/>\n<script type=\"application\/ld+json\" class=\"yoast-schema-graph\">{\"@context\":\"https:\/\/schema.org\",\"@graph\":[{\"@type\":\"WebPage\",\"@id\":\"https:\/\/bodega43.com\/nl\/wijnwinkels\/\",\"url\":\"https:\/\/bodega43.com\/nl\/wijnwinkels\/\",\"name\":\"Wijnleveranciers & Wijnwinkels van BODEGA43 wijnklimaatkasten\",\"isPartOf\":{\"@id\":\"https:\/\/bodega43.com\/de\/#website\"},\"primaryImageOfPage\":{\"@id\":\"https:\/\/bodega43.com\/nl\/wijnwinkels\/#primaryimage\"},\"image\":{\"@id\":\"https:\/\/bodega43.com\/nl\/wijnwinkels\/#primaryimage\"},\"thumbnailUrl\":\"https:\/\/bodega43.com\/app\/uploads\/2021\/03\/16-layers-1.svg\",\"datePublished\":\"2020-04-30T08:38:56+00:00\",\"dateModified\":\"2022-06-14T11:25:19+00:00\",\"description\":\"BODEGA43 is zichtbaar in vele wijnwinkels in Nederland. Via jouw wijnleverancier kan je BODEGA43 bestellen.\",\"breadcrumb\":{\"@id\":\"https:\/\/bodega43.com\/nl\/wijnwinkels\/#breadcrumb\"},\"inLanguage\":\"fr-FR\",\"potentialAction\":[{\"@type\":\"ReadAction\",\"target\":[\"https:\/\/bodega43.com\/nl\/wijnwinkels\/\"]}]},{\"@type\":\"ImageObject\",\"inLanguage\":\"fr-FR\",\"@id\":\"https:\/\/bodega43.com\/nl\/wijnwinkels\/#primaryimage\",\"url\":\"https:\/\/bodega43.com\/app\/uploads\/2021\/03\/16-layers-1.svg\",\"contentUrl\":\"https:\/\/bodega43.com\/app\/uploads\/2021\/03\/16-layers-1.svg\"},{\"@type\":\"BreadcrumbList\",\"@id\":\"https:\/\/bodega43.com\/nl\/wijnwinkels\/#breadcrumb\",\"itemListElement\":[{\"@type\":\"ListItem\",\"position\":1,\"name\":\"Home\",\"item\":\"https:\/\/bodega43.com\/\"},{\"@type\":\"ListItem\",\"position\":2,\"name\":\"Wijnwinkels\"}]},{\"@type\":\"WebSite\",\"@id\":\"https:\/\/bodega43.com\/de\/#website\",\"url\":\"https:\/\/bodega43.com\/de\/\",\"name\":\"BODEGA43\",\"description\":\"De beste kelder voor je wijnen\",\"potentialAction\":[{\"@type\":\"SearchAction\",\"target\":{\"@type\":\"EntryPoint\",\"urlTemplate\":\"https:\/\/bodega43.com\/de\/?s={search_term_string}\"},\"query-input\":\"required name=search_term_string\"}],\"inLanguage\":\"fr-FR\"}]}<\/script>\n<!-- \/ Yoast SEO plugin. -->","yoast_head_json":{"title":"Wijnleveranciers & Wijnwinkels van BODEGA43 wijnklimaatkasten","description":"BODEGA43 is zichtbaar in vele wijnwinkels in Nederland. Via jouw wijnleverancier kan je BODEGA43 bestellen.","robots":{"index":"index","follow":"follow","max-snippet":"max-snippet:-1","max-image-preview":"max-image-preview:large","max-video-preview":"max-video-preview:-1"},"canonical":"https:\/\/bodega43.com\/fr\/cavistes\/","og_locale":"fr_FR","og_type":"article","og_title":"Wijnleveranciers & Wijnwinkels van BODEGA43 wijnklimaatkasten","og_description":"BODEGA43 is zichtbaar in vele wijnwinkels in Nederland. Via jouw wijnleverancier kan je BODEGA43 bestellen.","og_url":"https:\/\/bodega43.com\/fr\/cavistes\/","og_site_name":"BODEGA43","article_modified_time":"2022-06-14T11:25:19+00:00","og_image":[{"url":"https:\/\/bodega43.com\/app\/uploads\/2021\/03\/16-layers-1.svg"}],"twitter_card":"summary_large_image","twitter_misc":{"Dur\u00e9e de lecture estim\u00e9e":"39 minutes"},"schema":{"@context":"https:\/\/schema.org","@graph":[{"@type":"WebPage","@id":"https:\/\/bodega43.com\/nl\/wijnwinkels\/","url":"https:\/\/bodega43.com\/nl\/wijnwinkels\/","name":"Wijnleveranciers & Wijnwinkels van BODEGA43 wijnklimaatkasten","isPartOf":{"@id":"https:\/\/bodega43.com\/de\/#website"},"primaryImageOfPage":{"@id":"https:\/\/bodega43.com\/nl\/wijnwinkels\/#primaryimage"},"image":{"@id":"https:\/\/bodega43.com\/nl\/wijnwinkels\/#primaryimage"},"thumbnailUrl":"https:\/\/bodega43.com\/app\/uploads\/2021\/03\/16-layers-1.svg","datePublished":"2020-04-30T08:38:56+00:00","dateModified":"2022-06-14T11:25:19+00:00","description":"BODEGA43 is zichtbaar in vele wijnwinkels in Nederland. Via jouw wijnleverancier kan je BODEGA43 bestellen.","breadcrumb":{"@id":"https:\/\/bodega43.com\/nl\/wijnwinkels\/#breadcrumb"},"inLanguage":"fr-FR","potentialAction":[{"@type":"ReadAction","target":["https:\/\/bodega43.com\/nl\/wijnwinkels\/"]}]},{"@type":"ImageObject","inLanguage":"fr-FR","@id":"https:\/\/bodega43.com\/nl\/wijnwinkels\/#primaryimage","url":"https:\/\/bodega43.com\/app\/uploads\/2021\/03\/16-layers-1.svg","contentUrl":"https:\/\/bodega43.com\/app\/uploads\/2021\/03\/16-layers-1.svg"},{"@type":"BreadcrumbList","@id":"https:\/\/bodega43.com\/nl\/wijnwinkels\/#breadcrumb","itemListElement":[{"@type":"ListItem","position":1,"name":"Home","item":"https:\/\/bodega43.com\/"},{"@type":"ListItem","position":2,"name":"Wijnwinkels"}]},{"@type":"WebSite","@id":"https:\/\/bodega43.com\/de\/#website","url":"https:\/\/bodega43.com\/de\/","name":"BODEGA43","description":"De beste kelder voor je wijnen","potentialAction":[{"@type":"SearchAction","target":{"@type":"EntryPoint","urlTemplate":"https:\/\/bodega43.com\/de\/?s={search_term_string}"},"query-input":"required name=search_term_string"}],"inLanguage":"fr-FR"}]}},"_links":{"self":[{"href":"https:\/\/bodega43.com\/fr\/wp-json\/wp\/v2\/pages\/2265"}],"collection":[{"href":"https:\/\/bodega43.com\/fr\/wp-json\/wp\/v2\/pages"}],"about":[{"href":"https:\/\/bodega43.com\/fr\/wp-json\/wp\/v2\/types\/page"}],"author":[{"embeddable":true,"href":"https:\/\/bodega43.com\/fr\/wp-json\/wp\/v2\/users\/3"}],"replies":[{"embeddable":true,"href":"https:\/\/bodega43.com\/fr\/wp-json\/wp\/v2\/comments?post=2265"}],"version-history":[{"count":136,"href":"https:\/\/bodega43.com\/fr\/wp-json\/wp\/v2\/pages\/2265\/revisions"}],"predecessor-version":[{"id":8551,"href":"https:\/\/bodega43.com\/fr\/wp-json\/wp\/v2\/pages\/2265\/revisions\/8551"}],"wp:attachment":[{"href":"https:\/\/bodega43.com\/fr\/wp-json\/wp\/v2\/media?parent=2265"}],"curies":[{"name":"wp","href":"https:\/\/api.w.org\/{rel}","templated":true}]}}