{"id":618,"date":"2019-01-22T08:24:36","date_gmt":"2019-01-22T08:24:36","guid":{"rendered":"http:\/\/64.131.77.249\/Bodega43\/contact\/"},"modified":"2022-09-09T07:55:46","modified_gmt":"2022-09-09T07:55:46","slug":"contact","status":"publish","type":"page","link":"https:\/\/bodega43.com\/fr\/nous-contacter\/","title":{"rendered":"Service en Contact"},"content":{"rendered":"<div data-elementor-type=\"wp-page\" data-elementor-id=\"618\" data-post-id=\"618\" data-obj-id=\"618\" class=\"elementor elementor-618 dce-elementor-post-618\" data-elementor-settings=\"[]\">\n\t\t\t\t\t\t<div class=\"elementor-inner\">\n\t\t\t\t\t\t\t<div class=\"elementor-section-wrap\">\n\t\t\t\t\t\t\t<section class=\"elementor-section elementor-top-section elementor-element elementor-element-e15e020 elementor-section-full_width elementor-section-height-min-height elementor-section-height-default elementor-section-items-middle\" data-id=\"e15e020\" data-element_type=\"section\" data-settings=\"{&quot;background_background&quot;:&quot;classic&quot;}\">\n\t\t\t\t\t\t\t<div class=\"elementor-background-overlay\"><\/div>\n\t\t\t\t\t\t\t<div class=\"elementor-container elementor-column-gap-default\">\n\t\t\t\t\t\t\t<div class=\"elementor-row\">\n\t\t\t\t\t<div class=\"elementor-column elementor-col-100 elementor-top-column elementor-element elementor-element-9e0517a\" data-id=\"9e0517a\" data-element_type=\"column\">\n\t\t\t<div class=\"elementor-column-wrap elementor-element-populated\">\n\t\t\t\t\t\t\t<div class=\"elementor-widget-wrap\">\n\t\t\t\t\t\t<div class=\"elementor-element elementor-element-6d0a6c3 dce_masking-none elementor-widget elementor-widget-image\" data-id=\"6d0a6c3\" data-element_type=\"widget\" data-widget_type=\"image.default\">\n\t\t\t\t<div class=\"elementor-widget-container\">\n\t\t\t\t\t\t\t\t<div class=\"elementor-image\">\n\t\t\t\t\t\t\t\t\t\t\t\t<img loading=\"lazy\" decoding=\"async\" width=\"1\" height=\"1\" src=\"https:\/\/bodega43.com\/app\/uploads\/2021\/03\/16-layers-1.svg\" class=\"attachment-large size-large\" alt=\"\" \/>\t\t\t\t\t\t\t\t\t\t\t\t\t\t<\/div>\n\t\t\t\t\t\t<\/div>\n\t\t\t\t<\/div>\n\t\t\t\t<div class=\"elementor-element elementor-element-256d73a elementor-widget elementor-widget-heading\" data-id=\"256d73a\" data-element_type=\"widget\" data-widget_type=\"heading.default\">\n\t\t\t\t<div class=\"elementor-widget-container\">\n\t\t\t<h1 class=\"elementor-heading-title elementor-size-default\">Service &amp; Contact<\/h1>\t\t<\/div>\n\t\t\t\t<\/div>\n\t\t\t\t\t\t<\/div>\n\t\t\t\t\t<\/div>\n\t\t<\/div>\n\t\t\t\t\t\t\t\t<\/div>\n\t\t\t\t\t<\/div>\n\t\t<\/section>\n\t\t\t\t<section class=\"elementor-section elementor-top-section elementor-element elementor-element-6dfe3e7 elementor-section-boxed elementor-section-height-default elementor-section-height-default\" data-id=\"6dfe3e7\" data-element_type=\"section\" data-settings=\"{&quot;background_background&quot;:&quot;classic&quot;}\">\n\t\t\t\t\t\t<div class=\"elementor-container elementor-column-gap-default\">\n\t\t\t\t\t\t\t<div class=\"elementor-row\">\n\t\t\t\t\t<div class=\"elementor-column elementor-col-66 elementor-top-column elementor-element elementor-element-a6724bd\" data-id=\"a6724bd\" data-element_type=\"column\" data-settings=\"{&quot;background_background&quot;:&quot;classic&quot;}\">\n\t\t\t<div class=\"elementor-column-wrap elementor-element-populated\">\n\t\t\t\t\t\t\t<div class=\"elementor-widget-wrap\">\n\t\t\t\t\t\t<div class=\"elementor-element elementor-element-5a3fb5f elementor-widget elementor-widget-text-editor\" data-id=\"5a3fb5f\" data-element_type=\"widget\" data-widget_type=\"text-editor.default\">\n\t\t\t\t<div class=\"elementor-widget-container\">\n\t\t\t\t\t\t\t\t<div class=\"elementor-text-editor elementor-clearfix\">\n\t\t\t\t<p><img loading=\"lazy\" decoding=\"async\" class=\"alignnone wp-image-3784\" src=\"https:\/\/bodega43.com\/app\/uploads\/2021\/03\/16-layers.svg\" alt=\"\" width=\"112\" height=\"23\" \/>\u00a0 est vendu en France par plusieurs revendeurs.<\/p>\t\t\t\t\t<\/div>\n\t\t\t\t\t\t<\/div>\n\t\t\t\t<\/div>\n\t\t\t\t<div class=\"elementor-element elementor-element-9f750f7 elementor-widget elementor-widget-text-editor\" data-id=\"9f750f7\" data-element_type=\"widget\" data-widget_type=\"text-editor.default\">\n\t\t\t\t<div class=\"elementor-widget-container\">\n\t\t\t\t\t\t\t\t<div class=\"elementor-text-editor elementor-clearfix\">\n\t\t\t\t<p>Si vous avez une question \u00e0 laquelle votre fournisseur ne peut pas r\u00e9pondre, ou si vous pr\u00e9f\u00e9rez un contact direct avec BODEGA43, veuillez remplir ce formulaire ou appeler au +44\u00a02045 25 13 07. Nous sommes disponibles du lundi au vendredi de 9 h \u00e0 17 h.<\/p><p>\u00a0<\/p>\t\t\t\t\t<\/div>\n\t\t\t\t\t\t<\/div>\n\t\t\t\t<\/div>\n\t\t\t\t\t\t<\/div>\n\t\t\t\t\t<\/div>\n\t\t<\/div>\n\t\t\t\t<div class=\"elementor-column elementor-col-33 elementor-top-column elementor-element elementor-element-6f3f451\" data-id=\"6f3f451\" data-element_type=\"column\" data-settings=\"{&quot;background_background&quot;:&quot;classic&quot;}\">\n\t\t\t<div class=\"elementor-column-wrap elementor-element-populated\">\n\t\t\t\t\t\t\t<div class=\"elementor-widget-wrap\">\n\t\t\t\t\t\t<section class=\"elementor-section elementor-inner-section elementor-element elementor-element-5dc5393 elementor-section-boxed elementor-section-height-default elementor-section-height-default\" data-id=\"5dc5393\" data-element_type=\"section\" data-settings=\"{&quot;background_background&quot;:&quot;classic&quot;}\">\n\t\t\t\t\t\t<div class=\"elementor-container elementor-column-gap-default\">\n\t\t\t\t\t\t\t<div class=\"elementor-row\">\n\t\t\t\t\t<div class=\"elementor-column elementor-col-100 elementor-inner-column elementor-element elementor-element-1133084\" data-id=\"1133084\" data-element_type=\"column\">\n\t\t\t<div class=\"elementor-column-wrap\">\n\t\t\t\t\t\t\t<div class=\"elementor-widget-wrap\">\n\t\t\t\t\t\t\t\t<\/div>\n\t\t\t\t\t<\/div>\n\t\t<\/div>\n\t\t\t\t\t\t\t\t<\/div>\n\t\t\t\t\t<\/div>\n\t\t<\/section>\n\t\t\t\t<section class=\"elementor-section elementor-inner-section elementor-element elementor-element-47ec70a elementor-section-boxed elementor-section-height-default elementor-section-height-default\" data-id=\"47ec70a\" data-element_type=\"section\" data-settings=\"{&quot;background_background&quot;:&quot;classic&quot;}\">\n\t\t\t\t\t\t<div class=\"elementor-container elementor-column-gap-default\">\n\t\t\t\t\t\t\t<div class=\"elementor-row\">\n\t\t\t\t\t<div class=\"elementor-column elementor-col-100 elementor-inner-column elementor-element elementor-element-dd5f462\" data-id=\"dd5f462\" data-element_type=\"column\">\n\t\t\t<div class=\"elementor-column-wrap elementor-element-populated\">\n\t\t\t\t\t\t\t<div class=\"elementor-widget-wrap\">\n\t\t\t\t\t\t<div class=\"elementor-element elementor-element-461557b elementor-widget elementor-widget-text-editor\" data-id=\"461557b\" data-element_type=\"widget\" data-widget_type=\"text-editor.default\">\n\t\t\t\t<div class=\"elementor-widget-container\">\n\t\t\t\t\t\t\t\t<div class=\"elementor-text-editor elementor-clearfix\">\n\t\t\t\t<p><strong>INFORMATIONS DE CONTACT<\/strong><\/p><p>BODEGA43 UK ltd <br> 65 London Wall<br \/>5625AG Eindhoven <br \/>Nederland<br \/>T\u00e9l\u00e9phone\u00a0: +39 324 5873 653 (Fran\u00e7ais) \/ +44 2045 25 13 07 (English)<\/p>\t\t\t\t\t<\/div>\n\t\t\t\t\t\t<\/div>\n\t\t\t\t<\/div>\n\t\t\t\t<div class=\"elementor-element elementor-element-664badf elementor-widget-divider--view-line elementor-widget elementor-widget-divider\" data-id=\"664badf\" data-element_type=\"widget\" data-widget_type=\"divider.default\">\n\t\t\t\t<div class=\"elementor-widget-container\">\n\t\t\t\t\t<div class=\"elementor-divider\">\n\t\t\t<span class=\"elementor-divider-separator\">\n\t\t\t\t\t\t<\/span>\n\t\t<\/div>\n\t\t\t\t<\/div>\n\t\t\t\t<\/div>\n\t\t\t\t<div class=\"elementor-element elementor-element-b6e95f2 elementor-widget elementor-widget-text-editor\" data-id=\"b6e95f2\" data-element_type=\"widget\" data-widget_type=\"text-editor.default\">\n\t\t\t\t<div class=\"elementor-widget-container\">\n\t\t\t\t\t\t\t\t<div class=\"elementor-text-editor elementor-clearfix\">\n\t\t\t\t<p><strong>SERVICE<\/strong><\/p><p>Pour toute question concernant BODEGA43, veuillez nous contacter via le formulaire de droite ou envoyer une email \u00e0<span style=\"color: #ffffff;\">\u00a0<a style=\"color: #ffffff;\" href=\"mailto:info@bodega43.com\">info@bodega43.com<\/a>.<\/span><\/p><p>Vous pouvez \u00e9galement appeler le +39 324 5873 653 (Fran\u00e7ais) \/ +44 2045 25 13 07 (English).<\/p>\t\t\t\t\t<\/div>\n\t\t\t\t\t\t<\/div>\n\t\t\t\t<\/div>\n\t\t\t\t\t\t<\/div>\n\t\t\t\t\t<\/div>\n\t\t<\/div>\n\t\t\t\t\t\t\t\t<\/div>\n\t\t\t\t\t<\/div>\n\t\t<\/section>\n\t\t\t\t\t\t<\/div>\n\t\t\t\t\t<\/div>\n\t\t<\/div>\n\t\t\t\t\t\t\t\t<\/div>\n\t\t\t\t\t<\/div>\n\t\t<\/section>\n\t\t\t\t\t\t<\/div>\n\t\t\t\t\t\t<\/div>\n\t\t\t\t\t<\/div>","protected":false},"excerpt":{"rendered":"<p>Service &amp; Contact \u00a0 wordt in Nederland door verscheidene wederverkopers verkocht. Heb je een vraag die je (toekomstige) leverancier niet kan beantwoorden, of heb je liever direct contact met BODEGA43, vul dan dit formulier in of bel ons. Wij zijn bereikbaar van maandag &#8211; vrijdag van 9.00 uur &#8211; 17.00 uur. \u00a0 Uw naam E-MAILADRES [&hellip;]<\/p>","protected":false},"author":3,"featured_media":0,"parent":0,"menu_order":0,"comment_status":"closed","ping_status":"closed","template":"","meta":{"inline_featured_image":false,"footnotes":""},"yoast_head":"<!-- This site is optimized with the Yoast SEO plugin v22.2 - https:\/\/yoast.com\/wordpress\/plugins\/seo\/ -->\n<title>Service en Contact BODEGA43 - Bel +31 40 30 40 000<\/title>\n<meta name=\"description\" content=\"Service &amp; Contact van BODEGA43. Wij zijn bereikbaar van maandag \u2013 vrijdag van 9.00 uur \u2013 17.00 uur.\" \/>\n<meta name=\"robots\" content=\"index, follow, max-snippet:-1, max-image-preview:large, max-video-preview:-1\" \/>\n<link rel=\"canonical\" href=\"https:\/\/bodega43.com\/fr\/nous-contacter\/\" \/>\n<meta property=\"og:locale\" content=\"fr_FR\" \/>\n<meta property=\"og:type\" content=\"article\" \/>\n<meta property=\"og:title\" content=\"Service en Contact BODEGA43 - Bel +31 40 30 40 000\" \/>\n<meta property=\"og:description\" content=\"Service &amp; Contact van BODEGA43. Wij zijn bereikbaar van maandag \u2013 vrijdag van 9.00 uur \u2013 17.00 uur.\" \/>\n<meta property=\"og:url\" content=\"https:\/\/bodega43.com\/fr\/nous-contacter\/\" \/>\n<meta property=\"og:site_name\" content=\"BODEGA43\" \/>\n<meta property=\"article:modified_time\" content=\"2022-09-09T07:55:46+00:00\" \/>\n<meta property=\"og:image\" content=\"https:\/\/bodega43.com\/app\/uploads\/2021\/03\/16-layers-1.svg\" \/>\n<meta name=\"twitter:card\" content=\"summary_large_image\" \/>\n<meta name=\"twitter:label1\" content=\"Dur\u00e9e de lecture estim\u00e9e\" \/>\n\t<meta name=\"twitter:data1\" content=\"2 minutes\" \/>\n<script type=\"application\/ld+json\" class=\"yoast-schema-graph\">{\"@context\":\"https:\/\/schema.org\",\"@graph\":[{\"@type\":\"WebPage\",\"@id\":\"https:\/\/bodega43.com\/nl\/contact\/\",\"url\":\"https:\/\/bodega43.com\/nl\/contact\/\",\"name\":\"Service en Contact BODEGA43 - Bel +31 40 30 40 000\",\"isPartOf\":{\"@id\":\"https:\/\/bodega43.com\/de\/#website\"},\"primaryImageOfPage\":{\"@id\":\"https:\/\/bodega43.com\/nl\/contact\/#primaryimage\"},\"image\":{\"@id\":\"https:\/\/bodega43.com\/nl\/contact\/#primaryimage\"},\"thumbnailUrl\":\"https:\/\/bodega43.com\/app\/uploads\/2021\/03\/16-layers-1.svg\",\"datePublished\":\"2019-01-22T08:24:36+00:00\",\"dateModified\":\"2022-09-09T07:55:46+00:00\",\"description\":\"Service & Contact van BODEGA43. Wij zijn bereikbaar van maandag \u2013 vrijdag van 9.00 uur \u2013 17.00 uur.\",\"breadcrumb\":{\"@id\":\"https:\/\/bodega43.com\/nl\/contact\/#breadcrumb\"},\"inLanguage\":\"fr-FR\",\"potentialAction\":[{\"@type\":\"ReadAction\",\"target\":[\"https:\/\/bodega43.com\/nl\/contact\/\"]}]},{\"@type\":\"ImageObject\",\"inLanguage\":\"fr-FR\",\"@id\":\"https:\/\/bodega43.com\/nl\/contact\/#primaryimage\",\"url\":\"https:\/\/bodega43.com\/app\/uploads\/2021\/03\/16-layers-1.svg\",\"contentUrl\":\"https:\/\/bodega43.com\/app\/uploads\/2021\/03\/16-layers-1.svg\"},{\"@type\":\"BreadcrumbList\",\"@id\":\"https:\/\/bodega43.com\/nl\/contact\/#breadcrumb\",\"itemListElement\":[{\"@type\":\"ListItem\",\"position\":1,\"name\":\"Home\",\"item\":\"https:\/\/bodega43.com\/\"},{\"@type\":\"ListItem\",\"position\":2,\"name\":\"Service en Contact\"}]},{\"@type\":\"WebSite\",\"@id\":\"https:\/\/bodega43.com\/de\/#website\",\"url\":\"https:\/\/bodega43.com\/de\/\",\"name\":\"BODEGA43\",\"description\":\"De beste kelder voor je wijnen\",\"potentialAction\":[{\"@type\":\"SearchAction\",\"target\":{\"@type\":\"EntryPoint\",\"urlTemplate\":\"https:\/\/bodega43.com\/de\/?s={search_term_string}\"},\"query-input\":\"required name=search_term_string\"}],\"inLanguage\":\"fr-FR\"}]}<\/script>\n<!-- \/ Yoast SEO plugin. -->","yoast_head_json":{"title":"Service en Contact BODEGA43 - Bel +31 40 30 40 000","description":"Service & Contact van BODEGA43. Wij zijn bereikbaar van maandag \u2013 vrijdag van 9.00 uur \u2013 17.00 uur.","robots":{"index":"index","follow":"follow","max-snippet":"max-snippet:-1","max-image-preview":"max-image-preview:large","max-video-preview":"max-video-preview:-1"},"canonical":"https:\/\/bodega43.com\/fr\/nous-contacter\/","og_locale":"fr_FR","og_type":"article","og_title":"Service en Contact BODEGA43 - Bel +31 40 30 40 000","og_description":"Service & Contact van BODEGA43. Wij zijn bereikbaar van maandag \u2013 vrijdag van 9.00 uur \u2013 17.00 uur.","og_url":"https:\/\/bodega43.com\/fr\/nous-contacter\/","og_site_name":"BODEGA43","article_modified_time":"2022-09-09T07:55:46+00:00","og_image":[{"url":"https:\/\/bodega43.com\/app\/uploads\/2021\/03\/16-layers-1.svg"}],"twitter_card":"summary_large_image","twitter_misc":{"Dur\u00e9e de lecture estim\u00e9e":"2 minutes"},"schema":{"@context":"https:\/\/schema.org","@graph":[{"@type":"WebPage","@id":"https:\/\/bodega43.com\/nl\/contact\/","url":"https:\/\/bodega43.com\/nl\/contact\/","name":"Service en Contact BODEGA43 - Bel +31 40 30 40 000","isPartOf":{"@id":"https:\/\/bodega43.com\/de\/#website"},"primaryImageOfPage":{"@id":"https:\/\/bodega43.com\/nl\/contact\/#primaryimage"},"image":{"@id":"https:\/\/bodega43.com\/nl\/contact\/#primaryimage"},"thumbnailUrl":"https:\/\/bodega43.com\/app\/uploads\/2021\/03\/16-layers-1.svg","datePublished":"2019-01-22T08:24:36+00:00","dateModified":"2022-09-09T07:55:46+00:00","description":"Service & Contact van BODEGA43. Wij zijn bereikbaar van maandag \u2013 vrijdag van 9.00 uur \u2013 17.00 uur.","breadcrumb":{"@id":"https:\/\/bodega43.com\/nl\/contact\/#breadcrumb"},"inLanguage":"fr-FR","potentialAction":[{"@type":"ReadAction","target":["https:\/\/bodega43.com\/nl\/contact\/"]}]},{"@type":"ImageObject","inLanguage":"fr-FR","@id":"https:\/\/bodega43.com\/nl\/contact\/#primaryimage","url":"https:\/\/bodega43.com\/app\/uploads\/2021\/03\/16-layers-1.svg","contentUrl":"https:\/\/bodega43.com\/app\/uploads\/2021\/03\/16-layers-1.svg"},{"@type":"BreadcrumbList","@id":"https:\/\/bodega43.com\/nl\/contact\/#breadcrumb","itemListElement":[{"@type":"ListItem","position":1,"name":"Home","item":"https:\/\/bodega43.com\/"},{"@type":"ListItem","position":2,"name":"Service en Contact"}]},{"@type":"WebSite","@id":"https:\/\/bodega43.com\/de\/#website","url":"https:\/\/bodega43.com\/de\/","name":"BODEGA43","description":"De beste kelder voor je wijnen","potentialAction":[{"@type":"SearchAction","target":{"@type":"EntryPoint","urlTemplate":"https:\/\/bodega43.com\/de\/?s={search_term_string}"},"query-input":"required name=search_term_string"}],"inLanguage":"fr-FR"}]}},"_links":{"self":[{"href":"https:\/\/bodega43.com\/fr\/wp-json\/wp\/v2\/pages\/618"}],"collection":[{"href":"https:\/\/bodega43.com\/fr\/wp-json\/wp\/v2\/pages"}],"about":[{"href":"https:\/\/bodega43.com\/fr\/wp-json\/wp\/v2\/types\/page"}],"author":[{"embeddable":true,"href":"https:\/\/bodega43.com\/fr\/wp-json\/wp\/v2\/users\/3"}],"replies":[{"embeddable":true,"href":"https:\/\/bodega43.com\/fr\/wp-json\/wp\/v2\/comments?post=618"}],"version-history":[{"count":426,"href":"https:\/\/bodega43.com\/fr\/wp-json\/wp\/v2\/pages\/618\/revisions"}],"predecessor-version":[{"id":8263,"href":"https:\/\/bodega43.com\/fr\/wp-json\/wp\/v2\/pages\/618\/revisions\/8263"}],"wp:attachment":[{"href":"https:\/\/bodega43.com\/fr\/wp-json\/wp\/v2\/media?parent=618"}],"curies":[{"name":"wp","href":"https:\/\/api.w.org\/{rel}","templated":true}]}}