{"id":5302,"date":"2021-04-03T10:19:25","date_gmt":"2021-04-03T10:19:25","guid":{"rendered":"https:\/\/bodega43.com\/?post_type=product&#038;p=5302"},"modified":"2026-02-19T15:30:06","modified_gmt":"2026-02-19T15:30:06","slug":"bodega4322","status":"publish","type":"product","link":"https:\/\/bodega43.com\/fr\/product\/bodega4322\/","title":{"rendered":"B4322 Cave \u00e0 vin"},"content":{"rendered":"<h2><span style=\"font-weight: 400;\">Petite cave \u00e0 vin pour 22 bouteilles<\/span><\/h2>\n<p><span style=\"font-weight: 400;\">La BODEGA43-22 est une cave \u00e0 vin tr\u00e8s compacte avec une grande capacit\u00e9 de stockage:  22 bouteilles de vin, r\u00e9parties sur deux zones de temp\u00e9rature.\u00a0Cette petite cave \u00e0 vin est \u00e9quip\u00e9e d\u2019une fonction de chauffage pour une temp\u00e9rature encore plus constante.\u00a0L\u2019efficacit\u00e9 \u00e9nerg\u00e9tique \u00e9lev\u00e9e de la B4322 est due en partie \u00e0 sa fonction ECO et \u00e0 la porte en trois doubles vitrages teint\u00e9e brun.\u00a0Le filtre UV offre une protection suppl\u00e9mentaire.\u00a0La BODEGA43-22 est \u00e9quip\u00e9e de 5 \u00e9tag\u00e8res en bois de h\u00eatre et d\u2019un \u00e9clairage LED bleu.<\/span><\/p>\n<p><span style=\"font-weight: 400;\">La particularit\u00e9 du design de B4322 est que vous pouvez stocker 4 bouteilles en vertical: elle est donc id\u00e9al pour garder une bouteille ouverte \u00e0 la bonne temp\u00e9rature. \u00c0 partir du B4322, vous pouvez servir le vin rouge et le vin blanc directement \u00e0 la temp\u00e9rature souhait\u00e9e entre 5 et 20 \u00b0C. Les zones temp\u00e9r\u00e9es peuvent \u00eatre contr\u00f4l\u00e9es par le panneau de contr\u00f4le BODEGA43. Depuis le B4322, vous pouvez servir des vins rouges et blancs directement \u00e0 n\u2019importe quelle temp\u00e9rature entre 5 et 20\u00b0C. Les deux zones climatiques peuvent \u00eatre contr\u00f4l\u00e9es par le panneau de contr\u00f4le. M\u00eame si vous voulez conserver les vins plus longtemps pour gouter au mieux la saveur et l\u2019ar\u00f4me, le B4322 est un excellent choix lorsque vous n\u2019avez pas l\u2019espace pour une grande cave \u00e0 vin climatique, mais vous d\u00e9sirez les caract\u00e9ristiques et le luxe d\u2019une vraie BODEGA43. <\/span><span style=\"font-weight: 400;\">Uit de B4322 kan je zowel rode- als witte wijn direct serveren op elke gewenste temperatuur tussen de 5 en 20\u00b0C. Via 1 controlepaneel zijn beide klimaatzones te bedienen. <\/span><span style=\"font-weight: 400;\">Ook wanneer je wijnen langer wilt bewaren om smaak en aroma optimaal te laten ontplooien, is de B4322 een uitstekende keuze wanneer je niet de ruimte hebt voor een grote wijnklimaatkast, maar wel de functies en luxe wilt van een echte BODEGA43.<\/span><\/p>","protected":false},"featured_media":5640,"template":"","yoast_head":"<!-- This site is optimized with the Yoast SEO plugin v22.2 - https:\/\/yoast.com\/wordpress\/plugins\/seo\/ -->\n<title>B4322 Kleine wijnklimaatkast\u00a0voor\u00a022\u00a0flessen - BODEGA43<\/title>\n<meta name=\"description\" content=\"De BODEGA4322 is een kleine wijnklimaatkast\u00a0geschikt voor\u00a022\u00a0flessen. Twee klimaatzones en voorzien van verwarmingsfunctie.\" \/>\n<meta name=\"robots\" content=\"index, follow, max-snippet:-1, max-image-preview:large, max-video-preview:-1\" \/>\n<link rel=\"canonical\" href=\"https:\/\/bodega43.com\/fr\/product\/bodega4322\/\" \/>\n<meta property=\"og:locale\" content=\"fr_FR\" \/>\n<meta property=\"og:type\" content=\"article\" \/>\n<meta property=\"og:title\" content=\"B4322 Kleine wijnklimaatkast\u00a0voor\u00a022\u00a0flessen - BODEGA43\" \/>\n<meta property=\"og:description\" content=\"De BODEGA4322 is een kleine wijnklimaatkast\u00a0geschikt voor\u00a022\u00a0flessen. Twee klimaatzones en voorzien van verwarmingsfunctie.\" \/>\n<meta property=\"og:url\" content=\"https:\/\/bodega43.com\/fr\/product\/bodega4322\/\" \/>\n<meta property=\"og:site_name\" content=\"BODEGA43\" \/>\n<meta property=\"article:modified_time\" content=\"2026-02-19T15:30:06+00:00\" \/>\n<meta property=\"og:image\" content=\"https:\/\/bodega43.com\/app\/uploads\/2021\/04\/B4324-front-1-643x1024-1.png\" \/>\n\t<meta property=\"og:image:width\" content=\"643\" \/>\n\t<meta property=\"og:image:height\" content=\"1024\" \/>\n\t<meta property=\"og:image:type\" content=\"image\/png\" \/>\n<meta name=\"twitter:card\" content=\"summary_large_image\" \/>\n<meta name=\"twitter:label1\" content=\"Dur\u00e9e de lecture estim\u00e9e\" \/>\n\t<meta name=\"twitter:data1\" content=\"2 minutes\" \/>\n<script type=\"application\/ld+json\" class=\"yoast-schema-graph\">{\"@context\":\"https:\/\/schema.org\",\"@graph\":[{\"@type\":\"WebPage\",\"@id\":\"https:\/\/bodega43.com\/product\/bodega4322\/\",\"url\":\"https:\/\/bodega43.com\/product\/bodega4322\/\",\"name\":\"B4322 Kleine wijnklimaatkast\u00a0voor\u00a022\u00a0flessen - BODEGA43\",\"isPartOf\":{\"@id\":\"https:\/\/bodega43.com\/de\/#website\"},\"primaryImageOfPage\":{\"@id\":\"https:\/\/bodega43.com\/product\/bodega4322\/#primaryimage\"},\"image\":{\"@id\":\"https:\/\/bodega43.com\/product\/bodega4322\/#primaryimage\"},\"thumbnailUrl\":\"https:\/\/bodega43.com\/app\/uploads\/2021\/04\/B4324-front-1-643x1024-1.png\",\"datePublished\":\"2021-04-03T10:19:25+00:00\",\"dateModified\":\"2026-02-19T15:30:06+00:00\",\"description\":\"De BODEGA4322 is een kleine wijnklimaatkast\u00a0geschikt voor\u00a022\u00a0flessen. Twee klimaatzones en voorzien van verwarmingsfunctie.\",\"breadcrumb\":{\"@id\":\"https:\/\/bodega43.com\/product\/bodega4322\/#breadcrumb\"},\"inLanguage\":\"fr-FR\",\"potentialAction\":[{\"@type\":\"ReadAction\",\"target\":[\"https:\/\/bodega43.com\/product\/bodega4322\/\"]}]},{\"@type\":\"ImageObject\",\"inLanguage\":\"fr-FR\",\"@id\":\"https:\/\/bodega43.com\/product\/bodega4322\/#primaryimage\",\"url\":\"https:\/\/bodega43.com\/app\/uploads\/2021\/04\/B4324-front-1-643x1024-1.png\",\"contentUrl\":\"https:\/\/bodega43.com\/app\/uploads\/2021\/04\/B4324-front-1-643x1024-1.png\",\"width\":643,\"height\":1024},{\"@type\":\"BreadcrumbList\",\"@id\":\"https:\/\/bodega43.com\/product\/bodega4322\/#breadcrumb\",\"itemListElement\":[{\"@type\":\"ListItem\",\"position\":1,\"name\":\"Home\",\"item\":\"https:\/\/bodega43.com\/\"},{\"@type\":\"ListItem\",\"position\":2,\"name\":\"B4322 Wijnklimaatkast\"}]},{\"@type\":\"WebSite\",\"@id\":\"https:\/\/bodega43.com\/de\/#website\",\"url\":\"https:\/\/bodega43.com\/de\/\",\"name\":\"BODEGA43\",\"description\":\"De beste kelder voor je wijnen\",\"potentialAction\":[{\"@type\":\"SearchAction\",\"target\":{\"@type\":\"EntryPoint\",\"urlTemplate\":\"https:\/\/bodega43.com\/de\/?s={search_term_string}\"},\"query-input\":\"required name=search_term_string\"}],\"inLanguage\":\"fr-FR\"}]}<\/script>\n<!-- \/ Yoast SEO plugin. -->","yoast_head_json":{"title":"B4322 Kleine wijnklimaatkast\u00a0voor\u00a022\u00a0flessen - BODEGA43","description":"De BODEGA4322 is een kleine wijnklimaatkast\u00a0geschikt voor\u00a022\u00a0flessen. Twee klimaatzones en voorzien van verwarmingsfunctie.","robots":{"index":"index","follow":"follow","max-snippet":"max-snippet:-1","max-image-preview":"max-image-preview:large","max-video-preview":"max-video-preview:-1"},"canonical":"https:\/\/bodega43.com\/fr\/product\/bodega4322\/","og_locale":"fr_FR","og_type":"article","og_title":"B4322 Kleine wijnklimaatkast\u00a0voor\u00a022\u00a0flessen - BODEGA43","og_description":"De BODEGA4322 is een kleine wijnklimaatkast\u00a0geschikt voor\u00a022\u00a0flessen. Twee klimaatzones en voorzien van verwarmingsfunctie.","og_url":"https:\/\/bodega43.com\/fr\/product\/bodega4322\/","og_site_name":"BODEGA43","article_modified_time":"2026-02-19T15:30:06+00:00","og_image":[{"width":643,"height":1024,"url":"https:\/\/bodega43.com\/app\/uploads\/2021\/04\/B4324-front-1-643x1024-1.png","type":"image\/png"}],"twitter_card":"summary_large_image","twitter_misc":{"Dur\u00e9e de lecture estim\u00e9e":"2 minutes"},"schema":{"@context":"https:\/\/schema.org","@graph":[{"@type":"WebPage","@id":"https:\/\/bodega43.com\/product\/bodega4322\/","url":"https:\/\/bodega43.com\/product\/bodega4322\/","name":"B4322 Kleine wijnklimaatkast\u00a0voor\u00a022\u00a0flessen - BODEGA43","isPartOf":{"@id":"https:\/\/bodega43.com\/de\/#website"},"primaryImageOfPage":{"@id":"https:\/\/bodega43.com\/product\/bodega4322\/#primaryimage"},"image":{"@id":"https:\/\/bodega43.com\/product\/bodega4322\/#primaryimage"},"thumbnailUrl":"https:\/\/bodega43.com\/app\/uploads\/2021\/04\/B4324-front-1-643x1024-1.png","datePublished":"2021-04-03T10:19:25+00:00","dateModified":"2026-02-19T15:30:06+00:00","description":"De BODEGA4322 is een kleine wijnklimaatkast\u00a0geschikt voor\u00a022\u00a0flessen. Twee klimaatzones en voorzien van verwarmingsfunctie.","breadcrumb":{"@id":"https:\/\/bodega43.com\/product\/bodega4322\/#breadcrumb"},"inLanguage":"fr-FR","potentialAction":[{"@type":"ReadAction","target":["https:\/\/bodega43.com\/product\/bodega4322\/"]}]},{"@type":"ImageObject","inLanguage":"fr-FR","@id":"https:\/\/bodega43.com\/product\/bodega4322\/#primaryimage","url":"https:\/\/bodega43.com\/app\/uploads\/2021\/04\/B4324-front-1-643x1024-1.png","contentUrl":"https:\/\/bodega43.com\/app\/uploads\/2021\/04\/B4324-front-1-643x1024-1.png","width":643,"height":1024},{"@type":"BreadcrumbList","@id":"https:\/\/bodega43.com\/product\/bodega4322\/#breadcrumb","itemListElement":[{"@type":"ListItem","position":1,"name":"Home","item":"https:\/\/bodega43.com\/"},{"@type":"ListItem","position":2,"name":"B4322 Wijnklimaatkast"}]},{"@type":"WebSite","@id":"https:\/\/bodega43.com\/de\/#website","url":"https:\/\/bodega43.com\/de\/","name":"BODEGA43","description":"De beste kelder voor je wijnen","potentialAction":[{"@type":"SearchAction","target":{"@type":"EntryPoint","urlTemplate":"https:\/\/bodega43.com\/de\/?s={search_term_string}"},"query-input":"required name=search_term_string"}],"inLanguage":"fr-FR"}]}},"_links":{"self":[{"href":"https:\/\/bodega43.com\/fr\/wp-json\/wp\/v2\/product\/5302"}],"collection":[{"href":"https:\/\/bodega43.com\/fr\/wp-json\/wp\/v2\/product"}],"about":[{"href":"https:\/\/bodega43.com\/fr\/wp-json\/wp\/v2\/types\/product"}],"version-history":[{"count":25,"href":"https:\/\/bodega43.com\/fr\/wp-json\/wp\/v2\/product\/5302\/revisions"}],"predecessor-version":[{"id":8637,"href":"https:\/\/bodega43.com\/fr\/wp-json\/wp\/v2\/product\/5302\/revisions\/8637"}],"wp:featuredmedia":[{"embeddable":true,"href":"https:\/\/bodega43.com\/fr\/wp-json\/wp\/v2\/media\/5640"}],"wp:attachment":[{"href":"https:\/\/bodega43.com\/fr\/wp-json\/wp\/v2\/media?parent=5302"}],"curies":[{"name":"wp","href":"https:\/\/api.w.org\/{rel}","templated":true}]}}