{"id":744,"date":"2019-01-22T13:56:14","date_gmt":"2019-01-22T13:56:14","guid":{"rendered":"http:\/\/64.131.77.249\/Bodega43\/product\/b4324-wijnklimaatkast\/"},"modified":"2026-02-19T15:13:39","modified_gmt":"2026-02-19T15:13:39","slug":"b4324","status":"publish","type":"product","link":"https:\/\/bodega43.com\/fr\/product\/b4324\/","title":{"rendered":"B4324 Cave \u00e0 vin"},"content":{"rendered":"<p>Cave \u00e0 vin compacte pour 24 bouteilles avec deux zones de temp\u00e9rature de 12 bouteilles chacune et un panneau tactile.\u00a0La porte, enti\u00e8rement vitr\u00e9e, est \u00e9quip\u00e9e d\u2019un verre r\u00e9sistant aux UV et d\u2019une poign\u00e9e en acier inoxydable. Id\u00e9al comme cave \u00e0 vin pour usage domestique ou au bureau.\u00a0Grace \u00e0 son poids modeste (37 kg), elle est \u00e9galement tr\u00e8s appropri\u00e9 pour une utilisation en plusieurs endroits, par exemple, dans les petites entreprises de restauration.<\/p>\n<p>Lisez ici le <em><strong><a href=\"http:\/\/bodega43.com\/wp-content\/uploads\/2019\/01\/Manual-bodega43-EN-NL-ES-DE.pdf\" target=\"_blank\" rel=\"noopener\">manuel du produit<\/a>\u00a0<\/strong><\/em>de BODEGA43.<\/p>","protected":false},"featured_media":474,"template":"","yoast_head":"<!-- This site is optimized with the Yoast SEO plugin v22.2 - https:\/\/yoast.com\/wordpress\/plugins\/seo\/ -->\n<title>B4324 Wijnklimaatkast 24 flessen met 2 temperatuurzones<\/title>\n<meta name=\"description\" content=\"B4324 Wijnklimaatkast van BODEGA43. Compacte wijnklimaatkast voor 24 flessen met twee temperatuurzones.\" \/>\n<meta name=\"robots\" content=\"index, follow, max-snippet:-1, max-image-preview:large, max-video-preview:-1\" \/>\n<link rel=\"canonical\" href=\"https:\/\/bodega43.com\/fr\/product\/b4324\/\" \/>\n<meta property=\"og:locale\" content=\"fr_FR\" \/>\n<meta property=\"og:type\" content=\"article\" \/>\n<meta property=\"og:title\" content=\"B4324 Wijnklimaatkast 24 flessen met 2 temperatuurzones\" \/>\n<meta property=\"og:description\" content=\"B4324 Wijnklimaatkast van BODEGA43. Compacte wijnklimaatkast voor 24 flessen met twee temperatuurzones.\" \/>\n<meta property=\"og:url\" content=\"https:\/\/bodega43.com\/fr\/product\/b4324\/\" \/>\n<meta property=\"og:site_name\" content=\"BODEGA43\" \/>\n<meta property=\"article:modified_time\" content=\"2026-02-19T15:13:39+00:00\" \/>\n<meta property=\"og:image\" content=\"https:\/\/bodega43.com\/app\/uploads\/2019\/02\/B4324-front-1-scaled.jpg\" \/>\n\t<meta property=\"og:image:width\" content=\"1607\" \/>\n\t<meta property=\"og:image:height\" content=\"2560\" \/>\n\t<meta property=\"og:image:type\" content=\"image\/jpeg\" \/>\n<meta name=\"twitter:card\" content=\"summary_large_image\" \/>\n<meta name=\"twitter:label1\" content=\"Dur\u00e9e de lecture estim\u00e9e\" \/>\n\t<meta name=\"twitter:data1\" content=\"1 minute\" \/>\n<script type=\"application\/ld+json\" class=\"yoast-schema-graph\">{\"@context\":\"https:\/\/schema.org\",\"@graph\":[{\"@type\":\"WebPage\",\"@id\":\"https:\/\/bodega43.com\/product\/b4324\/\",\"url\":\"https:\/\/bodega43.com\/product\/b4324\/\",\"name\":\"B4324 Wijnklimaatkast 24 flessen met 2 temperatuurzones\",\"isPartOf\":{\"@id\":\"https:\/\/bodega43.com\/de\/#website\"},\"primaryImageOfPage\":{\"@id\":\"https:\/\/bodega43.com\/product\/b4324\/#primaryimage\"},\"image\":{\"@id\":\"https:\/\/bodega43.com\/product\/b4324\/#primaryimage\"},\"thumbnailUrl\":\"https:\/\/bodega43.com\/app\/uploads\/2019\/02\/B4324-front-1-scaled.jpg\",\"datePublished\":\"2019-01-22T13:56:14+00:00\",\"dateModified\":\"2026-02-19T15:13:39+00:00\",\"description\":\"B4324 Wijnklimaatkast van BODEGA43. Compacte wijnklimaatkast voor 24 flessen met twee temperatuurzones.\",\"breadcrumb\":{\"@id\":\"https:\/\/bodega43.com\/product\/b4324\/#breadcrumb\"},\"inLanguage\":\"fr-FR\",\"potentialAction\":[{\"@type\":\"ReadAction\",\"target\":[\"https:\/\/bodega43.com\/product\/b4324\/\"]}]},{\"@type\":\"ImageObject\",\"inLanguage\":\"fr-FR\",\"@id\":\"https:\/\/bodega43.com\/product\/b4324\/#primaryimage\",\"url\":\"https:\/\/bodega43.com\/app\/uploads\/2019\/02\/B4324-front-1-scaled.jpg\",\"contentUrl\":\"https:\/\/bodega43.com\/app\/uploads\/2019\/02\/B4324-front-1-scaled.jpg\",\"width\":1607,\"height\":2560,\"caption\":\"bodega43-24\"},{\"@type\":\"BreadcrumbList\",\"@id\":\"https:\/\/bodega43.com\/product\/b4324\/#breadcrumb\",\"itemListElement\":[{\"@type\":\"ListItem\",\"position\":1,\"name\":\"Home\",\"item\":\"https:\/\/bodega43.com\/\"},{\"@type\":\"ListItem\",\"position\":2,\"name\":\"B4324 Wijnklimaatkast\"}]},{\"@type\":\"WebSite\",\"@id\":\"https:\/\/bodega43.com\/de\/#website\",\"url\":\"https:\/\/bodega43.com\/de\/\",\"name\":\"BODEGA43\",\"description\":\"De beste kelder voor je wijnen\",\"potentialAction\":[{\"@type\":\"SearchAction\",\"target\":{\"@type\":\"EntryPoint\",\"urlTemplate\":\"https:\/\/bodega43.com\/de\/?s={search_term_string}\"},\"query-input\":\"required name=search_term_string\"}],\"inLanguage\":\"fr-FR\"}]}<\/script>\n<!-- \/ Yoast SEO plugin. -->","yoast_head_json":{"title":"B4324 Wijnklimaatkast 24 flessen met 2 temperatuurzones","description":"B4324 Wijnklimaatkast van BODEGA43. Compacte wijnklimaatkast voor 24 flessen met twee temperatuurzones.","robots":{"index":"index","follow":"follow","max-snippet":"max-snippet:-1","max-image-preview":"max-image-preview:large","max-video-preview":"max-video-preview:-1"},"canonical":"https:\/\/bodega43.com\/fr\/product\/b4324\/","og_locale":"fr_FR","og_type":"article","og_title":"B4324 Wijnklimaatkast 24 flessen met 2 temperatuurzones","og_description":"B4324 Wijnklimaatkast van BODEGA43. Compacte wijnklimaatkast voor 24 flessen met twee temperatuurzones.","og_url":"https:\/\/bodega43.com\/fr\/product\/b4324\/","og_site_name":"BODEGA43","article_modified_time":"2026-02-19T15:13:39+00:00","og_image":[{"width":1607,"height":2560,"url":"https:\/\/bodega43.com\/app\/uploads\/2019\/02\/B4324-front-1-scaled.jpg","type":"image\/jpeg"}],"twitter_card":"summary_large_image","twitter_misc":{"Dur\u00e9e de lecture estim\u00e9e":"1 minute"},"schema":{"@context":"https:\/\/schema.org","@graph":[{"@type":"WebPage","@id":"https:\/\/bodega43.com\/product\/b4324\/","url":"https:\/\/bodega43.com\/product\/b4324\/","name":"B4324 Wijnklimaatkast 24 flessen met 2 temperatuurzones","isPartOf":{"@id":"https:\/\/bodega43.com\/de\/#website"},"primaryImageOfPage":{"@id":"https:\/\/bodega43.com\/product\/b4324\/#primaryimage"},"image":{"@id":"https:\/\/bodega43.com\/product\/b4324\/#primaryimage"},"thumbnailUrl":"https:\/\/bodega43.com\/app\/uploads\/2019\/02\/B4324-front-1-scaled.jpg","datePublished":"2019-01-22T13:56:14+00:00","dateModified":"2026-02-19T15:13:39+00:00","description":"B4324 Wijnklimaatkast van BODEGA43. Compacte wijnklimaatkast voor 24 flessen met twee temperatuurzones.","breadcrumb":{"@id":"https:\/\/bodega43.com\/product\/b4324\/#breadcrumb"},"inLanguage":"fr-FR","potentialAction":[{"@type":"ReadAction","target":["https:\/\/bodega43.com\/product\/b4324\/"]}]},{"@type":"ImageObject","inLanguage":"fr-FR","@id":"https:\/\/bodega43.com\/product\/b4324\/#primaryimage","url":"https:\/\/bodega43.com\/app\/uploads\/2019\/02\/B4324-front-1-scaled.jpg","contentUrl":"https:\/\/bodega43.com\/app\/uploads\/2019\/02\/B4324-front-1-scaled.jpg","width":1607,"height":2560,"caption":"bodega43-24"},{"@type":"BreadcrumbList","@id":"https:\/\/bodega43.com\/product\/b4324\/#breadcrumb","itemListElement":[{"@type":"ListItem","position":1,"name":"Home","item":"https:\/\/bodega43.com\/"},{"@type":"ListItem","position":2,"name":"B4324 Wijnklimaatkast"}]},{"@type":"WebSite","@id":"https:\/\/bodega43.com\/de\/#website","url":"https:\/\/bodega43.com\/de\/","name":"BODEGA43","description":"De beste kelder voor je wijnen","potentialAction":[{"@type":"SearchAction","target":{"@type":"EntryPoint","urlTemplate":"https:\/\/bodega43.com\/de\/?s={search_term_string}"},"query-input":"required name=search_term_string"}],"inLanguage":"fr-FR"}]}},"_links":{"self":[{"href":"https:\/\/bodega43.com\/fr\/wp-json\/wp\/v2\/product\/744"}],"collection":[{"href":"https:\/\/bodega43.com\/fr\/wp-json\/wp\/v2\/product"}],"about":[{"href":"https:\/\/bodega43.com\/fr\/wp-json\/wp\/v2\/types\/product"}],"version-history":[{"count":27,"href":"https:\/\/bodega43.com\/fr\/wp-json\/wp\/v2\/product\/744\/revisions"}],"predecessor-version":[{"id":8636,"href":"https:\/\/bodega43.com\/fr\/wp-json\/wp\/v2\/product\/744\/revisions\/8636"}],"wp:featuredmedia":[{"embeddable":true,"href":"https:\/\/bodega43.com\/fr\/wp-json\/wp\/v2\/media\/474"}],"wp:attachment":[{"href":"https:\/\/bodega43.com\/fr\/wp-json\/wp\/v2\/media?parent=744"}],"curies":[{"name":"wp","href":"https:\/\/api.w.org\/{rel}","templated":true}]}}