{"id":746,"date":"2019-01-22T13:56:08","date_gmt":"2019-01-22T13:56:08","guid":{"rendered":"http:\/\/64.131.77.249\/Bodega43\/product\/b4340-wijnkoelkast\/"},"modified":"2026-02-19T15:09:40","modified_gmt":"2026-02-19T15:09:40","slug":"b4340","status":"publish","type":"product","link":"https:\/\/bodega43.com\/fr\/product\/b4340\/","title":{"rendered":"B4340 Cave \u00e0 vin encastrable"},"content":{"rendered":"<p>Cave \u00e0 vin avec un panneau tactile et deux zones de temp\u00e9rature pour 12 et 28 bouteilles des vins rouges et blancs toujours \u00e0 la bonne temp\u00e9rature de service.\u00a0Tr\u00e8s approprie\u00e9 pour l\u2019ins\u00e9rer dans une cuisine de luxe.\u00a0 Elle poss\u00e8de une hauteur limit\u00e9 et donc la BODEGA43 - 40 s\u2019adapte exactement sous un plan de travail mais elle peut \u00eatre \u00e9galement plac\u00e9\u00e9 s\u00e9par\u00e9ment.\u00a0La porte en verre avec trois doubles vitrages, est r\u00e9sistant aux UV et elle a une poign\u00e9e en acier inoxydable bross\u00e9.\u00a0Tout le monde sera \u00e9bahi en regardant cette pi\u00e8ce ma\u00eetresse dans votre cuisine de design.<\/p>\n<p>Lisez ici le <em><strong><a href=\"http:\/\/bodega43.com\/wp-content\/uploads\/2019\/01\/Manual-bodega43-EN-NL-ES-DE.pdf\" target=\"_blank\" rel=\"noopener\">manuel du produit<\/a>\u00a0<\/strong><\/em>de BODEGA43.<\/p>","protected":false},"featured_media":5527,"template":"","yoast_head":"<!-- This site is optimized with the Yoast SEO plugin v22.2 - https:\/\/yoast.com\/wordpress\/plugins\/seo\/ -->\n<title>B4340 Inbouw Wijnklimaatkast - Twee temperatuurzones<\/title>\n<meta name=\"description\" content=\"B4340 Inbouw Wijnklimaatkast met twee zones. Zeer geschikt om in te bouwen in een luxe design keuken.\" \/>\n<meta name=\"robots\" content=\"index, follow, max-snippet:-1, max-image-preview:large, max-video-preview:-1\" \/>\n<link rel=\"canonical\" href=\"https:\/\/bodega43.com\/fr\/product\/b4340\/\" \/>\n<meta property=\"og:locale\" content=\"fr_FR\" \/>\n<meta property=\"og:type\" content=\"article\" \/>\n<meta property=\"og:title\" content=\"B4340 Inbouw Wijnklimaatkast - Twee temperatuurzones\" \/>\n<meta property=\"og:description\" content=\"B4340 Inbouw Wijnklimaatkast met twee zones. Zeer geschikt om in te bouwen in een luxe design keuken.\" \/>\n<meta property=\"og:url\" content=\"https:\/\/bodega43.com\/fr\/product\/b4340\/\" \/>\n<meta property=\"og:site_name\" content=\"BODEGA43\" \/>\n<meta property=\"article:modified_time\" content=\"2026-02-19T15:09:40+00:00\" \/>\n<meta property=\"og:image\" content=\"https:\/\/bodega43.com\/app\/uploads\/2019\/01\/B4324-front-1-643x1024-1.png\" \/>\n\t<meta property=\"og:image:width\" content=\"643\" \/>\n\t<meta property=\"og:image:height\" content=\"1024\" \/>\n\t<meta property=\"og:image:type\" content=\"image\/png\" \/>\n<meta name=\"twitter:card\" content=\"summary_large_image\" \/>\n<meta name=\"twitter:label1\" content=\"Dur\u00e9e de lecture estim\u00e9e\" \/>\n\t<meta name=\"twitter:data1\" content=\"1 minute\" \/>\n<script type=\"application\/ld+json\" class=\"yoast-schema-graph\">{\"@context\":\"https:\/\/schema.org\",\"@graph\":[{\"@type\":\"WebPage\",\"@id\":\"https:\/\/bodega43.com\/product\/b4340\/\",\"url\":\"https:\/\/bodega43.com\/product\/b4340\/\",\"name\":\"B4340 Inbouw Wijnklimaatkast - Twee temperatuurzones\",\"isPartOf\":{\"@id\":\"https:\/\/bodega43.com\/de\/#website\"},\"primaryImageOfPage\":{\"@id\":\"https:\/\/bodega43.com\/product\/b4340\/#primaryimage\"},\"image\":{\"@id\":\"https:\/\/bodega43.com\/product\/b4340\/#primaryimage\"},\"thumbnailUrl\":\"https:\/\/bodega43.com\/app\/uploads\/2019\/01\/B4324-front-1-643x1024-1.png\",\"datePublished\":\"2019-01-22T13:56:08+00:00\",\"dateModified\":\"2026-02-19T15:09:40+00:00\",\"description\":\"B4340 Inbouw Wijnklimaatkast met twee zones. Zeer geschikt om in te bouwen in een luxe design keuken.\",\"breadcrumb\":{\"@id\":\"https:\/\/bodega43.com\/product\/b4340\/#breadcrumb\"},\"inLanguage\":\"fr-FR\",\"potentialAction\":[{\"@type\":\"ReadAction\",\"target\":[\"https:\/\/bodega43.com\/product\/b4340\/\"]}]},{\"@type\":\"ImageObject\",\"inLanguage\":\"fr-FR\",\"@id\":\"https:\/\/bodega43.com\/product\/b4340\/#primaryimage\",\"url\":\"https:\/\/bodega43.com\/app\/uploads\/2019\/01\/B4324-front-1-643x1024-1.png\",\"contentUrl\":\"https:\/\/bodega43.com\/app\/uploads\/2019\/01\/B4324-front-1-643x1024-1.png\",\"width\":643,\"height\":1024},{\"@type\":\"BreadcrumbList\",\"@id\":\"https:\/\/bodega43.com\/product\/b4340\/#breadcrumb\",\"itemListElement\":[{\"@type\":\"ListItem\",\"position\":1,\"name\":\"Home\",\"item\":\"https:\/\/bodega43.com\/\"},{\"@type\":\"ListItem\",\"position\":2,\"name\":\"B4340 Wijnklimaatkast\"}]},{\"@type\":\"WebSite\",\"@id\":\"https:\/\/bodega43.com\/de\/#website\",\"url\":\"https:\/\/bodega43.com\/de\/\",\"name\":\"BODEGA43\",\"description\":\"De beste kelder voor je wijnen\",\"potentialAction\":[{\"@type\":\"SearchAction\",\"target\":{\"@type\":\"EntryPoint\",\"urlTemplate\":\"https:\/\/bodega43.com\/de\/?s={search_term_string}\"},\"query-input\":\"required name=search_term_string\"}],\"inLanguage\":\"fr-FR\"}]}<\/script>\n<!-- \/ Yoast SEO plugin. -->","yoast_head_json":{"title":"B4340 Inbouw Wijnklimaatkast - Twee temperatuurzones","description":"B4340 Inbouw Wijnklimaatkast met twee zones. Zeer geschikt om in te bouwen in een luxe design keuken.","robots":{"index":"index","follow":"follow","max-snippet":"max-snippet:-1","max-image-preview":"max-image-preview:large","max-video-preview":"max-video-preview:-1"},"canonical":"https:\/\/bodega43.com\/fr\/product\/b4340\/","og_locale":"fr_FR","og_type":"article","og_title":"B4340 Inbouw Wijnklimaatkast - Twee temperatuurzones","og_description":"B4340 Inbouw Wijnklimaatkast met twee zones. Zeer geschikt om in te bouwen in een luxe design keuken.","og_url":"https:\/\/bodega43.com\/fr\/product\/b4340\/","og_site_name":"BODEGA43","article_modified_time":"2026-02-19T15:09:40+00:00","og_image":[{"width":643,"height":1024,"url":"https:\/\/bodega43.com\/app\/uploads\/2019\/01\/B4324-front-1-643x1024-1.png","type":"image\/png"}],"twitter_card":"summary_large_image","twitter_misc":{"Dur\u00e9e de lecture estim\u00e9e":"1 minute"},"schema":{"@context":"https:\/\/schema.org","@graph":[{"@type":"WebPage","@id":"https:\/\/bodega43.com\/product\/b4340\/","url":"https:\/\/bodega43.com\/product\/b4340\/","name":"B4340 Inbouw Wijnklimaatkast - Twee temperatuurzones","isPartOf":{"@id":"https:\/\/bodega43.com\/de\/#website"},"primaryImageOfPage":{"@id":"https:\/\/bodega43.com\/product\/b4340\/#primaryimage"},"image":{"@id":"https:\/\/bodega43.com\/product\/b4340\/#primaryimage"},"thumbnailUrl":"https:\/\/bodega43.com\/app\/uploads\/2019\/01\/B4324-front-1-643x1024-1.png","datePublished":"2019-01-22T13:56:08+00:00","dateModified":"2026-02-19T15:09:40+00:00","description":"B4340 Inbouw Wijnklimaatkast met twee zones. Zeer geschikt om in te bouwen in een luxe design keuken.","breadcrumb":{"@id":"https:\/\/bodega43.com\/product\/b4340\/#breadcrumb"},"inLanguage":"fr-FR","potentialAction":[{"@type":"ReadAction","target":["https:\/\/bodega43.com\/product\/b4340\/"]}]},{"@type":"ImageObject","inLanguage":"fr-FR","@id":"https:\/\/bodega43.com\/product\/b4340\/#primaryimage","url":"https:\/\/bodega43.com\/app\/uploads\/2019\/01\/B4324-front-1-643x1024-1.png","contentUrl":"https:\/\/bodega43.com\/app\/uploads\/2019\/01\/B4324-front-1-643x1024-1.png","width":643,"height":1024},{"@type":"BreadcrumbList","@id":"https:\/\/bodega43.com\/product\/b4340\/#breadcrumb","itemListElement":[{"@type":"ListItem","position":1,"name":"Home","item":"https:\/\/bodega43.com\/"},{"@type":"ListItem","position":2,"name":"B4340 Wijnklimaatkast"}]},{"@type":"WebSite","@id":"https:\/\/bodega43.com\/de\/#website","url":"https:\/\/bodega43.com\/de\/","name":"BODEGA43","description":"De beste kelder voor je wijnen","potentialAction":[{"@type":"SearchAction","target":{"@type":"EntryPoint","urlTemplate":"https:\/\/bodega43.com\/de\/?s={search_term_string}"},"query-input":"required name=search_term_string"}],"inLanguage":"fr-FR"}]}},"_links":{"self":[{"href":"https:\/\/bodega43.com\/fr\/wp-json\/wp\/v2\/product\/746"}],"collection":[{"href":"https:\/\/bodega43.com\/fr\/wp-json\/wp\/v2\/product"}],"about":[{"href":"https:\/\/bodega43.com\/fr\/wp-json\/wp\/v2\/types\/product"}],"version-history":[{"count":32,"href":"https:\/\/bodega43.com\/fr\/wp-json\/wp\/v2\/product\/746\/revisions"}],"predecessor-version":[{"id":8633,"href":"https:\/\/bodega43.com\/fr\/wp-json\/wp\/v2\/product\/746\/revisions\/8633"}],"wp:featuredmedia":[{"embeddable":true,"href":"https:\/\/bodega43.com\/fr\/wp-json\/wp\/v2\/media\/5527"}],"wp:attachment":[{"href":"https:\/\/bodega43.com\/fr\/wp-json\/wp\/v2\/media?parent=746"}],"curies":[{"name":"wp","href":"https:\/\/api.w.org\/{rel}","templated":true}]}}