{"id":750,"date":"2019-01-22T13:36:58","date_gmt":"2019-01-22T13:36:58","guid":{"rendered":"http:\/\/64.131.77.249\/Bodega43\/product\/b4366-wijnkoelkast\/"},"modified":"2026-02-19T15:07:18","modified_gmt":"2026-02-19T15:07:18","slug":"b4364f","status":"publish","type":"product","link":"https:\/\/bodega43.com\/fr\/product\/b4364\/","title":{"rendered":"B4364F Wijnklimaatkast"},"content":{"rendered":"<p>Avec une capacit\u00e9 de pas moins de 64 bouteilles et deux zones de temp\u00e9rature, cette BODEGA43 est une pi\u00e8ce ma\u00eetresse dans le salon de l\u2019amateur de vin. Il y a suffisamment d\u2019espace pour stocker des vins de diff\u00e9rentes origines afin que vous ayez le bon vin \u00e0 port\u00e9e de main chaque instant.\u00a0Porte design en verre avec poign\u00e9e en acier inoxydable et trois doubles verre r\u00e9sistant aux UV.<\/p>\n<p>Lisez ici le <em><strong><a href=\"http:\/\/bodega43.com\/wp-content\/uploads\/2019\/01\/Manual-bodega43-EN-NL-ES-DE.pdf\" target=\"_blank\" rel=\"noopener\">manuel du produit<\/a>\u00a0<\/strong><\/em>de BODEGA43.<\/p>","protected":false},"featured_media":5528,"template":"","yoast_head":"<!-- This site is optimized with the Yoast SEO plugin v22.2 - https:\/\/yoast.com\/wordpress\/plugins\/seo\/ -->\n<title>B4364F Wijnklimaatkast 64 Flessen en twee temperatuurzones<\/title>\n<meta name=\"description\" content=\"B4364F Wijnklimaatkast met volglazen design deur. RVS handvat en drie dubbel uv werend glas voor optimale rijping.\" \/>\n<meta name=\"robots\" content=\"index, follow, max-snippet:-1, max-image-preview:large, max-video-preview:-1\" \/>\n<link rel=\"canonical\" href=\"https:\/\/bodega43.com\/fr\/product\/b4364\/\" \/>\n<meta property=\"og:locale\" content=\"fr_FR\" \/>\n<meta property=\"og:type\" content=\"article\" \/>\n<meta property=\"og:title\" content=\"B4364F Wijnklimaatkast 64 Flessen en twee temperatuurzones\" \/>\n<meta property=\"og:description\" content=\"B4364F Wijnklimaatkast met volglazen design deur. RVS handvat en drie dubbel uv werend glas voor optimale rijping.\" \/>\n<meta property=\"og:url\" content=\"https:\/\/bodega43.com\/fr\/product\/b4364\/\" \/>\n<meta property=\"og:site_name\" content=\"BODEGA43\" \/>\n<meta property=\"article:modified_time\" content=\"2026-02-19T15:07:18+00:00\" \/>\n<meta property=\"og:image\" content=\"https:\/\/bodega43.com\/app\/uploads\/2019\/01\/B4324-front-1-643x10242-1.png\" \/>\n\t<meta property=\"og:image:width\" content=\"643\" \/>\n\t<meta property=\"og:image:height\" content=\"1024\" \/>\n\t<meta property=\"og:image:type\" content=\"image\/png\" \/>\n<meta name=\"twitter:card\" content=\"summary_large_image\" \/>\n<meta name=\"twitter:label1\" content=\"Dur\u00e9e de lecture estim\u00e9e\" \/>\n\t<meta name=\"twitter:data1\" content=\"1 minute\" \/>\n<script type=\"application\/ld+json\" class=\"yoast-schema-graph\">{\"@context\":\"https:\/\/schema.org\",\"@graph\":[{\"@type\":\"WebPage\",\"@id\":\"https:\/\/bodega43.com\/product\/b4364f\/\",\"url\":\"https:\/\/bodega43.com\/product\/b4364f\/\",\"name\":\"B4364F Wijnklimaatkast 64 Flessen en twee temperatuurzones\",\"isPartOf\":{\"@id\":\"https:\/\/bodega43.com\/de\/#website\"},\"primaryImageOfPage\":{\"@id\":\"https:\/\/bodega43.com\/product\/b4364f\/#primaryimage\"},\"image\":{\"@id\":\"https:\/\/bodega43.com\/product\/b4364f\/#primaryimage\"},\"thumbnailUrl\":\"https:\/\/bodega43.com\/app\/uploads\/2019\/01\/B4324-front-1-643x10242-1.png\",\"datePublished\":\"2019-01-22T13:36:58+00:00\",\"dateModified\":\"2026-02-19T15:07:18+00:00\",\"description\":\"B4364F Wijnklimaatkast met volglazen design deur. RVS handvat en drie dubbel uv werend glas voor optimale rijping.\",\"breadcrumb\":{\"@id\":\"https:\/\/bodega43.com\/product\/b4364f\/#breadcrumb\"},\"inLanguage\":\"fr-FR\",\"potentialAction\":[{\"@type\":\"ReadAction\",\"target\":[\"https:\/\/bodega43.com\/product\/b4364f\/\"]}]},{\"@type\":\"ImageObject\",\"inLanguage\":\"fr-FR\",\"@id\":\"https:\/\/bodega43.com\/product\/b4364f\/#primaryimage\",\"url\":\"https:\/\/bodega43.com\/app\/uploads\/2019\/01\/B4324-front-1-643x10242-1.png\",\"contentUrl\":\"https:\/\/bodega43.com\/app\/uploads\/2019\/01\/B4324-front-1-643x10242-1.png\",\"width\":643,\"height\":1024},{\"@type\":\"BreadcrumbList\",\"@id\":\"https:\/\/bodega43.com\/product\/b4364f\/#breadcrumb\",\"itemListElement\":[{\"@type\":\"ListItem\",\"position\":1,\"name\":\"Home\",\"item\":\"https:\/\/bodega43.com\/\"},{\"@type\":\"ListItem\",\"position\":2,\"name\":\"B4364F Wijnklimaatkast\"}]},{\"@type\":\"WebSite\",\"@id\":\"https:\/\/bodega43.com\/de\/#website\",\"url\":\"https:\/\/bodega43.com\/de\/\",\"name\":\"BODEGA43\",\"description\":\"De beste kelder voor je wijnen\",\"potentialAction\":[{\"@type\":\"SearchAction\",\"target\":{\"@type\":\"EntryPoint\",\"urlTemplate\":\"https:\/\/bodega43.com\/de\/?s={search_term_string}\"},\"query-input\":\"required name=search_term_string\"}],\"inLanguage\":\"fr-FR\"}]}<\/script>\n<!-- \/ Yoast SEO plugin. -->","yoast_head_json":{"title":"B4364F Wijnklimaatkast 64 Flessen en twee temperatuurzones","description":"B4364F Wijnklimaatkast met volglazen design deur. RVS handvat en drie dubbel uv werend glas voor optimale rijping.","robots":{"index":"index","follow":"follow","max-snippet":"max-snippet:-1","max-image-preview":"max-image-preview:large","max-video-preview":"max-video-preview:-1"},"canonical":"https:\/\/bodega43.com\/fr\/product\/b4364\/","og_locale":"fr_FR","og_type":"article","og_title":"B4364F Wijnklimaatkast 64 Flessen en twee temperatuurzones","og_description":"B4364F Wijnklimaatkast met volglazen design deur. RVS handvat en drie dubbel uv werend glas voor optimale rijping.","og_url":"https:\/\/bodega43.com\/fr\/product\/b4364\/","og_site_name":"BODEGA43","article_modified_time":"2026-02-19T15:07:18+00:00","og_image":[{"width":643,"height":1024,"url":"https:\/\/bodega43.com\/app\/uploads\/2019\/01\/B4324-front-1-643x10242-1.png","type":"image\/png"}],"twitter_card":"summary_large_image","twitter_misc":{"Dur\u00e9e de lecture estim\u00e9e":"1 minute"},"schema":{"@context":"https:\/\/schema.org","@graph":[{"@type":"WebPage","@id":"https:\/\/bodega43.com\/product\/b4364f\/","url":"https:\/\/bodega43.com\/product\/b4364f\/","name":"B4364F Wijnklimaatkast 64 Flessen en twee temperatuurzones","isPartOf":{"@id":"https:\/\/bodega43.com\/de\/#website"},"primaryImageOfPage":{"@id":"https:\/\/bodega43.com\/product\/b4364f\/#primaryimage"},"image":{"@id":"https:\/\/bodega43.com\/product\/b4364f\/#primaryimage"},"thumbnailUrl":"https:\/\/bodega43.com\/app\/uploads\/2019\/01\/B4324-front-1-643x10242-1.png","datePublished":"2019-01-22T13:36:58+00:00","dateModified":"2026-02-19T15:07:18+00:00","description":"B4364F Wijnklimaatkast met volglazen design deur. RVS handvat en drie dubbel uv werend glas voor optimale rijping.","breadcrumb":{"@id":"https:\/\/bodega43.com\/product\/b4364f\/#breadcrumb"},"inLanguage":"fr-FR","potentialAction":[{"@type":"ReadAction","target":["https:\/\/bodega43.com\/product\/b4364f\/"]}]},{"@type":"ImageObject","inLanguage":"fr-FR","@id":"https:\/\/bodega43.com\/product\/b4364f\/#primaryimage","url":"https:\/\/bodega43.com\/app\/uploads\/2019\/01\/B4324-front-1-643x10242-1.png","contentUrl":"https:\/\/bodega43.com\/app\/uploads\/2019\/01\/B4324-front-1-643x10242-1.png","width":643,"height":1024},{"@type":"BreadcrumbList","@id":"https:\/\/bodega43.com\/product\/b4364f\/#breadcrumb","itemListElement":[{"@type":"ListItem","position":1,"name":"Home","item":"https:\/\/bodega43.com\/"},{"@type":"ListItem","position":2,"name":"B4364F Wijnklimaatkast"}]},{"@type":"WebSite","@id":"https:\/\/bodega43.com\/de\/#website","url":"https:\/\/bodega43.com\/de\/","name":"BODEGA43","description":"De beste kelder voor je wijnen","potentialAction":[{"@type":"SearchAction","target":{"@type":"EntryPoint","urlTemplate":"https:\/\/bodega43.com\/de\/?s={search_term_string}"},"query-input":"required name=search_term_string"}],"inLanguage":"fr-FR"}]}},"_links":{"self":[{"href":"https:\/\/bodega43.com\/fr\/wp-json\/wp\/v2\/product\/750"}],"collection":[{"href":"https:\/\/bodega43.com\/fr\/wp-json\/wp\/v2\/product"}],"about":[{"href":"https:\/\/bodega43.com\/fr\/wp-json\/wp\/v2\/types\/product"}],"version-history":[{"count":37,"href":"https:\/\/bodega43.com\/fr\/wp-json\/wp\/v2\/product\/750\/revisions"}],"predecessor-version":[{"id":8631,"href":"https:\/\/bodega43.com\/fr\/wp-json\/wp\/v2\/product\/750\/revisions\/8631"}],"wp:featuredmedia":[{"embeddable":true,"href":"https:\/\/bodega43.com\/fr\/wp-json\/wp\/v2\/media\/5528"}],"wp:attachment":[{"href":"https:\/\/bodega43.com\/fr\/wp-json\/wp\/v2\/media?parent=750"}],"curies":[{"name":"wp","href":"https:\/\/api.w.org\/{rel}","templated":true}]}}