{"id":8404,"date":"2022-12-28T08:41:26","date_gmt":"2022-12-28T08:41:26","guid":{"rendered":"https:\/\/bodega43.com\/product\/b4324-copy\/"},"modified":"2026-02-19T15:10:29","modified_gmt":"2026-02-19T15:10:29","slug":"b4328","status":"publish","type":"product","link":"https:\/\/bodega43.com\/fr\/product\/b4328\/","title":{"rendered":"B4328 Cave \u00e0 vin"},"content":{"rendered":"<p>Cave \u00e0 vin climatis\u00e9e compacte pour 28 bouteilles avec deux zones de temp\u00e9rature et un panneau tactile.<br \/>\nLa zone sup\u00e9rieure peut accueillir 10 bouteilles de vin qui peuvent \u00eatre conserv\u00e9es entre 5-12 degr\u00e9s. La zone inf\u00e9rieure peut \u00eatre r\u00e9gl\u00e9e de 10 \u00e0 20 degr\u00e9s et peut accueillir 18 bouteilles.<br \/>\nLa porte design enti\u00e8rement en verre est \u00e9quip\u00e9e d'un verre r\u00e9sistant aux UV et d'une poign\u00e9e en acier inoxydable. Id\u00e9ale comme cave \u00e0 vin pour une utilisation \u00e0 domicile ou au bureau. Gr\u00e2ce \u00e0 son poids modeste (38kg), elle est \u00e9galement tr\u00e8s adapt\u00e9e \u00e0 une utilisation dans des lieux changeants, par exemple par des entreprises de restauration \u00e0 petite \u00e9chelle.<\/p>\n<p>Lisez ici le <em><strong><a href=\"https:\/\/bodega43.com\/fr\/app\/uploads\/2021\/03\/Manual-BODEGA43-B4324-B4340-B4366-B43180-1.pdf\/\" target=\"_blank\" rel=\"noopener\">manuel du produit<\/a>\u00a0<\/strong><\/em>de BODEGA43.<\/p>","protected":false},"featured_media":0,"template":"","yoast_head":"<!-- This site is optimized with the Yoast SEO plugin v22.2 - https:\/\/yoast.com\/wordpress\/plugins\/seo\/ -->\n<title>B4328 Wijnklimaatkast 28 flessen met 2 temperatuurzones<\/title>\n<meta name=\"description\" content=\"B4328 Wijnklimaatkast van BODEGA43. Compacte wijnklimaatkast voor 28 flessen met twee temperatuurzones.\" \/>\n<meta name=\"robots\" content=\"index, follow, max-snippet:-1, max-image-preview:large, max-video-preview:-1\" \/>\n<link rel=\"canonical\" href=\"https:\/\/bodega43.com\/fr\/product\/b4328\/\" \/>\n<meta property=\"og:locale\" content=\"fr_FR\" \/>\n<meta property=\"og:type\" content=\"article\" \/>\n<meta property=\"og:title\" content=\"B4328 Wijnklimaatkast 28 flessen met 2 temperatuurzones\" \/>\n<meta property=\"og:description\" content=\"B4328 Wijnklimaatkast van BODEGA43. Compacte wijnklimaatkast voor 28 flessen met twee temperatuurzones.\" \/>\n<meta property=\"og:url\" content=\"https:\/\/bodega43.com\/fr\/product\/b4328\/\" \/>\n<meta property=\"og:site_name\" content=\"BODEGA43\" \/>\n<meta property=\"article:modified_time\" content=\"2026-02-19T15:10:29+00:00\" \/>\n<meta name=\"twitter:card\" content=\"summary_large_image\" \/>\n<meta name=\"twitter:label1\" content=\"Dur\u00e9e de lecture estim\u00e9e\" \/>\n\t<meta name=\"twitter:data1\" content=\"1 minute\" \/>\n<script type=\"application\/ld+json\" class=\"yoast-schema-graph\">{\"@context\":\"https:\/\/schema.org\",\"@graph\":[{\"@type\":\"WebPage\",\"@id\":\"https:\/\/bodega43.com\/product\/b4328\/\",\"url\":\"https:\/\/bodega43.com\/product\/b4328\/\",\"name\":\"B4328 Wijnklimaatkast 28 flessen met 2 temperatuurzones\",\"isPartOf\":{\"@id\":\"https:\/\/bodega43.com\/de\/#website\"},\"datePublished\":\"2022-12-28T08:41:26+00:00\",\"dateModified\":\"2026-02-19T15:10:29+00:00\",\"description\":\"B4328 Wijnklimaatkast van BODEGA43. Compacte wijnklimaatkast voor 28 flessen met twee temperatuurzones.\",\"breadcrumb\":{\"@id\":\"https:\/\/bodega43.com\/product\/b4328\/#breadcrumb\"},\"inLanguage\":\"fr-FR\",\"potentialAction\":[{\"@type\":\"ReadAction\",\"target\":[\"https:\/\/bodega43.com\/product\/b4328\/\"]}]},{\"@type\":\"BreadcrumbList\",\"@id\":\"https:\/\/bodega43.com\/product\/b4328\/#breadcrumb\",\"itemListElement\":[{\"@type\":\"ListItem\",\"position\":1,\"name\":\"Home\",\"item\":\"https:\/\/bodega43.com\/\"},{\"@type\":\"ListItem\",\"position\":2,\"name\":\"B4328 Wijnklimaatkast\"}]},{\"@type\":\"WebSite\",\"@id\":\"https:\/\/bodega43.com\/de\/#website\",\"url\":\"https:\/\/bodega43.com\/de\/\",\"name\":\"BODEGA43\",\"description\":\"De beste kelder voor je wijnen\",\"potentialAction\":[{\"@type\":\"SearchAction\",\"target\":{\"@type\":\"EntryPoint\",\"urlTemplate\":\"https:\/\/bodega43.com\/de\/?s={search_term_string}\"},\"query-input\":\"required name=search_term_string\"}],\"inLanguage\":\"fr-FR\"}]}<\/script>\n<!-- \/ Yoast SEO plugin. -->","yoast_head_json":{"title":"B4328 Wijnklimaatkast 28 flessen met 2 temperatuurzones","description":"B4328 Wijnklimaatkast van BODEGA43. Compacte wijnklimaatkast voor 28 flessen met twee temperatuurzones.","robots":{"index":"index","follow":"follow","max-snippet":"max-snippet:-1","max-image-preview":"max-image-preview:large","max-video-preview":"max-video-preview:-1"},"canonical":"https:\/\/bodega43.com\/fr\/product\/b4328\/","og_locale":"fr_FR","og_type":"article","og_title":"B4328 Wijnklimaatkast 28 flessen met 2 temperatuurzones","og_description":"B4328 Wijnklimaatkast van BODEGA43. Compacte wijnklimaatkast voor 28 flessen met twee temperatuurzones.","og_url":"https:\/\/bodega43.com\/fr\/product\/b4328\/","og_site_name":"BODEGA43","article_modified_time":"2026-02-19T15:10:29+00:00","twitter_card":"summary_large_image","twitter_misc":{"Dur\u00e9e de lecture estim\u00e9e":"1 minute"},"schema":{"@context":"https:\/\/schema.org","@graph":[{"@type":"WebPage","@id":"https:\/\/bodega43.com\/product\/b4328\/","url":"https:\/\/bodega43.com\/product\/b4328\/","name":"B4328 Wijnklimaatkast 28 flessen met 2 temperatuurzones","isPartOf":{"@id":"https:\/\/bodega43.com\/de\/#website"},"datePublished":"2022-12-28T08:41:26+00:00","dateModified":"2026-02-19T15:10:29+00:00","description":"B4328 Wijnklimaatkast van BODEGA43. Compacte wijnklimaatkast voor 28 flessen met twee temperatuurzones.","breadcrumb":{"@id":"https:\/\/bodega43.com\/product\/b4328\/#breadcrumb"},"inLanguage":"fr-FR","potentialAction":[{"@type":"ReadAction","target":["https:\/\/bodega43.com\/product\/b4328\/"]}]},{"@type":"BreadcrumbList","@id":"https:\/\/bodega43.com\/product\/b4328\/#breadcrumb","itemListElement":[{"@type":"ListItem","position":1,"name":"Home","item":"https:\/\/bodega43.com\/"},{"@type":"ListItem","position":2,"name":"B4328 Wijnklimaatkast"}]},{"@type":"WebSite","@id":"https:\/\/bodega43.com\/de\/#website","url":"https:\/\/bodega43.com\/de\/","name":"BODEGA43","description":"De beste kelder voor je wijnen","potentialAction":[{"@type":"SearchAction","target":{"@type":"EntryPoint","urlTemplate":"https:\/\/bodega43.com\/de\/?s={search_term_string}"},"query-input":"required name=search_term_string"}],"inLanguage":"fr-FR"}]}},"_links":{"self":[{"href":"https:\/\/bodega43.com\/fr\/wp-json\/wp\/v2\/product\/8404"}],"collection":[{"href":"https:\/\/bodega43.com\/fr\/wp-json\/wp\/v2\/product"}],"about":[{"href":"https:\/\/bodega43.com\/fr\/wp-json\/wp\/v2\/types\/product"}],"version-history":[{"count":12,"href":"https:\/\/bodega43.com\/fr\/wp-json\/wp\/v2\/product\/8404\/revisions"}],"predecessor-version":[{"id":8634,"href":"https:\/\/bodega43.com\/fr\/wp-json\/wp\/v2\/product\/8404\/revisions\/8634"}],"wp:attachment":[{"href":"https:\/\/bodega43.com\/fr\/wp-json\/wp\/v2\/media?parent=8404"}],"curies":[{"name":"wp","href":"https:\/\/api.w.org\/{rel}","templated":true}]}}