{"id":1059,"date":"2019-03-10T08:04:39","date_gmt":"2019-03-10T08:04:39","guid":{"rendered":"http:\/\/64.131.77.249\/Bodega43\/privacy-policy-copy\/"},"modified":"2022-06-14T12:28:41","modified_gmt":"2022-06-14T12:28:41","slug":"algemene-voorwaarden","status":"publish","type":"page","link":"https:\/\/bodega43.com\/it\/termini-e-condizioni\/","title":{"rendered":"Termini e Condizioni"},"content":{"rendered":"<div data-elementor-type=\"wp-page\" data-elementor-id=\"1059\" data-post-id=\"1059\" data-obj-id=\"1059\" class=\"elementor elementor-1059 dce-elementor-post-1059\" data-elementor-settings=\"[]\">\n\t\t\t\t\t\t<div class=\"elementor-inner\">\n\t\t\t\t\t\t\t<div class=\"elementor-section-wrap\">\n\t\t\t\t\t\t\t<section class=\"elementor-section elementor-top-section elementor-element elementor-element-43cf023 elementor-section-height-min-height elementor-section-boxed elementor-section-height-default elementor-section-items-middle\" data-id=\"43cf023\" data-element_type=\"section\" data-settings=\"{&quot;background_background&quot;:&quot;classic&quot;}\">\n\t\t\t\t\t\t<div class=\"elementor-container elementor-column-gap-default\">\n\t\t\t\t\t\t\t<div class=\"elementor-row\">\n\t\t\t\t\t<div class=\"elementor-column elementor-col-100 elementor-top-column elementor-element elementor-element-0dbb90a\" data-id=\"0dbb90a\" data-element_type=\"column\">\n\t\t\t<div class=\"elementor-column-wrap elementor-element-populated\">\n\t\t\t\t\t\t\t<div class=\"elementor-widget-wrap\">\n\t\t\t\t\t\t<div class=\"elementor-element elementor-element-f88c9f6 dce_masking-none elementor-widget elementor-widget-image\" data-id=\"f88c9f6\" data-element_type=\"widget\" data-widget_type=\"image.default\">\n\t\t\t\t<div class=\"elementor-widget-container\">\n\t\t\t\t\t\t\t\t<div class=\"elementor-image\">\n\t\t\t\t\t\t\t\t\t\t\t\t<img loading=\"lazy\" decoding=\"async\" width=\"1\" height=\"1\" src=\"https:\/\/bodega43.com\/app\/uploads\/2021\/03\/16-layers-1.svg\" class=\"attachment-large size-large\" alt=\"\" \/>\t\t\t\t\t\t\t\t\t\t\t\t\t\t<\/div>\n\t\t\t\t\t\t<\/div>\n\t\t\t\t<\/div>\n\t\t\t\t<div class=\"elementor-element elementor-element-72a32d0 elementor-widget elementor-widget-heading\" data-id=\"72a32d0\" data-element_type=\"widget\" data-widget_type=\"heading.default\">\n\t\t\t\t<div class=\"elementor-widget-container\">\n\t\t\t<div class=\"elementor-heading-title elementor-size-default\">Termini e Condizioni<\/div>\t\t<\/div>\n\t\t\t\t<\/div>\n\t\t\t\t\t\t<\/div>\n\t\t\t\t\t<\/div>\n\t\t<\/div>\n\t\t\t\t\t\t\t\t<\/div>\n\t\t\t\t\t<\/div>\n\t\t<\/section>\n\t\t\t\t<section class=\"elementor-section elementor-top-section elementor-element elementor-element-676940d elementor-section-boxed elementor-section-height-default elementor-section-height-default\" data-id=\"676940d\" data-element_type=\"section\" data-settings=\"{&quot;background_background&quot;:&quot;classic&quot;}\">\n\t\t\t\t\t\t<div class=\"elementor-container elementor-column-gap-default\">\n\t\t\t\t\t\t\t<div class=\"elementor-row\">\n\t\t\t\t\t<div class=\"elementor-column elementor-col-100 elementor-top-column elementor-element elementor-element-855318a\" data-id=\"855318a\" data-element_type=\"column\">\n\t\t\t<div class=\"elementor-column-wrap elementor-element-populated\">\n\t\t\t\t\t\t\t<div class=\"elementor-widget-wrap\">\n\t\t\t\t\t\t<div class=\"elementor-element elementor-element-0f1d71d elementor-widget elementor-widget-heading\" data-id=\"0f1d71d\" data-element_type=\"widget\" data-widget_type=\"heading.default\">\n\t\t\t\t<div class=\"elementor-widget-container\">\n\t\t\t<h2 class=\"elementor-heading-title elementor-size-default\">Termini e Condizioni<\/h2>\t\t<\/div>\n\t\t\t\t<\/div>\n\t\t\t\t\t\t<\/div>\n\t\t\t\t\t<\/div>\n\t\t<\/div>\n\t\t\t\t\t\t\t\t<\/div>\n\t\t\t\t\t<\/div>\n\t\t<\/section>\n\t\t\t\t<section class=\"elementor-section elementor-top-section elementor-element elementor-element-cce3e68 elementor-section-boxed elementor-section-height-default elementor-section-height-default\" data-id=\"cce3e68\" data-element_type=\"section\" data-settings=\"{&quot;background_background&quot;:&quot;classic&quot;}\">\n\t\t\t\t\t\t<div class=\"elementor-container elementor-column-gap-default\">\n\t\t\t\t\t\t\t<div class=\"elementor-row\">\n\t\t\t\t\t<div class=\"elementor-column elementor-col-100 elementor-top-column elementor-element elementor-element-8d2657c\" data-id=\"8d2657c\" data-element_type=\"column\" data-settings=\"{&quot;background_background&quot;:&quot;classic&quot;}\">\n\t\t\t<div class=\"elementor-column-wrap elementor-element-populated\">\n\t\t\t\t\t\t\t<div class=\"elementor-widget-wrap\">\n\t\t\t\t\t\t<div class=\"elementor-element elementor-element-320f745 elementor-widget elementor-widget-heading\" data-id=\"320f745\" data-element_type=\"widget\" data-widget_type=\"heading.default\">\n\t\t\t\t<div class=\"elementor-widget-container\">\n\t\t\t<h2 class=\"elementor-heading-title elementor-size-default\">Termini e condizioni generali di BODEGA43<\/h2>\t\t<\/div>\n\t\t\t\t<\/div>\n\t\t\t\t<div class=\"elementor-element elementor-element-5108ed8 elementor-widget elementor-widget-text-editor\" data-id=\"5108ed8\" data-element_type=\"widget\" data-widget_type=\"text-editor.default\">\n\t\t\t\t<div class=\"elementor-widget-container\">\n\t\t\t\t\t\t\t\t<div class=\"elementor-text-editor elementor-clearfix\">\n\t\t\t\t<p>BODEGA43 International, di seguito BODEGA43, assicura che gli apparecchi forniti dal marchio stesso BODEGA43 sono realizzati con l\u2019utilizzo di materiali affidabili e prodotti con la massima cura.<\/p>\n<p>Tuttavia, nel caso in cui si verifichi un guasto a seguito di un difetto materiale o di un errore di fabbricazione entro 36 mesi dall'acquisto dell\u2019apparecchio, BODEGA43 \u00e8 pronto a riparare tali guasti senza costi aggiuntivi, tenendo conto delle disposizioni di seguito riportate. Le condizioni di garanzia si basano sulla Direttiva UE n. 99\/44\/CE. Ci\u00f2 non pregiudica i diritti legali.<\/p>\n<h4><strong>Servizio di fabbrica<\/strong><\/h4>\n<p>Il servizio di riparazione viene fornito ed eseguito da tecnici per l'assistenza di BODEGA43 o da societ\u00e0 di assistenza autorizzate da BODEGA43. In questo modo, puoi essere sicuro di ricevere le informazioni e le diagnosi pi\u00f9 professionali sul tuo prodotto BODEGA43 e che verranno utilizzate solo parti originali. Questo consente di individuare e risolvere i guasti in modo rapido ed efficiente.<\/p>\n<p>Per organizzare una riparazione contatta BODEGA43 +39 324 5873 653 o fissa un appuntamento info@bodega43.com.<\/p>\n<h4><strong>Condizioni di garanzia<\/strong><\/h4>\n<ul>\n<li>Le riparazioni possono essere eseguite in garanzia solo dietro presentazione della prova di acquisto. La garanzia decorre dalla data di consegna dell'apparecchio. La ricevuta di acquisto deve riportare chiaramente la data di acquisto e il nome del venditore. Il numero di modello e il numero di serie sono indicati sull'apparecchio. La garanzia decade se qualsiasi informazione contenuta nei suddetti documenti \u00e8 stata modificata, cancellata, rimossa o resa illeggibile.<\/li>\n<li>La garanzia si applica solo per il normale uso domestico e nel caso in cui siano state rispettate le istruzioni di installazione e funzionamento. Per uso professionale, la durata della garanzia \u00e8 limitata a 24 mesi.<\/li>\n<li>La garanzia non si applica se il guasto \u00e8 stato causato da danni a seguito di incidente, uso improprio, negligenza, normale usura, cause esterne (come elettricit\u00e0, gas, acqua, temperatura) o se gli interventi o le riparazioni sono state effettuate da fornitori di servizi non autorizzati da BODEGA43.<\/li>\n<li>La garanzia non copre i danni derivanti da un uso improprio o da difetti che non influiscono in modo significativo sul funzionamento o sul valore dell'apparecchio.<\/li>\n<li>La garanzia sar\u00e0 considerata nulla se le parti vengono sostituite con pezzi non originali.<\/li>\n<li>Tutte le parti sostituite in garanzia diventeranno di propriet\u00e0 di BODEGA43.<\/li>\n<li>Un apparecchio da incasso deve essere installato secondo le istruzioni fornite.<\/li>\n<li>Se la riparazione o la sostituzione di un apparecchio difettoso comporta costi irragionevolmente elevati o se l'apparecchio \u00e8 irreparabile, BODEGA43 offrir\u00e0 un dispositivo sostitutivo equivalente a un prezzo proporzionato al periodo di utilizzo gi\u00e0 trascorso.<\/li>\n<li>Se non viene rilevato alcun guasto, verranno addebitati i costi di servizio standard. Nessun costo sar\u00e0 rimborsato per parti non tecniche, accessori o materiali di consumo, come vetri, maniglie, lampade, parti in plastica mobili o staccabili, filtri e tubi flessibili o eventuali perdite dovute a guasto dell'apparecchio o danni consequenziali causati direttamente o indirettamente dall\u2019apparecchio. I reclami che non sono coperti da garanzia o i reclami relativi a negligenza o ad uso improprio saranno soggetti ai costi di servizio standard.<\/li>\n<\/ul>\n<p>\u00a0<\/p>\n<h4>Validit\u00e0<\/h4>\n<p>Le presenti condizioni di garanzia si applicano agli apparecchi acquistati ed installati nell'UE, nel Regno Unito o in Svizzera per le riparazioni eseguite da o per conto di BODEGA43. Se un apparecchio viene trasferito in un paese diverso da quello in cui \u00e8 stato acquistato, \u00e8 necessario effettuare controlli per accertarne la conformit\u00e0 alle norme di sicurezza e agli standard tecnici (tra cui tensione, frequenza di rete, norme di installazione, condizioni climatiche) del paese in questione. Gli apparecchi acquistati all'estero devono essere conformi agli standard e alle specifiche tecniche applicabili nel paese di installazione. Qualsiasi modifica necessaria render\u00e0 nulla la garanzia.<\/p>\n<p>BODEGA43 non \u00e8 responsabile per danni derivanti dal mancato funzionamento o dal cattivo funzionamento di un apparecchio. In tutti i casi, BODEGA43 non \u00e8 responsabile per danni che eccedano il valore della merce consegnata.<\/p>\n<p>BODEGA43 \u00e8 disponibile anche per qualsiasi domanda dopo la consegna. Per ulteriori informazioni, contattare BODEGA43 International al numero +39 324 5873 653<\/p>\t\t\t\t\t<\/div>\n\t\t\t\t\t\t<\/div>\n\t\t\t\t<\/div>\n\t\t\t\t\t\t<\/div>\n\t\t\t\t\t<\/div>\n\t\t<\/div>\n\t\t\t\t\t\t\t\t<\/div>\n\t\t\t\t\t<\/div>\n\t\t<\/section>\n\t\t\t\t\t\t<\/div>\n\t\t\t\t\t\t<\/div>\n\t\t\t\t\t<\/div>","protected":false},"excerpt":{"rendered":"<p>Algemene voorwaarden Algemene Voorwaarden Algemene Voorwaarden BODEGA43 BODEGA43 Nederland, hierna te noemen BODEGA43, staat er voor in dat door BODEGA43 geleverde apparaten van deugdelijk materiaal zijn vervaardigd en met de grootst mogelijke zorgvuldigheid is geproduceerd. Mocht zich desondanks binnen een termijn van 36 maanden na aankoop van het apparaat een\u00a0defect voordoen als gevolg van materiaal- [&hellip;]<\/p>","protected":false},"author":3,"featured_media":5863,"parent":0,"menu_order":0,"comment_status":"closed","ping_status":"open","template":"elementor_header_footer","meta":{"inline_featured_image":false,"footnotes":""},"yoast_head":"<!-- This site is optimized with the Yoast SEO plugin v22.2 - https:\/\/yoast.com\/wordpress\/plugins\/seo\/ -->\n<title>BODEGA43 General Terms and Conditions<\/title>\n<meta name=\"description\" content=\"BODEGA43 General Terms and Conditions. For information, please contact: BODEGA43 UK Ltd, tel. +44 2039 66 9192.\" \/>\n<meta name=\"robots\" content=\"index, follow, max-snippet:-1, max-image-preview:large, max-video-preview:-1\" \/>\n<link rel=\"canonical\" href=\"https:\/\/bodega43.com\/it\/termini-e-condizioni\/\" \/>\n<meta property=\"og:locale\" content=\"it_IT\" \/>\n<meta property=\"og:type\" content=\"article\" \/>\n<meta property=\"og:title\" content=\"BODEGA43 General Terms and Conditions\" \/>\n<meta property=\"og:description\" content=\"BODEGA43 General Terms and Conditions. For information, please contact: BODEGA43 UK Ltd, tel. +44 2039 66 9192.\" \/>\n<meta property=\"og:url\" content=\"https:\/\/bodega43.com\/it\/termini-e-condizioni\/\" \/>\n<meta property=\"og:site_name\" content=\"BODEGA43\" \/>\n<meta property=\"article:modified_time\" content=\"2022-06-14T12:28:41+00:00\" \/>\n<meta property=\"og:image\" content=\"https:\/\/bodega43.com\/app\/uploads\/2021\/05\/Contact-BODEGA43.png\" \/>\n\t<meta property=\"og:image:width\" content=\"400\" \/>\n\t<meta property=\"og:image:height\" content=\"260\" \/>\n\t<meta property=\"og:image:type\" content=\"image\/png\" \/>\n<meta name=\"twitter:card\" content=\"summary_large_image\" \/>\n<meta name=\"twitter:label1\" content=\"Tempo di lettura stimato\" \/>\n\t<meta name=\"twitter:data1\" content=\"4 minuti\" \/>\n<script type=\"application\/ld+json\" class=\"yoast-schema-graph\">{\"@context\":\"https:\/\/schema.org\",\"@graph\":[{\"@type\":\"WebPage\",\"@id\":\"https:\/\/bodega43.com\/nl\/algemene-voorwaarden\/\",\"url\":\"https:\/\/bodega43.com\/nl\/algemene-voorwaarden\/\",\"name\":\"BODEGA43 General Terms and Conditions\",\"isPartOf\":{\"@id\":\"https:\/\/bodega43.com\/de\/#website\"},\"primaryImageOfPage\":{\"@id\":\"https:\/\/bodega43.com\/nl\/algemene-voorwaarden\/#primaryimage\"},\"image\":{\"@id\":\"https:\/\/bodega43.com\/nl\/algemene-voorwaarden\/#primaryimage\"},\"thumbnailUrl\":\"https:\/\/bodega43.com\/app\/uploads\/2021\/05\/Contact-BODEGA43.png\",\"datePublished\":\"2019-03-10T08:04:39+00:00\",\"dateModified\":\"2022-06-14T12:28:41+00:00\",\"description\":\"BODEGA43 General Terms and Conditions. For information, please contact: BODEGA43 UK Ltd, tel. +44 2039 66 9192.\",\"breadcrumb\":{\"@id\":\"https:\/\/bodega43.com\/nl\/algemene-voorwaarden\/#breadcrumb\"},\"inLanguage\":\"it-IT\",\"potentialAction\":[{\"@type\":\"ReadAction\",\"target\":[\"https:\/\/bodega43.com\/nl\/algemene-voorwaarden\/\"]}]},{\"@type\":\"ImageObject\",\"inLanguage\":\"it-IT\",\"@id\":\"https:\/\/bodega43.com\/nl\/algemene-voorwaarden\/#primaryimage\",\"url\":\"https:\/\/bodega43.com\/app\/uploads\/2021\/05\/Contact-BODEGA43.png\",\"contentUrl\":\"https:\/\/bodega43.com\/app\/uploads\/2021\/05\/Contact-BODEGA43.png\",\"width\":400,\"height\":260,\"caption\":\"Contact BODEGA43\"},{\"@type\":\"BreadcrumbList\",\"@id\":\"https:\/\/bodega43.com\/nl\/algemene-voorwaarden\/#breadcrumb\",\"itemListElement\":[{\"@type\":\"ListItem\",\"position\":1,\"name\":\"Home\",\"item\":\"https:\/\/bodega43.com\/\"},{\"@type\":\"ListItem\",\"position\":2,\"name\":\"Algemene Voorwaarden\"}]},{\"@type\":\"WebSite\",\"@id\":\"https:\/\/bodega43.com\/de\/#website\",\"url\":\"https:\/\/bodega43.com\/de\/\",\"name\":\"BODEGA43\",\"description\":\"De beste kelder voor je wijnen\",\"potentialAction\":[{\"@type\":\"SearchAction\",\"target\":{\"@type\":\"EntryPoint\",\"urlTemplate\":\"https:\/\/bodega43.com\/de\/?s={search_term_string}\"},\"query-input\":\"required name=search_term_string\"}],\"inLanguage\":\"it-IT\"}]}<\/script>\n<!-- \/ Yoast SEO plugin. -->","yoast_head_json":{"title":"BODEGA43 General Terms and Conditions","description":"BODEGA43 General Terms and Conditions. For information, please contact: BODEGA43 UK Ltd, tel. +44 2039 66 9192.","robots":{"index":"index","follow":"follow","max-snippet":"max-snippet:-1","max-image-preview":"max-image-preview:large","max-video-preview":"max-video-preview:-1"},"canonical":"https:\/\/bodega43.com\/it\/termini-e-condizioni\/","og_locale":"it_IT","og_type":"article","og_title":"BODEGA43 General Terms and Conditions","og_description":"BODEGA43 General Terms and Conditions. For information, please contact: BODEGA43 UK Ltd, tel. +44 2039 66 9192.","og_url":"https:\/\/bodega43.com\/it\/termini-e-condizioni\/","og_site_name":"BODEGA43","article_modified_time":"2022-06-14T12:28:41+00:00","og_image":[{"width":400,"height":260,"url":"https:\/\/bodega43.com\/app\/uploads\/2021\/05\/Contact-BODEGA43.png","type":"image\/png"}],"twitter_card":"summary_large_image","twitter_misc":{"Tempo di lettura stimato":"4 minuti"},"schema":{"@context":"https:\/\/schema.org","@graph":[{"@type":"WebPage","@id":"https:\/\/bodega43.com\/nl\/algemene-voorwaarden\/","url":"https:\/\/bodega43.com\/nl\/algemene-voorwaarden\/","name":"BODEGA43 General Terms and Conditions","isPartOf":{"@id":"https:\/\/bodega43.com\/de\/#website"},"primaryImageOfPage":{"@id":"https:\/\/bodega43.com\/nl\/algemene-voorwaarden\/#primaryimage"},"image":{"@id":"https:\/\/bodega43.com\/nl\/algemene-voorwaarden\/#primaryimage"},"thumbnailUrl":"https:\/\/bodega43.com\/app\/uploads\/2021\/05\/Contact-BODEGA43.png","datePublished":"2019-03-10T08:04:39+00:00","dateModified":"2022-06-14T12:28:41+00:00","description":"BODEGA43 General Terms and Conditions. For information, please contact: BODEGA43 UK Ltd, tel. +44 2039 66 9192.","breadcrumb":{"@id":"https:\/\/bodega43.com\/nl\/algemene-voorwaarden\/#breadcrumb"},"inLanguage":"it-IT","potentialAction":[{"@type":"ReadAction","target":["https:\/\/bodega43.com\/nl\/algemene-voorwaarden\/"]}]},{"@type":"ImageObject","inLanguage":"it-IT","@id":"https:\/\/bodega43.com\/nl\/algemene-voorwaarden\/#primaryimage","url":"https:\/\/bodega43.com\/app\/uploads\/2021\/05\/Contact-BODEGA43.png","contentUrl":"https:\/\/bodega43.com\/app\/uploads\/2021\/05\/Contact-BODEGA43.png","width":400,"height":260,"caption":"Contact BODEGA43"},{"@type":"BreadcrumbList","@id":"https:\/\/bodega43.com\/nl\/algemene-voorwaarden\/#breadcrumb","itemListElement":[{"@type":"ListItem","position":1,"name":"Home","item":"https:\/\/bodega43.com\/"},{"@type":"ListItem","position":2,"name":"Algemene Voorwaarden"}]},{"@type":"WebSite","@id":"https:\/\/bodega43.com\/de\/#website","url":"https:\/\/bodega43.com\/de\/","name":"BODEGA43","description":"De beste kelder voor je wijnen","potentialAction":[{"@type":"SearchAction","target":{"@type":"EntryPoint","urlTemplate":"https:\/\/bodega43.com\/de\/?s={search_term_string}"},"query-input":"required name=search_term_string"}],"inLanguage":"it-IT"}]}},"_links":{"self":[{"href":"https:\/\/bodega43.com\/it\/wp-json\/wp\/v2\/pages\/1059"}],"collection":[{"href":"https:\/\/bodega43.com\/it\/wp-json\/wp\/v2\/pages"}],"about":[{"href":"https:\/\/bodega43.com\/it\/wp-json\/wp\/v2\/types\/page"}],"author":[{"embeddable":true,"href":"https:\/\/bodega43.com\/it\/wp-json\/wp\/v2\/users\/3"}],"replies":[{"embeddable":true,"href":"https:\/\/bodega43.com\/it\/wp-json\/wp\/v2\/comments?post=1059"}],"version-history":[{"count":20,"href":"https:\/\/bodega43.com\/it\/wp-json\/wp\/v2\/pages\/1059\/revisions"}],"predecessor-version":[{"id":7764,"href":"https:\/\/bodega43.com\/it\/wp-json\/wp\/v2\/pages\/1059\/revisions\/7764"}],"wp:featuredmedia":[{"embeddable":true,"href":"https:\/\/bodega43.com\/it\/wp-json\/wp\/v2\/media\/5863"}],"wp:attachment":[{"href":"https:\/\/bodega43.com\/it\/wp-json\/wp\/v2\/media?parent=1059"}],"curies":[{"name":"wp","href":"https:\/\/api.w.org\/{rel}","templated":true}]}}