{"id":7413,"date":"2021-11-29T15:07:57","date_gmt":"2021-11-29T15:07:57","guid":{"rendered":"https:\/\/bodega43.com\/?post_type=product&#038;p=7413"},"modified":"2026-02-19T15:06:08","modified_gmt":"2026-02-19T15:06:08","slug":"b43100-wijnklimaatkast","status":"publish","type":"product","link":"https:\/\/bodega43.com\/it\/product\/b43100-cantinetta-vino\/","title":{"rendered":"B43100 Cantinetta vino"},"content":{"rendered":"<p>Il modello B43100 \u00e8 il fiore all'occhiello della linea da incasso del marchio BODEGA43. \u00c8 un vero gioiello da poter installare in cucina o in soggiorno.<br \/>\nIl modello BODEGA43-100 offre spazio per 100 bottiglie che possono essere divise in 2 zone di temperatura completamente indipendenti. Questa versione elegante \u00e8 dotata di illuminazione a LED laterale blu in modo che tutte le bottiglie siano visibili dalle pareti laterali. In questo modo creerai un'atmosfera extra lussuosa nella tua cucina. I ripiani scorrevoli sono realizzati in legno di mogano laccato, un tipo di legno resistente che crea un aspetto caldo oltre ad uno spazio aperto per un'ottima circolazione dell'aria interna. Un filtro a carbone protegge i tuoi vini da eventuali odori indesiderati.<\/p>\n<p>Utilizzando un compressore inverter ad alta efficienza energetica, il modello B43100 ha un livello di rumorosit\u00e0 di soli 41 dB. I due strati di vetro limitano al minimo i danni provocati dalla luce UV. Un terzo strato di vetro fornisce un isolamento termico extra.<\/p>\n<p>Hai molti modelli diversi di bottiglie nella tua collezione di vini? Nessun problema con il modello B43100. La distanza tra i ripiani \u00e8 pi\u00f9 che sufficiente per riporre anche magnum e formati pi\u00f9 grandi.<\/p>\n<p>Il B43100 viene fornito di serie con una maniglia in acciaio inossidabile, ma potrai ordinare una in colore nero come accessorio.<\/p>","protected":false},"featured_media":7414,"template":"","yoast_head":"<!-- This site is optimized with the Yoast SEO plugin v22.2 - https:\/\/yoast.com\/wordpress\/plugins\/seo\/ -->\n<title>Moderne inbouw wijnklimaatkast met 2 zones BODEGA43-100<\/title>\n<meta name=\"description\" content=\"Moderne inbouw wijnklimaatkast met 2 onafhankelijke zones BODEGA43-100. Luxe uitvoering met side LED verlichting. Energiezuinig en zeer stil.\" \/>\n<meta name=\"robots\" content=\"index, follow, max-snippet:-1, max-image-preview:large, max-video-preview:-1\" \/>\n<link rel=\"canonical\" href=\"https:\/\/bodega43.com\/it\/product\/b43100-cantinetta-vino\/\" \/>\n<meta property=\"og:locale\" content=\"it_IT\" \/>\n<meta property=\"og:type\" content=\"article\" \/>\n<meta property=\"og:title\" content=\"Moderne inbouw wijnklimaatkast met 2 zones BODEGA43-100\" \/>\n<meta property=\"og:description\" content=\"Moderne inbouw wijnklimaatkast met 2 onafhankelijke zones BODEGA43-100. Luxe uitvoering met side LED verlichting. Energiezuinig en zeer stil.\" \/>\n<meta property=\"og:url\" content=\"https:\/\/bodega43.com\/it\/product\/b43100-cantinetta-vino\/\" \/>\n<meta property=\"og:site_name\" content=\"BODEGA43\" \/>\n<meta property=\"article:modified_time\" content=\"2026-02-19T15:06:08+00:00\" \/>\n<meta property=\"og:image\" content=\"https:\/\/bodega43.com\/app\/uploads\/2021\/11\/Moderne-inbouw-wijnklimaatkast.jpg\" \/>\n\t<meta property=\"og:image:width\" content=\"1000\" \/>\n\t<meta property=\"og:image:height\" content=\"2144\" \/>\n\t<meta property=\"og:image:type\" content=\"image\/jpeg\" \/>\n<meta name=\"twitter:card\" content=\"summary_large_image\" \/>\n<meta name=\"twitter:label1\" content=\"Tempo di lettura stimato\" \/>\n\t<meta name=\"twitter:data1\" content=\"2 minuti\" \/>\n<script type=\"application\/ld+json\" class=\"yoast-schema-graph\">{\"@context\":\"https:\/\/schema.org\",\"@graph\":[{\"@type\":\"WebPage\",\"@id\":\"https:\/\/bodega43.com\/product\/b43100-wijnklimaatkast\/\",\"url\":\"https:\/\/bodega43.com\/product\/b43100-wijnklimaatkast\/\",\"name\":\"Moderne inbouw wijnklimaatkast met 2 zones BODEGA43-100\",\"isPartOf\":{\"@id\":\"https:\/\/bodega43.com\/de\/#website\"},\"primaryImageOfPage\":{\"@id\":\"https:\/\/bodega43.com\/product\/b43100-wijnklimaatkast\/#primaryimage\"},\"image\":{\"@id\":\"https:\/\/bodega43.com\/product\/b43100-wijnklimaatkast\/#primaryimage\"},\"thumbnailUrl\":\"https:\/\/bodega43.com\/app\/uploads\/2021\/11\/Moderne-inbouw-wijnklimaatkast.jpg\",\"datePublished\":\"2021-11-29T15:07:57+00:00\",\"dateModified\":\"2026-02-19T15:06:08+00:00\",\"description\":\"Moderne inbouw wijnklimaatkast met 2 onafhankelijke zones BODEGA43-100. Luxe uitvoering met side LED verlichting. Energiezuinig en zeer stil.\",\"breadcrumb\":{\"@id\":\"https:\/\/bodega43.com\/product\/b43100-wijnklimaatkast\/#breadcrumb\"},\"inLanguage\":\"it-IT\",\"potentialAction\":[{\"@type\":\"ReadAction\",\"target\":[\"https:\/\/bodega43.com\/product\/b43100-wijnklimaatkast\/\"]}]},{\"@type\":\"ImageObject\",\"inLanguage\":\"it-IT\",\"@id\":\"https:\/\/bodega43.com\/product\/b43100-wijnklimaatkast\/#primaryimage\",\"url\":\"https:\/\/bodega43.com\/app\/uploads\/2021\/11\/Moderne-inbouw-wijnklimaatkast.jpg\",\"contentUrl\":\"https:\/\/bodega43.com\/app\/uploads\/2021\/11\/Moderne-inbouw-wijnklimaatkast.jpg\",\"width\":1000,\"height\":2144,\"caption\":\"Moderne inbouw wijnklimaatkast\"},{\"@type\":\"BreadcrumbList\",\"@id\":\"https:\/\/bodega43.com\/product\/b43100-wijnklimaatkast\/#breadcrumb\",\"itemListElement\":[{\"@type\":\"ListItem\",\"position\":1,\"name\":\"Home\",\"item\":\"https:\/\/bodega43.com\/\"},{\"@type\":\"ListItem\",\"position\":2,\"name\":\"B43100 Wijnklimaatkast\"}]},{\"@type\":\"WebSite\",\"@id\":\"https:\/\/bodega43.com\/de\/#website\",\"url\":\"https:\/\/bodega43.com\/de\/\",\"name\":\"BODEGA43\",\"description\":\"De beste kelder voor je wijnen\",\"potentialAction\":[{\"@type\":\"SearchAction\",\"target\":{\"@type\":\"EntryPoint\",\"urlTemplate\":\"https:\/\/bodega43.com\/de\/?s={search_term_string}\"},\"query-input\":\"required name=search_term_string\"}],\"inLanguage\":\"it-IT\"}]}<\/script>\n<!-- \/ Yoast SEO plugin. -->","yoast_head_json":{"title":"Moderne inbouw wijnklimaatkast met 2 zones BODEGA43-100","description":"Moderne inbouw wijnklimaatkast met 2 onafhankelijke zones BODEGA43-100. Luxe uitvoering met side LED verlichting. Energiezuinig en zeer stil.","robots":{"index":"index","follow":"follow","max-snippet":"max-snippet:-1","max-image-preview":"max-image-preview:large","max-video-preview":"max-video-preview:-1"},"canonical":"https:\/\/bodega43.com\/it\/product\/b43100-cantinetta-vino\/","og_locale":"it_IT","og_type":"article","og_title":"Moderne inbouw wijnklimaatkast met 2 zones BODEGA43-100","og_description":"Moderne inbouw wijnklimaatkast met 2 onafhankelijke zones BODEGA43-100. Luxe uitvoering met side LED verlichting. Energiezuinig en zeer stil.","og_url":"https:\/\/bodega43.com\/it\/product\/b43100-cantinetta-vino\/","og_site_name":"BODEGA43","article_modified_time":"2026-02-19T15:06:08+00:00","og_image":[{"width":1000,"height":2144,"url":"https:\/\/bodega43.com\/app\/uploads\/2021\/11\/Moderne-inbouw-wijnklimaatkast.jpg","type":"image\/jpeg"}],"twitter_card":"summary_large_image","twitter_misc":{"Tempo di lettura stimato":"2 minuti"},"schema":{"@context":"https:\/\/schema.org","@graph":[{"@type":"WebPage","@id":"https:\/\/bodega43.com\/product\/b43100-wijnklimaatkast\/","url":"https:\/\/bodega43.com\/product\/b43100-wijnklimaatkast\/","name":"Moderne inbouw wijnklimaatkast met 2 zones BODEGA43-100","isPartOf":{"@id":"https:\/\/bodega43.com\/de\/#website"},"primaryImageOfPage":{"@id":"https:\/\/bodega43.com\/product\/b43100-wijnklimaatkast\/#primaryimage"},"image":{"@id":"https:\/\/bodega43.com\/product\/b43100-wijnklimaatkast\/#primaryimage"},"thumbnailUrl":"https:\/\/bodega43.com\/app\/uploads\/2021\/11\/Moderne-inbouw-wijnklimaatkast.jpg","datePublished":"2021-11-29T15:07:57+00:00","dateModified":"2026-02-19T15:06:08+00:00","description":"Moderne inbouw wijnklimaatkast met 2 onafhankelijke zones BODEGA43-100. Luxe uitvoering met side LED verlichting. Energiezuinig en zeer stil.","breadcrumb":{"@id":"https:\/\/bodega43.com\/product\/b43100-wijnklimaatkast\/#breadcrumb"},"inLanguage":"it-IT","potentialAction":[{"@type":"ReadAction","target":["https:\/\/bodega43.com\/product\/b43100-wijnklimaatkast\/"]}]},{"@type":"ImageObject","inLanguage":"it-IT","@id":"https:\/\/bodega43.com\/product\/b43100-wijnklimaatkast\/#primaryimage","url":"https:\/\/bodega43.com\/app\/uploads\/2021\/11\/Moderne-inbouw-wijnklimaatkast.jpg","contentUrl":"https:\/\/bodega43.com\/app\/uploads\/2021\/11\/Moderne-inbouw-wijnklimaatkast.jpg","width":1000,"height":2144,"caption":"Moderne inbouw wijnklimaatkast"},{"@type":"BreadcrumbList","@id":"https:\/\/bodega43.com\/product\/b43100-wijnklimaatkast\/#breadcrumb","itemListElement":[{"@type":"ListItem","position":1,"name":"Home","item":"https:\/\/bodega43.com\/"},{"@type":"ListItem","position":2,"name":"B43100 Wijnklimaatkast"}]},{"@type":"WebSite","@id":"https:\/\/bodega43.com\/de\/#website","url":"https:\/\/bodega43.com\/de\/","name":"BODEGA43","description":"De beste kelder voor je wijnen","potentialAction":[{"@type":"SearchAction","target":{"@type":"EntryPoint","urlTemplate":"https:\/\/bodega43.com\/de\/?s={search_term_string}"},"query-input":"required name=search_term_string"}],"inLanguage":"it-IT"}]}},"_links":{"self":[{"href":"https:\/\/bodega43.com\/it\/wp-json\/wp\/v2\/product\/7413"}],"collection":[{"href":"https:\/\/bodega43.com\/it\/wp-json\/wp\/v2\/product"}],"about":[{"href":"https:\/\/bodega43.com\/it\/wp-json\/wp\/v2\/types\/product"}],"version-history":[{"count":9,"href":"https:\/\/bodega43.com\/it\/wp-json\/wp\/v2\/product\/7413\/revisions"}],"predecessor-version":[{"id":8630,"href":"https:\/\/bodega43.com\/it\/wp-json\/wp\/v2\/product\/7413\/revisions\/8630"}],"wp:featuredmedia":[{"embeddable":true,"href":"https:\/\/bodega43.com\/it\/wp-json\/wp\/v2\/media\/7414"}],"wp:attachment":[{"href":"https:\/\/bodega43.com\/it\/wp-json\/wp\/v2\/media?parent=7413"}],"curies":[{"name":"wp","href":"https:\/\/api.w.org\/{rel}","templated":true}]}}